{"id":63,"date":"2016-12-19T05:44:41","date_gmt":"2016-12-19T05:44:41","guid":{"rendered":"http:\/\/gei-gitterroste.de.46-4-53-222.vorschau.marketing-thom.de\/ein-vertriebsteam-ihrer-naehe\/"},"modified":"2023-06-12T06:30:53","modified_gmt":"2023-06-12T06:30:53","slug":"services-commercial-service","status":"publish","type":"page","link":"https:\/\/www.geisa.lu\/en\/leistungen\/ein-vertriebsteam-ihrer-naehe\/","title":{"rendered":"Commercial team close to You"},"content":{"rendered":"<div data-elementor-type=\"wp-page\" data-elementor-id=\"63\" class=\"elementor elementor-63\" data-elementor-post-type=\"page\">\n\t\t\t\t\t\t<section class=\"elementor-section elementor-top-section elementor-element elementor-element-6818d1b6 elementor-section-boxed elementor-section-height-default elementor-section-height-default\" data-id=\"6818d1b6\" data-element_type=\"section\" data-e-type=\"section\">\n\t\t\t\t\t\t<div class=\"elementor-container elementor-column-gap-default\">\n\t\t\t\t\t<div class=\"elementor-column elementor-col-50 elementor-top-column elementor-element elementor-element-40bfffc\" data-id=\"40bfffc\" data-element_type=\"column\" data-e-type=\"column\">\n\t\t\t<div class=\"elementor-widget-wrap elementor-element-populated\">\n\t\t\t\t\t\t<div class=\"elementor-element elementor-element-1d4553f2 elementor-widget elementor-widget-text-editor\" data-id=\"1d4553f2\" data-element_type=\"widget\" data-e-type=\"widget\" data-widget_type=\"text-editor.default\">\n\t\t\t\t<div class=\"elementor-widget-container\">\n\t\t\t\t\t\t\t\t\t<h1>Commercial team close to You<\/h1><p>GEI is a sedentary and itinerant commercial strength, attentive to your demands and needs in order to offer you the finest solution at the best price. \nIn collaboration with our design office, our gratings professionals\u2019 team will be your privileged interlocutor to guide you through your projects, from the initial contact to the implementation.<\/p>\t\t\t\t\t\t\t\t<\/div>\n\t\t\t\t<\/div>\n\t\t\t\t\t<\/div>\n\t\t<\/div>\n\t\t\t\t<div class=\"elementor-column elementor-col-50 elementor-top-column elementor-element elementor-element-009968d\" data-id=\"009968d\" data-element_type=\"column\" data-e-type=\"column\">\n\t\t\t<div class=\"elementor-widget-wrap elementor-element-populated\">\n\t\t\t\t\t\t<div class=\"elementor-element elementor-element-583cdaa elementor-widget elementor-widget-image\" data-id=\"583cdaa\" data-element_type=\"widget\" data-e-type=\"widget\" data-widget_type=\"image.default\">\n\t\t\t\t<div class=\"elementor-widget-container\">\n\t\t\t\t\t\t\t\t\t\t\t\t\t\t\t<img fetchpriority=\"high\" decoding=\"async\" width=\"392\" height=\"291\" src=\"https:\/\/www.geisa.lu\/wp-content\/uploads\/2023\/01\/historique-gei.jpg\" class=\"attachment-large size-large wp-image-5127\" alt=\"\" srcset=\"https:\/\/www.geisa.lu\/wp-content\/uploads\/2023\/01\/historique-gei.jpg 392w, https:\/\/www.geisa.lu\/wp-content\/uploads\/2023\/01\/historique-gei-300x223.jpg 300w, https:\/\/www.geisa.lu\/wp-content\/uploads\/2023\/01\/historique-gei-16x12.jpg 16w\" sizes=\"(max-width: 392px) 100vw, 392px\" \/>\t\t\t\t\t\t\t\t\t\t\t\t\t\t\t<\/div>\n\t\t\t\t<\/div>\n\t\t\t\t\t<\/div>\n\t\t<\/div>\n\t\t\t\t\t<\/div>\n\t\t<\/section>\n\t\t\t\t<\/div>","protected":false},"excerpt":{"rendered":"<p>Ein Vertriebsteam in Ihrer N\u00e4he GEI steht f\u00fcr Innen- und Au\u00dfendienstmitarbeiter, die f\u00fcr Ihre Anforderungen und Bed\u00fcrfnisse da sind, um Sie zu beraten und Ihnen die geeignetste L\u00f6sung zum besten Preis anzubieten. St\u00e4ndig um Kundenn\u00e4he sowie Reaktivit\u00e4t bem\u00fcht, haben wir europaweit dynamische und professionelle niedergelassene Mitarbeiter.<\/p>","protected":false},"author":1,"featured_media":18,"parent":2218,"menu_order":0,"comment_status":"closed","ping_status":"closed","template":"","meta":{"footnotes":""},"class_list":["post-63","page","type-page","status-publish","has-post-thumbnail","hentry"],"yoast_head":"<!-- This site is optimized with the Yoast SEO plugin v27.1.1 - https:\/\/yoast.com\/product\/yoast-seo-wordpress\/ -->\n<title>Ein Vertriebsteam in Ihrer N\u00e4he - GEI Gitterroste<\/title>\n<meta name=\"robots\" content=\"index, follow, max-snippet:-1, max-image-preview:large, max-video-preview:-1\" \/>\n<link rel=\"canonical\" href=\"https:\/\/www.geisa.lu\/en\/leistungen\/services-commercial-service\/\" \/>\n<meta property=\"og:locale\" content=\"en_GB\" \/>\n<meta property=\"og:type\" content=\"article\" \/>\n<meta property=\"og:title\" content=\"Ein Vertriebsteam in Ihrer N\u00e4he - GEI Gitterroste\" \/>\n<meta property=\"og:description\" content=\"Ein Vertriebsteam in Ihrer N\u00e4he GEI steht f\u00fcr Innen- und Au\u00dfendienstmitarbeiter, die f\u00fcr Ihre Anforderungen und Bed\u00fcrfnisse da sind, um Sie zu beraten und Ihnen die geeignetste L\u00f6sung zum besten Preis anzubieten. St\u00e4ndig um Kundenn\u00e4he sowie Reaktivit\u00e4t bem\u00fcht, haben wir europaweit dynamische und professionelle niedergelassene Mitarbeiter.\" \/>\n<meta property=\"og:url\" content=\"https:\/\/www.geisa.lu\/en\/leistungen\/services-commercial-service\/\" \/>\n<meta property=\"og:site_name\" content=\"GEI Gitterroste\" \/>\n<meta property=\"article:modified_time\" content=\"2023-06-12T06:30:53+00:00\" \/>\n<meta property=\"og:image\" content=\"https:\/\/www.geisa.lu\/wp-content\/uploads\/2016\/09\/default_images_carte-gei.jpg\" \/>\n\t<meta property=\"og:image:width\" content=\"392\" \/>\n\t<meta property=\"og:image:height\" content=\"291\" \/>\n\t<meta property=\"og:image:type\" content=\"image\/jpeg\" \/>\n<meta name=\"twitter:card\" content=\"summary_large_image\" \/>\n<meta name=\"twitter:label1\" content=\"Estimated reading time\" \/>\n\t<meta name=\"twitter:data1\" content=\"1 minute\" \/>\n<script type=\"application\/ld+json\" class=\"yoast-schema-graph\">{\"@context\":\"https:\/\/schema.org\",\"@graph\":[{\"@type\":\"WebPage\",\"@id\":\"https:\/\/www.geisa.lu\/fr\/leistungen\/service-commercial\/\",\"url\":\"https:\/\/www.geisa.lu\/fr\/leistungen\/service-commercial\/\",\"name\":\"Ein Vertriebsteam in Ihrer N\u00e4he - GEI Gitterroste\",\"isPartOf\":{\"@id\":\"https:\/\/www.geisa.lu\/en\/#website\"},\"primaryImageOfPage\":{\"@id\":\"https:\/\/www.geisa.lu\/fr\/leistungen\/service-commercial\/#primaryimage\"},\"image\":{\"@id\":\"https:\/\/www.geisa.lu\/fr\/leistungen\/service-commercial\/#primaryimage\"},\"thumbnailUrl\":\"https:\/\/www.geisa.lu\/wp-content\/uploads\/2016\/09\/default_images_carte-gei.jpg\",\"datePublished\":\"2016-12-19T05:44:41+00:00\",\"dateModified\":\"2023-06-12T06:30:53+00:00\",\"breadcrumb\":{\"@id\":\"https:\/\/www.geisa.lu\/fr\/leistungen\/service-commercial\/#breadcrumb\"},\"inLanguage\":\"en-GB\",\"potentialAction\":[{\"@type\":\"ReadAction\",\"target\":[\"https:\/\/www.geisa.lu\/fr\/leistungen\/service-commercial\/\"]}]},{\"@type\":\"ImageObject\",\"inLanguage\":\"en-GB\",\"@id\":\"https:\/\/www.geisa.lu\/fr\/leistungen\/service-commercial\/#primaryimage\",\"url\":\"https:\/\/www.geisa.lu\/wp-content\/uploads\/2016\/09\/default_images_carte-gei.jpg\",\"contentUrl\":\"https:\/\/www.geisa.lu\/wp-content\/uploads\/2016\/09\/default_images_carte-gei.jpg\",\"width\":392,\"height\":291},{\"@type\":\"BreadcrumbList\",\"@id\":\"https:\/\/www.geisa.lu\/fr\/leistungen\/service-commercial\/#breadcrumb\",\"itemListElement\":[{\"@type\":\"ListItem\",\"position\":1,\"name\":\"Startseite\",\"item\":\"https:\/\/www.geisa.lu\/en\/\"},{\"@type\":\"ListItem\",\"position\":2,\"name\":\"Leistungen\",\"item\":\"https:\/\/www.geisa.lu\/fr\/leistungen\/\"},{\"@type\":\"ListItem\",\"position\":3,\"name\":\"Ein Vertriebsteam in Ihrer N\u00e4he\"}]},{\"@type\":\"WebSite\",\"@id\":\"https:\/\/www.geisa.lu\/en\/#website\",\"url\":\"https:\/\/www.geisa.lu\/en\/\",\"name\":\"GEI Gitterroste\",\"description\":\"\",\"publisher\":{\"@id\":\"https:\/\/www.geisa.lu\/en\/#organization\"},\"potentialAction\":[{\"@type\":\"SearchAction\",\"target\":{\"@type\":\"EntryPoint\",\"urlTemplate\":\"https:\/\/www.geisa.lu\/en\/?s={search_term_string}\"},\"query-input\":{\"@type\":\"PropertyValueSpecification\",\"valueRequired\":true,\"valueName\":\"search_term_string\"}}],\"inLanguage\":\"en-GB\"},{\"@type\":\"Organization\",\"@id\":\"https:\/\/www.geisa.lu\/en\/#organization\",\"name\":\"GEI Gitterroste\",\"url\":\"https:\/\/www.geisa.lu\/en\/\",\"logo\":{\"@type\":\"ImageObject\",\"inLanguage\":\"en-GB\",\"@id\":\"https:\/\/www.geisa.lu\/en\/#\/schema\/logo\/image\/\",\"url\":\"https:\/\/www.geisa.lu\/wp-content\/uploads\/2021\/06\/gei_logo-1.svg\",\"contentUrl\":\"https:\/\/www.geisa.lu\/wp-content\/uploads\/2021\/06\/gei_logo-1.svg\",\"width\":580.6,\"height\":215.9,\"caption\":\"GEI Gitterroste\"},\"image\":{\"@id\":\"https:\/\/www.geisa.lu\/en\/#\/schema\/logo\/image\/\"}}]}<\/script>\n<!-- \/ Yoast SEO plugin. -->","yoast_head_json":{"title":"GEI \u2013 Commercial team close to you","robots":{"index":"index","follow":"follow","max-snippet":"max-snippet:-1","max-image-preview":"max-image-preview:large","max-video-preview":"max-video-preview:-1"},"canonical":"https:\/\/www.geisa.lu\/en\/leistungen\/services-commercial-service\/","og_locale":"en_GB","og_type":"article","og_title":"Ein Vertriebsteam in Ihrer N\u00e4he - GEI Gitterroste","og_description":"Ein Vertriebsteam in Ihrer N\u00e4he GEI steht f\u00fcr Innen- und Au\u00dfendienstmitarbeiter, die f\u00fcr Ihre Anforderungen und Bed\u00fcrfnisse da sind, um Sie zu beraten und Ihnen die geeignetste L\u00f6sung zum besten Preis anzubieten. St\u00e4ndig um Kundenn\u00e4he sowie Reaktivit\u00e4t bem\u00fcht, haben wir europaweit dynamische und professionelle niedergelassene Mitarbeiter.","og_url":"https:\/\/www.geisa.lu\/en\/leistungen\/services-commercial-service\/","og_site_name":"GEI Gitterroste","article_modified_time":"2023-06-12T06:30:53+00:00","og_image":[{"width":392,"height":291,"url":"https:\/\/www.geisa.lu\/wp-content\/uploads\/2016\/09\/default_images_carte-gei.jpg","type":"image\/jpeg"}],"twitter_card":"summary_large_image","twitter_misc":{"Estimated reading time":"1 minute"},"schema":{"@context":"https:\/\/schema.org","@graph":[{"@type":"WebPage","@id":"https:\/\/www.geisa.lu\/fr\/leistungen\/service-commercial\/","url":"https:\/\/www.geisa.lu\/fr\/leistungen\/service-commercial\/","name":"GEI \u2013 Commercial team close to you","isPartOf":{"@id":"https:\/\/www.geisa.lu\/en\/#website"},"primaryImageOfPage":{"@id":"https:\/\/www.geisa.lu\/fr\/leistungen\/service-commercial\/#primaryimage"},"image":{"@id":"https:\/\/www.geisa.lu\/fr\/leistungen\/service-commercial\/#primaryimage"},"thumbnailUrl":"https:\/\/www.geisa.lu\/wp-content\/uploads\/2016\/09\/default_images_carte-gei.jpg","datePublished":"2016-12-19T05:44:41+00:00","dateModified":"2023-06-12T06:30:53+00:00","breadcrumb":{"@id":"https:\/\/www.geisa.lu\/fr\/leistungen\/service-commercial\/#breadcrumb"},"inLanguage":"en-GB","potentialAction":[{"@type":"ReadAction","target":["https:\/\/www.geisa.lu\/fr\/leistungen\/service-commercial\/"]}]},{"@type":"ImageObject","inLanguage":"en-GB","@id":"https:\/\/www.geisa.lu\/fr\/leistungen\/service-commercial\/#primaryimage","url":"https:\/\/www.geisa.lu\/wp-content\/uploads\/2016\/09\/default_images_carte-gei.jpg","contentUrl":"https:\/\/www.geisa.lu\/wp-content\/uploads\/2016\/09\/default_images_carte-gei.jpg","width":392,"height":291},{"@type":"BreadcrumbList","@id":"https:\/\/www.geisa.lu\/fr\/leistungen\/service-commercial\/#breadcrumb","itemListElement":[{"@type":"ListItem","position":1,"name":"Startseite","item":"https:\/\/www.geisa.lu\/en\/"},{"@type":"ListItem","position":2,"name":"Leistungen","item":"https:\/\/www.geisa.lu\/fr\/leistungen\/"},{"@type":"ListItem","position":3,"name":"Ein Vertriebsteam in Ihrer N\u00e4he"}]},{"@type":"WebSite","@id":"https:\/\/www.geisa.lu\/en\/#website","url":"https:\/\/www.geisa.lu\/en\/","name":"GEI Gratings","description":"","publisher":{"@id":"https:\/\/www.geisa.lu\/en\/#organization"},"potentialAction":[{"@type":"SearchAction","target":{"@type":"EntryPoint","urlTemplate":"https:\/\/www.geisa.lu\/en\/?s={search_term_string}"},"query-input":{"@type":"PropertyValueSpecification","valueRequired":true,"valueName":"search_term_string"}}],"inLanguage":"en-GB"},{"@type":"Organization","@id":"https:\/\/www.geisa.lu\/en\/#organization","name":"GEI Gratings","url":"https:\/\/www.geisa.lu\/en\/","logo":{"@type":"ImageObject","inLanguage":"en-GB","@id":"https:\/\/www.geisa.lu\/en\/#\/schema\/logo\/image\/","url":"https:\/\/www.geisa.lu\/wp-content\/uploads\/2021\/06\/gei_logo-1.svg","contentUrl":"https:\/\/www.geisa.lu\/wp-content\/uploads\/2021\/06\/gei_logo-1.svg","width":580.6,"height":215.9,"caption":"GEI Gitterroste"},"image":{"@id":"https:\/\/www.geisa.lu\/en\/#\/schema\/logo\/image\/"}}]}},"_links":{"self":[{"href":"https:\/\/www.geisa.lu\/en\/wp-json\/wp\/v2\/pages\/63","targetHints":{"allow":["GET"]}}],"collection":[{"href":"https:\/\/www.geisa.lu\/en\/wp-json\/wp\/v2\/pages"}],"about":[{"href":"https:\/\/www.geisa.lu\/en\/wp-json\/wp\/v2\/types\/page"}],"author":[{"embeddable":true,"href":"https:\/\/www.geisa.lu\/en\/wp-json\/wp\/v2\/users\/1"}],"replies":[{"embeddable":true,"href":"https:\/\/www.geisa.lu\/en\/wp-json\/wp\/v2\/comments?post=63"}],"version-history":[{"count":10,"href":"https:\/\/www.geisa.lu\/en\/wp-json\/wp\/v2\/pages\/63\/revisions"}],"predecessor-version":[{"id":7322,"href":"https:\/\/www.geisa.lu\/en\/wp-json\/wp\/v2\/pages\/63\/revisions\/7322"}],"up":[{"embeddable":true,"href":"https:\/\/www.geisa.lu\/en\/wp-json\/wp\/v2\/pages\/2218"}],"wp:featuredmedia":[{"embeddable":true,"href":"https:\/\/www.geisa.lu\/en\/wp-json\/wp\/v2\/media\/18"}],"wp:attachment":[{"href":"https:\/\/www.geisa.lu\/en\/wp-json\/wp\/v2\/media?parent=63"}],"curies":[{"name":"wp","href":"https:\/\/api.w.org\/{rel}","templated":true}]}}