{"id":120,"date":"2017-02-21T15:10:12","date_gmt":"2017-02-21T15:10:12","guid":{"rendered":"http:\/\/gei-gitterroste.de.46-4-53-222.vorschau.marketing-thom.de\/karriere\/"},"modified":"2023-09-15T07:48:09","modified_gmt":"2023-09-15T07:48:09","slug":"offres-demploi","status":"publish","type":"page","link":"https:\/\/www.geisa.lu\/fr\/karriere\/","title":{"rendered":"Offres d'emploi"},"content":{"rendered":"<div data-elementor-type=\"wp-page\" data-elementor-id=\"120\" class=\"elementor elementor-120\" data-elementor-post-type=\"page\">\n\t\t\t\t\t\t<section class=\"elementor-section elementor-top-section elementor-element elementor-element-bbed58c elementor-section-boxed elementor-section-height-default elementor-section-height-default\" data-id=\"bbed58c\" data-element_type=\"section\" data-e-type=\"section\">\n\t\t\t\t\t\t<div class=\"elementor-container elementor-column-gap-default\">\n\t\t\t\t\t<div class=\"elementor-column elementor-col-100 elementor-top-column elementor-element elementor-element-4520421\" data-id=\"4520421\" data-element_type=\"column\" data-e-type=\"column\">\n\t\t\t<div class=\"elementor-widget-wrap elementor-element-populated\">\n\t\t\t\t\t\t<div class=\"elementor-element elementor-element-3016441 elementor-widget elementor-widget-heading\" data-id=\"3016441\" data-element_type=\"widget\" data-e-type=\"widget\" data-widget_type=\"heading.default\">\n\t\t\t\t<div class=\"elementor-widget-container\">\n\t\t\t\t\t<h2 class=\"elementor-heading-title elementor-size-default\">Offres d'emploi<\/h2>\t\t\t\t<\/div>\n\t\t\t\t<\/div>\n\t\t\t\t<div class=\"elementor-element elementor-element-f9933e3 elementor-widget elementor-widget-heading\" data-id=\"f9933e3\" data-element_type=\"widget\" data-e-type=\"widget\" data-widget_type=\"heading.default\">\n\t\t\t\t<div class=\"elementor-widget-container\">\n\t\t\t\t\t<style>.elementor-element-f9933e3{display:none !important}<\/style>\t\t\t\t<\/div>\n\t\t\t\t<\/div>\n\t\t\t\t<div class=\"elementor-element elementor-element-609c196 elementor-widget elementor-widget-text-editor\" data-id=\"609c196\" data-element_type=\"widget\" data-e-type=\"widget\" data-no-translation=\"\" data-widget_type=\"text-editor.default\">\n\t\t\t\t<div class=\"elementor-widget-container\">\n\t\t\t\t\t<style>.elementor-element-609c196{display:none !important}<\/style>\t\t\t\t<\/div>\n\t\t\t\t<\/div>\n\t\t\t\t\t<\/div>\n\t\t<\/div>\n\t\t\t\t\t<\/div>\n\t\t<\/section>\n\t\t\t\t<section class=\"elementor-section elementor-top-section elementor-element elementor-element-812f3c0 elementor-section-boxed elementor-section-height-default elementor-section-height-default\" data-id=\"812f3c0\" data-element_type=\"section\" data-e-type=\"section\">\n\t\t\t\t\t\t<div class=\"elementor-container elementor-column-gap-default\">\n\t\t\t\t\t<div class=\"elementor-column elementor-col-100 elementor-top-column elementor-element elementor-element-559a630\" data-id=\"559a630\" data-element_type=\"column\" data-e-type=\"column\">\n\t\t\t<div class=\"elementor-widget-wrap elementor-element-populated\">\n\t\t\t\t\t\t<div class=\"elementor-element elementor-element-14db739 elementor-widget elementor-widget-heading\" data-id=\"14db739\" data-element_type=\"widget\" data-e-type=\"widget\" data-no-translation=\"\" data-widget_type=\"heading.default\">\n\t\t\t\t<div class=\"elementor-widget-container\">\n\t\t\t\t\t<h3 class=\"elementor-heading-title elementor-size-default\">TECHNICO-COMMERCIAL S\u00c9DENTAIRE (H\/F)<\/h3>\t\t\t\t<\/div>\n\t\t\t\t<\/div>\n\t\t\t\t<div class=\"elementor-element elementor-element-dd72996 elementor-widget elementor-widget-text-editor\" data-id=\"dd72996\" data-element_type=\"widget\" data-e-type=\"widget\" data-no-translation=\"\" data-widget_type=\"text-editor.default\">\n\t\t\t\t<div class=\"elementor-widget-container\">\n\t\t\t\t\t\t\t\t\t<p>G.E.I recherche dans le cadre de son d\u00e9veloppement et pour renforcer son \u00e9quipe, un technico-commercial s\u00e9dentaire H\/F.<\/p>\t\t\t\t\t\t\t\t<\/div>\n\t\t\t\t<\/div>\n\t\t\t\t\t<\/div>\n\t\t<\/div>\n\t\t\t\t\t<\/div>\n\t\t<\/section>\n\t\t\t\t<section class=\"elementor-section elementor-top-section elementor-element elementor-element-181f163 elementor-section-boxed elementor-section-height-default elementor-section-height-default\" data-id=\"181f163\" data-element_type=\"section\" data-e-type=\"section\" data-no-translation=\"\">\n\t\t\t\t\t\t<div class=\"elementor-container elementor-column-gap-default\">\n\t\t\t\t\t<div class=\"elementor-column elementor-col-33 elementor-top-column elementor-element elementor-element-caa1317\" data-id=\"caa1317\" data-element_type=\"column\" data-e-type=\"column\">\n\t\t\t<div class=\"elementor-widget-wrap elementor-element-populated\">\n\t\t\t\t\t\t<div class=\"elementor-element elementor-element-fe87005 elementor-widget elementor-widget-text-editor\" data-id=\"fe87005\" data-element_type=\"widget\" data-e-type=\"widget\" data-widget_type=\"text-editor.default\">\n\t\t\t\t<div class=\"elementor-widget-container\">\n\t\t\t\t\t\t\t\t\t<p><strong>Vos missions :<\/strong><\/p><p>Rattach\u00e9(e) au responsable s\u00e9dentaire, au sein d\u2019une \u00e9quipe dynamique, et en relation avec les technico-commerciaux terrains itin\u00e9rants, vous avez pour missions principales de :<\/p><p>\u2013 Renseigner le client, r\u00e9pondre aux consultations, conseiller et proposer des solutions techniques, <br \/>r\u00e9aliser des offres de prix.<\/p><p>\u2013 Cr\u00e9er le contact et renforcer la relation avec les prospects et les clients.<\/p><p>\u2013 Travailler en collaboration avec votre bin\u00f4me terrain.<\/p><p>\u2013 G\u00e9rer et participer au succ\u00e8s des affaires pour une client\u00e8le tr\u00e8s diversifi\u00e9e de tous les secteurs de l\u2019industrie et du b\u00e2timent.<\/p><p>Poste bas\u00e9 \u00e0 Luxembourg.<\/p>\t\t\t\t\t\t\t\t<\/div>\n\t\t\t\t<\/div>\n\t\t\t\t\t<\/div>\n\t\t<\/div>\n\t\t\t\t<div class=\"elementor-column elementor-col-33 elementor-top-column elementor-element elementor-element-5a6baed\" data-id=\"5a6baed\" data-element_type=\"column\" data-e-type=\"column\">\n\t\t\t<div class=\"elementor-widget-wrap elementor-element-populated\">\n\t\t\t\t\t\t<div class=\"elementor-element elementor-element-69d7fb9 elementor-widget elementor-widget-text-editor\" data-id=\"69d7fb9\" data-element_type=\"widget\" data-e-type=\"widget\" data-widget_type=\"text-editor.default\">\n\t\t\t\t<div class=\"elementor-widget-container\">\n\t\t\t\t\t\t\t\t\t<p><strong>Votre profil :<\/strong><\/p><p>De formation commerciale ou technique (type BTS \u2013 Bac \u2013 Bac +2 &#8211; Bac +5), vous justifiez <br \/>id\u00e9alement d\u2019une premi\u00e8re exp\u00e9rience sur un poste similaire.<\/p><p>Un grand int\u00e9r\u00eat pour les produits techniques et une bonne aptitude commerciale vous permet de vous sentir \u00e0 l\u2019aise dans le suivi des offres commerciales et la vente des produits.<\/p><p>Vous \u00eates dynamique, autonome, rigoureux et organis\u00e9.<\/p><p>Vous poss\u00e9dez un vrai sens de l\u2019\u00e9coute et du <br \/>service client.<\/p><p>Votre esprit d\u2019\u00e9quipe et votre capacit\u00e9 d\u2019adaptation sont vos forces pour rejoindre notre soci\u00e9t\u00e9.<\/p><p>Vous avez une ma\u00eetrise des outils informatiques de base.<\/p><p>Langues : allemand et anglais souhait\u00e9s.<\/p>\t\t\t\t\t\t\t\t<\/div>\n\t\t\t\t<\/div>\n\t\t\t\t\t<\/div>\n\t\t<\/div>\n\t\t\t\t<div class=\"elementor-column elementor-col-33 elementor-top-column elementor-element elementor-element-cf4927e\" data-id=\"cf4927e\" data-element_type=\"column\" data-e-type=\"column\">\n\t\t\t<div class=\"elementor-widget-wrap elementor-element-populated\">\n\t\t\t\t\t\t<div class=\"elementor-element elementor-element-13845ec elementor-widget elementor-widget-text-editor\" data-id=\"13845ec\" data-element_type=\"widget\" data-e-type=\"widget\" data-widget_type=\"text-editor.default\">\n\t\t\t\t<div class=\"elementor-widget-container\">\n\t\t\t\t\t\t\t\t\t<p><strong>Nous vous proposons :<\/strong><\/p><p>Une r\u00e9mun\u00e9ration motivante (fixe + prime).<\/p><p>Un travail dans une entreprise en pleine croissance qui souhaite aller de l\u2019avant \u00e0 la conqu\u00eate de nouvelles parts de march\u00e9.<\/p><p>Une formation interne, un appui constant au sein d\u2019une \u00e9quipe jeune et dynamique.<\/p>\t\t\t\t\t\t\t\t<\/div>\n\t\t\t\t<\/div>\n\t\t\t\t<div class=\"elementor-element elementor-element-7557275 elementor-widget elementor-widget-text-editor\" data-id=\"7557275\" data-element_type=\"widget\" data-e-type=\"widget\" data-widget_type=\"text-editor.default\">\n\t\t\t\t<div class=\"elementor-widget-container\">\n\t\t\t\t\t\t\t\t\t<p><strong>Int\u00e9ress\u00e9 par ce nouveau d\u00e9fi :<\/strong><\/p>\t\t\t\t\t\t\t\t<\/div>\n\t\t\t\t<\/div>\n\t\t\t\t<div class=\"elementor-element elementor-element-3dced6b elementor-widget elementor-widget-text-editor\" data-id=\"3dced6b\" data-element_type=\"widget\" data-e-type=\"widget\" data-widget_type=\"text-editor.default\">\n\t\t\t\t<div class=\"elementor-widget-container\">\n\t\t\t\t\t\t\t\t\t<p>Adressez-nous sans tarder votre CV ainsi qu&#8217;une lettre de motivation sous la r\u00e9f\u00e9rence &#8222;Technico-commercial s\u00e9dentaire&#8220; sur notre mail gei@geisa.lu.<\/p>\t\t\t\t\t\t\t\t<\/div>\n\t\t\t\t<\/div>\n\t\t\t\t\t<\/div>\n\t\t<\/div>\n\t\t\t\t\t<\/div>\n\t\t<\/section>\n\t\t\t\t<section class=\"elementor-section elementor-top-section elementor-element elementor-element-53b6e3d elementor-section-boxed elementor-section-height-default elementor-section-height-default\" data-id=\"53b6e3d\" data-element_type=\"section\" data-e-type=\"section\">\n\t\t\t\t\t\t<div class=\"elementor-container elementor-column-gap-default\">\n\t\t\t\t\t<div class=\"elementor-column elementor-col-100 elementor-top-column elementor-element elementor-element-0cc26dd\" data-id=\"0cc26dd\" data-element_type=\"column\" data-e-type=\"column\">\n\t\t\t<div class=\"elementor-widget-wrap elementor-element-populated\">\n\t\t\t\t\t\t<div class=\"elementor-element elementor-element-760cafc elementor-widget-divider--view-line elementor-widget elementor-widget-divider\" data-id=\"760cafc\" data-element_type=\"widget\" data-e-type=\"widget\" data-widget_type=\"divider.default\">\n\t\t\t\t<div class=\"elementor-widget-container\">\n\t\t\t\t\t\t\t<div class=\"elementor-divider\">\n\t\t\t<span class=\"elementor-divider-separator\">\n\t\t\t\t\t\t<\/span>\n\t\t<\/div>\n\t\t\t\t\t\t<\/div>\n\t\t\t\t<\/div>\n\t\t\t\t\t<\/div>\n\t\t<\/div>\n\t\t\t\t\t<\/div>\n\t\t<\/section>\n\t\t\t\t<section class=\"elementor-section elementor-top-section elementor-element elementor-element-bbc6bcc elementor-section-boxed elementor-section-height-default elementor-section-height-default\" data-id=\"bbc6bcc\" data-element_type=\"section\" data-e-type=\"section\" data-no-translation=\"\">\n\t\t\t\t\t\t<div class=\"elementor-container elementor-column-gap-default\">\n\t\t\t\t\t<div class=\"elementor-column elementor-col-100 elementor-top-column elementor-element elementor-element-e3dc416\" data-id=\"e3dc416\" data-element_type=\"column\" data-e-type=\"column\">\n\t\t\t<div class=\"elementor-widget-wrap elementor-element-populated\">\n\t\t\t\t\t\t<div class=\"elementor-element elementor-element-69283e6 elementor-widget elementor-widget-heading\" data-id=\"69283e6\" data-element_type=\"widget\" data-e-type=\"widget\" data-no-translation=\"\" data-widget_type=\"heading.default\">\n\t\t\t\t<div class=\"elementor-widget-container\">\n\t\t\t\t\t<h3 class=\"elementor-heading-title elementor-size-default\">TECHNICIEN BUREAU D\u2019\u00c9TUDES (H\/F)<\/h3>\t\t\t\t<\/div>\n\t\t\t\t<\/div>\n\t\t\t\t<div class=\"elementor-element elementor-element-6537c9d elementor-widget elementor-widget-text-editor\" data-id=\"6537c9d\" data-element_type=\"widget\" data-e-type=\"widget\" data-no-translation=\"\" data-widget_type=\"text-editor.default\">\n\t\t\t\t<div class=\"elementor-widget-container\">\n\t\t\t\t\t\t\t\t\t<p>G.E.I recherche dans le cadre de son d\u00e9veloppement et pour renforcer son \u00e9quipe, un technicien bureau d&#8217;\u00e9tudes H\/F.<\/p>\t\t\t\t\t\t\t\t<\/div>\n\t\t\t\t<\/div>\n\t\t\t\t\t<\/div>\n\t\t<\/div>\n\t\t\t\t\t<\/div>\n\t\t<\/section>\n\t\t\t\t<section class=\"elementor-section elementor-top-section elementor-element elementor-element-1d9f175 elementor-section-boxed elementor-section-height-default elementor-section-height-default\" data-id=\"1d9f175\" data-element_type=\"section\" data-e-type=\"section\" data-no-translation=\"\">\n\t\t\t\t\t\t<div class=\"elementor-container elementor-column-gap-default\">\n\t\t\t\t\t<div class=\"elementor-column elementor-col-33 elementor-top-column elementor-element elementor-element-530ea5e\" data-id=\"530ea5e\" data-element_type=\"column\" data-e-type=\"column\">\n\t\t\t<div class=\"elementor-widget-wrap elementor-element-populated\">\n\t\t\t\t\t\t<div class=\"elementor-element elementor-element-2188ead elementor-widget elementor-widget-text-editor\" data-id=\"2188ead\" data-element_type=\"widget\" data-e-type=\"widget\" data-widget_type=\"text-editor.default\">\n\t\t\t\t<div class=\"elementor-widget-container\">\n\t\t\t\t\t\t\t\t\t<p><strong>Vos missions :<\/strong><\/p><p>Au sein d\u2019une \u00e9quipe dynamique, et en relation avec les technico-commerciaux s\u00e9dentaires, vous avez pour missions principales de :<\/p><p>\u2013 \u00c9tablir les \u00e9tudes techniques et la faisabilit\u00e9 des projets pour le client.<\/p><p>\u2013 R\u00e9aliser des plans (Autocad) des fiches <br \/>techniques, et des notes de calcul.<\/p><p>\u2013 Assurer un support technique aupr\u00e8s des \u00e9quipes terrains et s\u00e9dentaires.<\/p><p>\u2013 G\u00e9rer et participer au succ\u00e8s des affaires pour une client\u00e8le tr\u00e8s diversifi\u00e9e de tous les secteurs de l\u2019industrie et du b\u00e2timent.<\/p><p>Poste bas\u00e9 \u00e0 Luxembourg.<\/p>\t\t\t\t\t\t\t\t<\/div>\n\t\t\t\t<\/div>\n\t\t\t\t\t<\/div>\n\t\t<\/div>\n\t\t\t\t<div class=\"elementor-column elementor-col-33 elementor-top-column elementor-element elementor-element-9e5961d\" data-id=\"9e5961d\" data-element_type=\"column\" data-e-type=\"column\">\n\t\t\t<div class=\"elementor-widget-wrap elementor-element-populated\">\n\t\t\t\t\t\t<div class=\"elementor-element elementor-element-912be25 elementor-widget elementor-widget-text-editor\" data-id=\"912be25\" data-element_type=\"widget\" data-e-type=\"widget\" data-widget_type=\"text-editor.default\">\n\t\t\t\t<div class=\"elementor-widget-container\">\n\t\t\t\t\t\t\t\t\t<p><strong>Votre profil :<\/strong><\/p><p>De formation technique (BAC \/ BAC +2 <br \/>Dessinateur industriel), vous justifiez id\u00e9alement d\u2019une exp\u00e9rience de 2 \u00e0 3 ans sur un poste similaire.<\/p><p>Vous \u00eates autonome et savez prendre du recul dans la gestion des dossiers.<\/p><p>Vous poss\u00e9dez un vrai sens de l\u2019\u00e9coute et du <br \/>service client.<\/p><p>Votre esprit d\u2019\u00e9quipe et votre capacit\u00e9 d\u2019adaptation sont vos forces pour rejoindre notre soci\u00e9t\u00e9.<\/p><p>Langues : allemand et anglais souhait\u00e9s.<\/p>\t\t\t\t\t\t\t\t<\/div>\n\t\t\t\t<\/div>\n\t\t\t\t\t<\/div>\n\t\t<\/div>\n\t\t\t\t<div class=\"elementor-column elementor-col-33 elementor-top-column elementor-element elementor-element-93981f3\" data-id=\"93981f3\" data-element_type=\"column\" data-e-type=\"column\">\n\t\t\t<div class=\"elementor-widget-wrap elementor-element-populated\">\n\t\t\t\t\t\t<div class=\"elementor-element elementor-element-0051940 elementor-widget elementor-widget-text-editor\" data-id=\"0051940\" data-element_type=\"widget\" data-e-type=\"widget\" data-widget_type=\"text-editor.default\">\n\t\t\t\t<div class=\"elementor-widget-container\">\n\t\t\t\t\t\t\t\t\t<p><strong>Nous vous proposons :<\/strong><\/p><p>\u2013 Une r\u00e9mun\u00e9ration attractive selon votre exp\u00e9rience<\/p><p>\u2013 Une formation continue pour \u00e9voluer au sein de l\u2019entreprise<\/p>\t\t\t\t\t\t\t\t<\/div>\n\t\t\t\t<\/div>\n\t\t\t\t<div class=\"elementor-element elementor-element-3d4f355 elementor-widget elementor-widget-text-editor\" data-id=\"3d4f355\" data-element_type=\"widget\" data-e-type=\"widget\" data-widget_type=\"text-editor.default\">\n\t\t\t\t<div class=\"elementor-widget-container\">\n\t\t\t\t\t\t\t\t\t<p><strong>Int\u00e9ress\u00e9 par ce nouveau d\u00e9fi :<\/strong><\/p>\t\t\t\t\t\t\t\t<\/div>\n\t\t\t\t<\/div>\n\t\t\t\t<div class=\"elementor-element elementor-element-7cb7782 elementor-widget elementor-widget-text-editor\" data-id=\"7cb7782\" data-element_type=\"widget\" data-e-type=\"widget\" data-widget_type=\"text-editor.default\">\n\t\t\t\t<div class=\"elementor-widget-container\">\n\t\t\t\t\t\t\t\t\t<p>Adressez-nous sans tarder votre CV ainsi qu&#8217;une lettre de motivation sous la r\u00e9f\u00e9rence &#8222;Technicien bureau d&#8217;\u00e9tudes&#8220; sur notre mail <a href=\"mailto:gei@geisa.lu\" data-wplink-edit=\"true\">gei@geisa.lu<\/a>.<\/p>\t\t\t\t\t\t\t\t<\/div>\n\t\t\t\t<\/div>\n\t\t\t\t\t<\/div>\n\t\t<\/div>\n\t\t\t\t\t<\/div>\n\t\t<\/section>\n\t\t\t\t<\/div>","protected":false},"excerpt":{"rendered":"<p>Offres d&#8217;emploi G.E.I is a dynamic company of the group JK which is active in the field of gratings throughout Europe. Your tasks: \u2013 With the additional specialist knowledge you have acquired with us, you will become a competent contact and advisor for our customers. \u2013 You create offers and the corresponding nomenclatures according to [&hellip;]<\/p>\n","protected":false},"author":1,"featured_media":0,"parent":0,"menu_order":0,"comment_status":"closed","ping_status":"closed","template":"","meta":{"footnotes":""},"class_list":["post-120","page","type-page","status-publish","hentry"],"yoast_head":"<!-- This site is optimized with the Yoast SEO plugin v27.1.1 - https:\/\/yoast.com\/product\/yoast-seo-wordpress\/ -->\n<title>Karriere - GEI Gitterroste - Werden Sie Teil des Teams<\/title>\n<meta name=\"description\" content=\"Karriere bei GEI bietet Ihnen verschiedene M\u00f6glichkeiten. Entdecken Sie hier unsere Stellenangebote und starten Sie Ihre Karriere heute.\" \/>\n<meta name=\"robots\" content=\"index, follow, max-snippet:-1, max-image-preview:large, max-video-preview:-1\" \/>\n<link rel=\"canonical\" href=\"https:\/\/www.geisa.lu\/fr\/offres-demploi\/\" \/>\n<meta property=\"og:locale\" content=\"fr_FR\" \/>\n<meta property=\"og:type\" content=\"article\" \/>\n<meta property=\"og:title\" content=\"Karriere - GEI Gitterroste - Werden Sie Teil des Teams\" \/>\n<meta property=\"og:description\" content=\"Karriere bei GEI bietet Ihnen verschiedene M\u00f6glichkeiten. Entdecken Sie hier unsere Stellenangebote und starten Sie Ihre Karriere heute.\" \/>\n<meta property=\"og:url\" content=\"https:\/\/www.geisa.lu\/fr\/offres-demploi\/\" \/>\n<meta property=\"og:site_name\" content=\"GEI Gitterroste\" \/>\n<meta property=\"article:modified_time\" content=\"2023-09-15T07:48:09+00:00\" \/>\n<meta name=\"twitter:card\" content=\"summary_large_image\" \/>\n<meta name=\"twitter:label1\" content=\"Dur\u00e9e de lecture estim\u00e9e\" \/>\n\t<meta name=\"twitter:data1\" content=\"4 minutes\" \/>\n<script type=\"application\/ld+json\" class=\"yoast-schema-graph\">{\"@context\":\"https:\/\/schema.org\",\"@graph\":[{\"@type\":\"WebPage\",\"@id\":\"https:\/\/www.geisa.lu\/nl\/karriere\/\",\"url\":\"https:\/\/www.geisa.lu\/nl\/karriere\/\",\"name\":\"Karriere - GEI Gitterroste - Werden Sie Teil des Teams\",\"isPartOf\":{\"@id\":\"https:\/\/www.geisa.lu\/en\/#website\"},\"datePublished\":\"2017-02-21T15:10:12+00:00\",\"dateModified\":\"2023-09-15T07:48:09+00:00\",\"description\":\"Karriere bei GEI bietet Ihnen verschiedene M\u00f6glichkeiten. Entdecken Sie hier unsere Stellenangebote und starten Sie Ihre Karriere heute.\",\"breadcrumb\":{\"@id\":\"https:\/\/www.geisa.lu\/nl\/karriere\/#breadcrumb\"},\"inLanguage\":\"fr-FR\",\"potentialAction\":[{\"@type\":\"ReadAction\",\"target\":[\"https:\/\/www.geisa.lu\/nl\/karriere\/\"]}]},{\"@type\":\"BreadcrumbList\",\"@id\":\"https:\/\/www.geisa.lu\/nl\/karriere\/#breadcrumb\",\"itemListElement\":[{\"@type\":\"ListItem\",\"position\":1,\"name\":\"Startseite\",\"item\":\"https:\/\/www.geisa.lu\/en\/\"},{\"@type\":\"ListItem\",\"position\":2,\"name\":\"Karriere\"}]},{\"@type\":\"WebSite\",\"@id\":\"https:\/\/www.geisa.lu\/en\/#website\",\"url\":\"https:\/\/www.geisa.lu\/en\/\",\"name\":\"GEI Gitterroste\",\"description\":\"\",\"publisher\":{\"@id\":\"https:\/\/www.geisa.lu\/en\/#organization\"},\"potentialAction\":[{\"@type\":\"SearchAction\",\"target\":{\"@type\":\"EntryPoint\",\"urlTemplate\":\"https:\/\/www.geisa.lu\/en\/?s={search_term_string}\"},\"query-input\":{\"@type\":\"PropertyValueSpecification\",\"valueRequired\":true,\"valueName\":\"search_term_string\"}}],\"inLanguage\":\"fr-FR\"},{\"@type\":\"Organization\",\"@id\":\"https:\/\/www.geisa.lu\/en\/#organization\",\"name\":\"GEI Gitterroste\",\"url\":\"https:\/\/www.geisa.lu\/en\/\",\"logo\":{\"@type\":\"ImageObject\",\"inLanguage\":\"fr-FR\",\"@id\":\"https:\/\/www.geisa.lu\/en\/#\/schema\/logo\/image\/\",\"url\":\"https:\/\/www.geisa.lu\/wp-content\/uploads\/2021\/06\/gei_logo-1.svg\",\"contentUrl\":\"https:\/\/www.geisa.lu\/wp-content\/uploads\/2021\/06\/gei_logo-1.svg\",\"width\":580.6,\"height\":215.9,\"caption\":\"GEI Gitterroste\"},\"image\":{\"@id\":\"https:\/\/www.geisa.lu\/en\/#\/schema\/logo\/image\/\"}}]}<\/script>\n<!-- \/ Yoast SEO plugin. -->","yoast_head_json":{"title":"GEI \u2013 Offres d'emploi","description":"Karriere bei GEI bietet Ihnen verschiedene M\u00f6glichkeiten. Entdecken Sie hier unsere Stellenangebote und starten Sie Ihre Karriere heute.","robots":{"index":"index","follow":"follow","max-snippet":"max-snippet:-1","max-image-preview":"max-image-preview:large","max-video-preview":"max-video-preview:-1"},"canonical":"https:\/\/www.geisa.lu\/fr\/offres-demploi\/","og_locale":"fr_FR","og_type":"article","og_title":"Karriere - GEI Gitterroste - Werden Sie Teil des Teams","og_description":"Karriere bei GEI bietet Ihnen verschiedene M\u00f6glichkeiten. Entdecken Sie hier unsere Stellenangebote und starten Sie Ihre Karriere heute.","og_url":"https:\/\/www.geisa.lu\/fr\/offres-demploi\/","og_site_name":"GEI Gitterroste","article_modified_time":"2023-09-15T07:48:09+00:00","twitter_card":"summary_large_image","twitter_misc":{"Dur\u00e9e de lecture estim\u00e9e":"4 minutes"},"schema":{"@context":"https:\/\/schema.org","@graph":[{"@type":"WebPage","@id":"https:\/\/www.geisa.lu\/nl\/karriere\/","url":"https:\/\/www.geisa.lu\/nl\/karriere\/","name":"GEI \u2013 Offres d'emploi","isPartOf":{"@id":"https:\/\/www.geisa.lu\/en\/#website"},"datePublished":"2017-02-21T15:10:12+00:00","dateModified":"2023-09-15T07:48:09+00:00","description":"Karriere bei GEI bietet Ihnen verschiedene M\u00f6glichkeiten. Entdecken Sie hier unsere Stellenangebote und starten Sie Ihre Karriere heute.","breadcrumb":{"@id":"https:\/\/www.geisa.lu\/nl\/karriere\/#breadcrumb"},"inLanguage":"fr-FR","potentialAction":[{"@type":"ReadAction","target":["https:\/\/www.geisa.lu\/nl\/karriere\/"]}]},{"@type":"BreadcrumbList","@id":"https:\/\/www.geisa.lu\/nl\/karriere\/#breadcrumb","itemListElement":[{"@type":"ListItem","position":1,"name":"Startseite","item":"https:\/\/www.geisa.lu\/en\/"},{"@type":"ListItem","position":2,"name":"Karriere"}]},{"@type":"WebSite","@id":"https:\/\/www.geisa.lu\/en\/#website","url":"https:\/\/www.geisa.lu\/en\/","name":"Caillebotis","description":"","publisher":{"@id":"https:\/\/www.geisa.lu\/en\/#organization"},"potentialAction":[{"@type":"SearchAction","target":{"@type":"EntryPoint","urlTemplate":"https:\/\/www.geisa.lu\/en\/?s={search_term_string}"},"query-input":{"@type":"PropertyValueSpecification","valueRequired":true,"valueName":"search_term_string"}}],"inLanguage":"fr-FR"},{"@type":"Organization","@id":"https:\/\/www.geisa.lu\/en\/#organization","name":"Caillebotis","url":"https:\/\/www.geisa.lu\/en\/","logo":{"@type":"ImageObject","inLanguage":"fr-FR","@id":"https:\/\/www.geisa.lu\/en\/#\/schema\/logo\/image\/","url":"https:\/\/www.geisa.lu\/wp-content\/uploads\/2021\/06\/gei_logo-1.svg","contentUrl":"https:\/\/www.geisa.lu\/wp-content\/uploads\/2021\/06\/gei_logo-1.svg","width":580.6,"height":215.9,"caption":"GEI Gitterroste"},"image":{"@id":"https:\/\/www.geisa.lu\/en\/#\/schema\/logo\/image\/"}}]}},"_links":{"self":[{"href":"https:\/\/www.geisa.lu\/fr\/wp-json\/wp\/v2\/pages\/120","targetHints":{"allow":["GET"]}}],"collection":[{"href":"https:\/\/www.geisa.lu\/fr\/wp-json\/wp\/v2\/pages"}],"about":[{"href":"https:\/\/www.geisa.lu\/fr\/wp-json\/wp\/v2\/types\/page"}],"author":[{"embeddable":true,"href":"https:\/\/www.geisa.lu\/fr\/wp-json\/wp\/v2\/users\/1"}],"replies":[{"embeddable":true,"href":"https:\/\/www.geisa.lu\/fr\/wp-json\/wp\/v2\/comments?post=120"}],"version-history":[{"count":133,"href":"https:\/\/www.geisa.lu\/fr\/wp-json\/wp\/v2\/pages\/120\/revisions"}],"predecessor-version":[{"id":8449,"href":"https:\/\/www.geisa.lu\/fr\/wp-json\/wp\/v2\/pages\/120\/revisions\/8449"}],"wp:attachment":[{"href":"https:\/\/www.geisa.lu\/fr\/wp-json\/wp\/v2\/media?parent=120"}],"curies":[{"name":"wp","href":"https:\/\/api.w.org\/{rel}","templated":true}]}}