{"id":2373,"date":"2021-09-20T13:39:06","date_gmt":"2021-09-20T13:39:06","guid":{"rendered":"http:\/\/gei-gitterroste.de.46-4-53-222.vorschau.marketing-thom.de\/?page_id=2373"},"modified":"2026-02-12T08:47:08","modified_gmt":"2026-02-12T08:47:08","slug":"download","status":"publish","type":"page","link":"https:\/\/www.geisa.lu\/fr\/download\/","title":{"rendered":"Download"},"content":{"rendered":"<div data-elementor-type=\"wp-page\" data-elementor-id=\"2373\" class=\"elementor elementor-2373\" data-elementor-post-type=\"page\">\n\t\t\t\t\t\t<section class=\"elementor-section elementor-top-section elementor-element elementor-element-b57c0f5 elementor-section-boxed elementor-section-height-default elementor-section-height-default\" data-id=\"b57c0f5\" data-element_type=\"section\" data-e-type=\"section\">\n\t\t\t\t\t\t<div class=\"elementor-container elementor-column-gap-default\">\n\t\t\t\t\t<div class=\"elementor-column elementor-col-100 elementor-top-column elementor-element elementor-element-be7d7e1\" data-id=\"be7d7e1\" data-element_type=\"column\" data-e-type=\"column\">\n\t\t\t<div class=\"elementor-widget-wrap elementor-element-populated\">\n\t\t\t\t\t\t<div class=\"elementor-element elementor-element-65ce854 elementor-widget elementor-widget-text-editor\" data-id=\"65ce854\" data-element_type=\"widget\" data-e-type=\"widget\" data-widget_type=\"text-editor.default\">\n\t\t\t\t<div class=\"elementor-widget-container\">\n\t\t\t\t\t\t\t\t\t<p>\t\t<div data-elementor-type=\"page\" data-elementor-id=\"6200\" class=\"elementor elementor-6200\" data-elementor-post-type=\"elementor_library\">\n\t\t\t\t\t\t<section class=\"elementor-section elementor-top-section elementor-element elementor-element-d5ebeb1 elementor-section-boxed elementor-section-height-default elementor-section-height-default\" data-id=\"d5ebeb1\" data-element_type=\"section\" data-e-type=\"section\">\n\t\t\t\t\t\t<div class=\"elementor-container elementor-column-gap-default\">\n\t\t\t\t\t<div class=\"elementor-column elementor-col-100 elementor-top-column elementor-element elementor-element-65ca96e\" data-id=\"65ca96e\" data-element_type=\"column\" data-e-type=\"column\">\n\t\t\t<div class=\"elementor-widget-wrap elementor-element-populated\">\n\t\t\t\t\t\t<div class=\"elementor-element elementor-element-e506ed0 elementor-widget elementor-widget-image\" data-id=\"e506ed0\" data-element_type=\"widget\" data-e-type=\"widget\" data-widget_type=\"image.default\">\n\t\t\t\t<div class=\"elementor-widget-container\">\n\t\t\t\t\t\t\t\t\t\t\t\t\t\t\t<img fetchpriority=\"high\" decoding=\"async\" width=\"1200\" height=\"439\" src=\"https:\/\/www.geisa.lu\/wp-content\/uploads\/2023\/03\/image-header-brochures-gei.jpg\" class=\"attachment-full size-full wp-image-6239\" alt=\"\" srcset=\"https:\/\/www.geisa.lu\/wp-content\/uploads\/2023\/03\/image-header-brochures-gei.jpg 1200w, https:\/\/www.geisa.lu\/wp-content\/uploads\/2023\/03\/image-header-brochures-gei-300x110.jpg 300w, https:\/\/www.geisa.lu\/wp-content\/uploads\/2023\/03\/image-header-brochures-gei-1024x375.jpg 1024w, https:\/\/www.geisa.lu\/wp-content\/uploads\/2023\/03\/image-header-brochures-gei-768x281.jpg 768w, https:\/\/www.geisa.lu\/wp-content\/uploads\/2023\/03\/image-header-brochures-gei-18x7.jpg 18w, https:\/\/www.geisa.lu\/wp-content\/uploads\/2023\/03\/image-header-brochures-gei-600x220.jpg 600w\" sizes=\"(max-width: 1200px) 100vw, 1200px\" \/>\t\t\t\t\t\t\t\t\t\t\t\t\t\t\t<\/div>\n\t\t\t\t<\/div>\n\t\t\t\t\t<\/div>\n\t\t<\/div>\n\t\t\t\t\t<\/div>\n\t\t<\/section>\n\t\t\t\t<section class=\"elementor-section elementor-top-section elementor-element elementor-element-ec97de0 elementor-section-boxed elementor-section-height-default elementor-section-height-default\" data-id=\"ec97de0\" data-element_type=\"section\" data-e-type=\"section\">\n\t\t\t\t\t\t<div class=\"elementor-container elementor-column-gap-default\">\n\t\t\t\t\t<div class=\"elementor-column elementor-col-50 elementor-top-column elementor-element elementor-element-79bb0e5\" data-id=\"79bb0e5\" data-element_type=\"column\" data-e-type=\"column\">\n\t\t\t<div class=\"elementor-widget-wrap elementor-element-populated\">\n\t\t\t\t\t\t<div class=\"elementor-element elementor-element-de3b853 elementor-widget elementor-widget-heading\" data-id=\"de3b853\" data-element_type=\"widget\" data-e-type=\"widget\" data-widget_type=\"heading.default\">\n\t\t\t\t<div class=\"elementor-widget-container\">\n\t\t\t\t\t<h2 class=\"elementor-heading-title elementor-size-default\">Brochures<\/h2>\t\t\t\t<\/div>\n\t\t\t\t<\/div>\n\t\t\t\t<div class=\"elementor-element elementor-element-2321337 elementor-widget elementor-widget-text-editor\" data-id=\"2321337\" data-element_type=\"widget\" data-e-type=\"widget\" data-no-translation=\"\" data-widget_type=\"text-editor.default\">\n\t\t\t\t<div class=\"elementor-widget-container\">\n\t\t\t\t\t\t\t\t\t<p><a href=\"https:\/\/www.geisa.lu\/wp-content\/uploads\/2023\/03\/gei-fr_-low_v0211.pdf\">Brochure g\u00e9n\u00e9rale<\/a><\/p><p><a href=\"https:\/\/www.geisa.lu\/wp-content\/uploads\/2024\/02\/Programme-de-stock.pdf\">Programme de stock<\/a><\/p><p><a href=\"https:\/\/www.geisa.lu\/wp-content\/uploads\/2023\/06\/Polyester-FR.pdf\">Caillebotis polyester\u00a0<\/a><\/p><p><a href=\"https:\/\/www.geisa.lu\/wp-content\/uploads\/2026\/02\/GEIFR-Brochure-Structure_polyester.pdf\">Structure polyester<\/a><\/p><p><a href=\"https:\/\/www.geisa.lu\/wp-content\/uploads\/2023\/06\/Garde-Corps-Polyester-GEI_FR-1.pdf\">Garde-corps polyester<\/a><\/p><p><a href=\"https:\/\/www.geisa.lu\/wp-content\/uploads\/2023\/06\/Feuillet-etancheurs-GEI-E1-FR.pdf\">Seuil de porte PMR polyester<\/a><\/p><p><a href=\"https:\/\/www.geisa.lu\/wp-content\/uploads\/2023\/03\/brochure_grilles_de_securite_version_gei_indice_b_30-7-14_fr_compresse_v0211.pdf\">Grilles de s\u00e9curit\u00e9<\/a><\/p><p><a href=\"https:\/\/www.geisa.lu\/wp-content\/uploads\/2023\/06\/Grilles-PMR-GEI-E1-2023-FR.pdf\">Grilles PS-PMR<\/a><\/p><p><a href=\"https:\/\/www.geisa.lu\/wp-content\/uploads\/2023\/06\/Supports-PSPMR-GEI-E1-2023-FR.pdf\">Supports PS-PMR<\/a><\/p><p><a href=\"https:\/\/www.geisa.lu\/wp-content\/uploads\/2023\/06\/Brochure-Rayonnage-GEI-FR.pdf\">Rayonnage<\/a><\/p><p><a href=\"https:\/\/www.geisa.lu\/wp-content\/uploads\/2023\/03\/gei_escalier_16p_imp_fr_compresse_v0211.pdf\">Escaliers h\u00e9lico\u00efdaux<\/a><\/p><p><a href=\"https:\/\/www.geisa.lu\/wp-content\/uploads\/2023\/03\/20180522-gei-brochure-caoutchouc-2018-fr_v0211.pdf\">Caillebotis caoutchouc<\/a><\/p>\t\t\t\t\t\t\t\t<\/div>\n\t\t\t\t<\/div>\n\t\t\t\t<div class=\"elementor-element elementor-element-627f67a elementor-widget elementor-widget-text-editor\" data-id=\"627f67a\" data-element_type=\"widget\" data-e-type=\"widget\" data-no-translation=\"\" data-widget_type=\"text-editor.default\">\n\t\t\t\t<div class=\"elementor-widget-container\">\n\t\t\t\t\t<style>.elementor-element-627f67a{display:none !important}<\/style>\t\t\t\t<\/div>\n\t\t\t\t<\/div>\n\t\t\t\t<div class=\"elementor-element elementor-element-45af1b6 elementor-widget elementor-widget-text-editor\" data-id=\"45af1b6\" data-element_type=\"widget\" data-e-type=\"widget\" data-no-translation=\"\" data-widget_type=\"text-editor.default\">\n\t\t\t\t<div class=\"elementor-widget-container\">\n\t\t\t\t\t<style>.elementor-element-45af1b6{display:none !important}<\/style>\t\t\t\t<\/div>\n\t\t\t\t<\/div>\n\t\t\t\t<div class=\"elementor-element elementor-element-0319122 elementor-widget elementor-widget-text-editor\" data-id=\"0319122\" data-element_type=\"widget\" data-e-type=\"widget\" data-no-translation=\"\" data-widget_type=\"text-editor.default\">\n\t\t\t\t<div class=\"elementor-widget-container\">\n\t\t\t\t\t\t\t\t\t<h2>Fiches techniques<\/h2>\t\t\t\t\t\t\t\t<\/div>\n\t\t\t\t<\/div>\n\t\t\t\t<div class=\"elementor-element elementor-element-50d6c51 elementor-widget elementor-widget-text-editor\" data-id=\"50d6c51\" data-element_type=\"widget\" data-e-type=\"widget\" data-no-translation=\"\" data-widget_type=\"text-editor.default\">\n\t\t\t\t<div class=\"elementor-widget-container\">\n\t\t\t\t\t\t\t\t\t<p><a href=\"https:\/\/www.geisa.lu\/wp-content\/uploads\/2023\/03\/caillebotis-lames-inclinees_v0211_0.pdf\">Caillebotis \u00e0 lames inclin\u00e9es<\/a><\/p><p><a href=\"https:\/\/www.geisa.lu\/wp-content\/uploads\/2023\/03\/caillebotis-electroforge_v0211_0.pdf\">Caillebotis \u00e9lectroforg\u00e9<\/a><\/p><p><a href=\"https:\/\/www.geisa.lu\/wp-content\/uploads\/2023\/03\/caillebotis-inox_v0211_0.pdf\">Caillebotis inox et aluminium<\/a><\/p><p><a href=\"https:\/\/www.geisa.lu\/wp-content\/uploads\/2023\/03\/caillebotis-mi-fer_v0211.pdf\">Caillebotis mi-fer<\/a><\/p><p><a href=\"https:\/\/www.geisa.lu\/wp-content\/uploads\/2023\/03\/caillebotis-cloture_v0211.pdf\">Caillebotis pour cl\u00f4ture<\/a><\/p><p><a href=\"https:\/\/www.geisa.lu\/wp-content\/uploads\/2023\/03\/caillebotis-rayonnage_v0211.pdf\">Caillebotis pour rayonnage<\/a><\/p><p><a href=\"https:\/\/www.geisa.lu\/wp-content\/uploads\/2023\/03\/ft_gei_caillebotis_presse_v0211_fr.pdf\">Caillebotis press\u00e9<\/a><\/p><p><a href=\"https:\/\/www.geisa.lu\/wp-content\/uploads\/2023\/03\/a4-escaliers-pmr-gei-fr-v2_0.pdf\">Escalier PMR<\/a><\/p><p><a href=\"https:\/\/www.geisa.lu\/wp-content\/uploads\/2023\/03\/marches-escalier_v0211.pdf\">Marches d&#8217;escalier<\/a><\/p><p><a href=\"https:\/\/www.geisa.lu\/wp-content\/uploads\/2023\/03\/systemes-fixations_v0211.pdf\">Syst\u00e8mes de fixation<\/a><\/p><p><a href=\"https:\/\/www.geisa.lu\/wp-content\/uploads\/2023\/03\/pdf_gei_fr_-_ral_gz_638.pdf\">Norme RAL GZ 638<\/a><\/p>\t\t\t\t\t\t\t\t<\/div>\n\t\t\t\t<\/div>\n\t\t\t\t\t<\/div>\n\t\t<\/div>\n\t\t\t\t<div class=\"elementor-column elementor-col-50 elementor-top-column elementor-element elementor-element-49a1c6c\" data-id=\"49a1c6c\" data-element_type=\"column\" data-e-type=\"column\">\n\t\t\t<div class=\"elementor-widget-wrap elementor-element-populated\">\n\t\t\t\t\t\t<div class=\"elementor-element elementor-element-30d2950 elementor-widget elementor-widget-heading\" data-id=\"30d2950\" data-element_type=\"widget\" data-e-type=\"widget\" data-widget_type=\"heading.default\">\n\t\t\t\t<div class=\"elementor-widget-container\">\n\t\t\t\t\t<h2 class=\"elementor-heading-title elementor-size-default\">Croquis techniques<\/h2>\t\t\t\t<\/div>\n\t\t\t\t<\/div>\n\t\t\t\t<div class=\"elementor-element elementor-element-b2e0f5d elementor-widget elementor-widget-text-editor\" data-id=\"b2e0f5d\" data-element_type=\"widget\" data-e-type=\"widget\" data-no-translation=\"\" data-widget_type=\"text-editor.default\">\n\t\t\t\t<div class=\"elementor-widget-container\">\n\t\t\t\t\t\t\t\t\t<p><a href=\"https:\/\/www.geisa.lu\/wp-content\/uploads\/2023\/03\/ft_gei_caillebotis_electroforge_v0211_fr.pdf\">Caillebotis \u00e9lectroforg\u00e9<\/a><\/p><p><a href=\"https:\/\/www.geisa.lu\/wp-content\/uploads\/2023\/03\/ft_gei_caillebotis_electroforge_cloture_v0211_fr.pdf\">Caillebotis \u00e9lectroforg\u00e9 pour cl\u00f4ture<\/a><\/p><p><a href=\"https:\/\/www.geisa.lu\/wp-content\/uploads\/2023\/03\/ft_gei_caillebotis_rayonnage_modele_a_v0211fr.pdf\">Caillebotis pour rayonnage \u2013 mod\u00e8le A<\/a><\/p><p><a href=\"https:\/\/www.geisa.lu\/wp-content\/uploads\/2023\/03\/ft_gei_caillebotis_rayonnage_modele_b_v0211fr.pdf\">Caillebotis pour rayonnage \u2013 mod\u00e8le B<\/a><\/p><p><a href=\"https:\/\/www.geisa.lu\/wp-content\/uploads\/2023\/03\/ft_gei_caillebotis_rayonnage_modele_c_v0211_fr.pdf\">Caillebotis pour rayonnage \u2013 mod\u00e8le C<\/a><\/p><p><a href=\"https:\/\/www.geisa.lu\/wp-content\/uploads\/2023\/03\/ft_gei_caillebotis_rayonnage_modele_d_v0211_fr.pdf\">Caillebotis pour rayonnage \u2013 mod\u00e8le D<\/a><\/p><p><a href=\"https:\/\/www.geisa.lu\/wp-content\/uploads\/2023\/03\/ft_gei_caillebotis_presse_v0211_fr.pdf\">Caillebotis press\u00e9<\/a><\/p><p><a href=\"https:\/\/www.geisa.lu\/wp-content\/uploads\/2023\/03\/ft_gei_caillebotis_presse_a_lames_inclinees_v0211fr_0.pdf\">Caillebotis press\u00e9 \u00e0 lames inclin\u00e9es<\/a><\/p><p><a href=\"https:\/\/www.geisa.lu\/wp-content\/uploads\/2023\/03\/ft_gei_caillebotis_presse_cloture_v0211fr.pdf\">Caillebotis press\u00e9 pour cl\u00f4ture<\/a><\/p><p><a href=\"https:\/\/www.geisa.lu\/wp-content\/uploads\/2023\/03\/ft_gei_echelon_1_rangee_de_perforation_v0211fr.pdf\">\u00c9chelons \u00e0 rang\u00e9e de perforations<\/a><\/p><p><a href=\"https:\/\/www.geisa.lu\/wp-content\/uploads\/2023\/03\/ft_gei_echelon_2_rangees_de_perforation_v0211_fr.pdf\">\u00c9chelons \u00e0 rang\u00e9es de perforations<\/a><\/p><p><a href=\"https:\/\/www.geisa.lu\/wp-content\/uploads\/2023\/03\/ft_gei_grille_ps-crant_v0211fr.pdf\">Grilles de s\u00e9curit\u00e9 PS\u2013CRANT<\/a><\/p><p><a href=\"https:\/\/www.geisa.lu\/wp-content\/uploads\/2023\/03\/ft_gei_grille_ps-ferm_v0211_fr.pdf\">Grilles de s\u00e9curit\u00e9 PS\u2013FERM<\/a><\/p><p><a href=\"https:\/\/www.geisa.lu\/wp-content\/uploads\/2023\/03\/ft_gei_grille_ps-off_type_a_v0211fr.pdf\">Grilles de s\u00e9curit\u00e9 PS\u2013OFF<\/a><\/p><p><a href=\"https:\/\/www.geisa.lu\/wp-content\/uploads\/2023\/03\/ft_gei_grille_ps-ova_v0211_fr.pdf\">Grilles de s\u00e9curit\u00e9 PS\u2013OVA<\/a><\/p><p><a href=\"https:\/\/www.geisa.lu\/wp-content\/uploads\/2023\/03\/ft_gei_grille_ps-perf_v0211_fr.pdf\">Grilles de s\u00e9curit\u00e9 PS\u2013PERF<\/a><\/p>\t\t\t\t\t\t\t\t<\/div>\n\t\t\t\t<\/div>\n\t\t\t\t<div class=\"elementor-element elementor-element-ac36171 elementor-widget elementor-widget-heading\" data-id=\"ac36171\" data-element_type=\"widget\" data-e-type=\"widget\" data-no-translation=\"\" data-widget_type=\"heading.default\">\n\t\t\t\t<div class=\"elementor-widget-container\">\n\t\t\t\t\t<style>.elementor-element-ac36171{display:none !important}<\/style>\t\t\t\t<\/div>\n\t\t\t\t<\/div>\n\t\t\t\t<div class=\"elementor-element elementor-element-1b28c81 elementor-widget elementor-widget-text-editor\" data-id=\"1b28c81\" data-element_type=\"widget\" data-e-type=\"widget\" data-no-translation=\"\" data-widget_type=\"text-editor.default\">\n\t\t\t\t<div class=\"elementor-widget-container\">\n\t\t\t\t\t<style>.elementor-element-1b28c81{display:none !important}<\/style>\t\t\t\t<\/div>\n\t\t\t\t<\/div>\n\t\t\t\t\t<\/div>\n\t\t<\/div>\n\t\t\t\t\t<\/div>\n\t\t<\/section>\n\t\t\t\t<\/div>\n\t\t<\/p>\t\t\t\t\t\t\t\t<\/div>\n\t\t\t\t<\/div>\n\t\t\t\t\t<\/div>\n\t\t<\/div>\n\t\t\t\t\t<\/div>\n\t\t<\/section>\n\t\t\t\t<\/div>","protected":false},"excerpt":{"rendered":"","protected":false},"author":1,"featured_media":0,"parent":0,"menu_order":0,"comment_status":"closed","ping_status":"closed","template":"","meta":{"footnotes":""},"class_list":["post-2373","page","type-page","status-publish","hentry"],"yoast_head":"<!-- This site is optimized with the Yoast SEO plugin v27.1.1 - https:\/\/yoast.com\/product\/yoast-seo-wordpress\/ -->\n<title>Download - GEI Gitterroste<\/title>\n<meta name=\"robots\" content=\"index, follow, max-snippet:-1, max-image-preview:large, max-video-preview:-1\" \/>\n<link rel=\"canonical\" href=\"https:\/\/www.geisa.lu\/fr\/download\/\" \/>\n<meta property=\"og:locale\" content=\"fr_FR\" \/>\n<meta property=\"og:type\" content=\"article\" \/>\n<meta property=\"og:title\" content=\"Download - GEI Gitterroste\" \/>\n<meta property=\"og:url\" content=\"https:\/\/www.geisa.lu\/fr\/download\/\" \/>\n<meta property=\"og:site_name\" content=\"GEI Gitterroste\" \/>\n<meta property=\"article:modified_time\" content=\"2026-02-12T08:47:08+00:00\" \/>\n<meta name=\"twitter:card\" content=\"summary_large_image\" \/>\n<meta name=\"twitter:label1\" content=\"Dur\u00e9e de lecture estim\u00e9e\" \/>\n\t<meta name=\"twitter:data1\" content=\"1 minute\" \/>\n<script type=\"application\/ld+json\" class=\"yoast-schema-graph\">{\"@context\":\"https:\/\/schema.org\",\"@graph\":[{\"@type\":\"WebPage\",\"@id\":\"https:\/\/www.geisa.lu\/de\/download\/\",\"url\":\"https:\/\/www.geisa.lu\/de\/download\/\",\"name\":\"Download - GEI Gitterroste\",\"isPartOf\":{\"@id\":\"https:\/\/www.geisa.lu\/en\/#website\"},\"datePublished\":\"2021-09-20T13:39:06+00:00\",\"dateModified\":\"2026-02-12T08:47:08+00:00\",\"breadcrumb\":{\"@id\":\"https:\/\/www.geisa.lu\/de\/download\/#breadcrumb\"},\"inLanguage\":\"fr-FR\",\"potentialAction\":[{\"@type\":\"ReadAction\",\"target\":[\"https:\/\/www.geisa.lu\/de\/download\/\"]}]},{\"@type\":\"BreadcrumbList\",\"@id\":\"https:\/\/www.geisa.lu\/de\/download\/#breadcrumb\",\"itemListElement\":[{\"@type\":\"ListItem\",\"position\":1,\"name\":\"Startseite\",\"item\":\"https:\/\/www.geisa.lu\/en\/\"},{\"@type\":\"ListItem\",\"position\":2,\"name\":\"Download\"}]},{\"@type\":\"WebSite\",\"@id\":\"https:\/\/www.geisa.lu\/en\/#website\",\"url\":\"https:\/\/www.geisa.lu\/en\/\",\"name\":\"GEI Gitterroste\",\"description\":\"\",\"publisher\":{\"@id\":\"https:\/\/www.geisa.lu\/en\/#organization\"},\"potentialAction\":[{\"@type\":\"SearchAction\",\"target\":{\"@type\":\"EntryPoint\",\"urlTemplate\":\"https:\/\/www.geisa.lu\/en\/?s={search_term_string}\"},\"query-input\":{\"@type\":\"PropertyValueSpecification\",\"valueRequired\":true,\"valueName\":\"search_term_string\"}}],\"inLanguage\":\"fr-FR\"},{\"@type\":\"Organization\",\"@id\":\"https:\/\/www.geisa.lu\/en\/#organization\",\"name\":\"GEI Gitterroste\",\"url\":\"https:\/\/www.geisa.lu\/en\/\",\"logo\":{\"@type\":\"ImageObject\",\"inLanguage\":\"fr-FR\",\"@id\":\"https:\/\/www.geisa.lu\/en\/#\/schema\/logo\/image\/\",\"url\":\"https:\/\/www.geisa.lu\/wp-content\/uploads\/2021\/06\/gei_logo-1.svg\",\"contentUrl\":\"https:\/\/www.geisa.lu\/wp-content\/uploads\/2021\/06\/gei_logo-1.svg\",\"width\":580.6,\"height\":215.9,\"caption\":\"GEI Gitterroste\"},\"image\":{\"@id\":\"https:\/\/www.geisa.lu\/en\/#\/schema\/logo\/image\/\"}}]}<\/script>\n<!-- \/ Yoast SEO plugin. -->","yoast_head_json":{"title":"Download - GEI Gitterroste","robots":{"index":"index","follow":"follow","max-snippet":"max-snippet:-1","max-image-preview":"max-image-preview:large","max-video-preview":"max-video-preview:-1"},"canonical":"https:\/\/www.geisa.lu\/fr\/download\/","og_locale":"fr_FR","og_type":"article","og_title":"Download - GEI Gitterroste","og_url":"https:\/\/www.geisa.lu\/fr\/download\/","og_site_name":"GEI Gitterroste","article_modified_time":"2026-02-12T08:47:08+00:00","twitter_card":"summary_large_image","twitter_misc":{"Dur\u00e9e de lecture estim\u00e9e":"1 minute"},"schema":{"@context":"https:\/\/schema.org","@graph":[{"@type":"WebPage","@id":"https:\/\/www.geisa.lu\/de\/download\/","url":"https:\/\/www.geisa.lu\/de\/download\/","name":"Download - GEI Gitterroste","isPartOf":{"@id":"https:\/\/www.geisa.lu\/en\/#website"},"datePublished":"2021-09-20T13:39:06+00:00","dateModified":"2026-02-12T08:47:08+00:00","breadcrumb":{"@id":"https:\/\/www.geisa.lu\/de\/download\/#breadcrumb"},"inLanguage":"fr-FR","potentialAction":[{"@type":"ReadAction","target":["https:\/\/www.geisa.lu\/de\/download\/"]}]},{"@type":"BreadcrumbList","@id":"https:\/\/www.geisa.lu\/de\/download\/#breadcrumb","itemListElement":[{"@type":"ListItem","position":1,"name":"Startseite","item":"https:\/\/www.geisa.lu\/en\/"},{"@type":"ListItem","position":2,"name":"Download"}]},{"@type":"WebSite","@id":"https:\/\/www.geisa.lu\/en\/#website","url":"https:\/\/www.geisa.lu\/en\/","name":"Caillebotis","description":"","publisher":{"@id":"https:\/\/www.geisa.lu\/en\/#organization"},"potentialAction":[{"@type":"SearchAction","target":{"@type":"EntryPoint","urlTemplate":"https:\/\/www.geisa.lu\/en\/?s={search_term_string}"},"query-input":{"@type":"PropertyValueSpecification","valueRequired":true,"valueName":"search_term_string"}}],"inLanguage":"fr-FR"},{"@type":"Organization","@id":"https:\/\/www.geisa.lu\/en\/#organization","name":"Caillebotis","url":"https:\/\/www.geisa.lu\/en\/","logo":{"@type":"ImageObject","inLanguage":"fr-FR","@id":"https:\/\/www.geisa.lu\/en\/#\/schema\/logo\/image\/","url":"https:\/\/www.geisa.lu\/wp-content\/uploads\/2021\/06\/gei_logo-1.svg","contentUrl":"https:\/\/www.geisa.lu\/wp-content\/uploads\/2021\/06\/gei_logo-1.svg","width":580.6,"height":215.9,"caption":"GEI Gitterroste"},"image":{"@id":"https:\/\/www.geisa.lu\/en\/#\/schema\/logo\/image\/"}}]}},"_links":{"self":[{"href":"https:\/\/www.geisa.lu\/fr\/wp-json\/wp\/v2\/pages\/2373","targetHints":{"allow":["GET"]}}],"collection":[{"href":"https:\/\/www.geisa.lu\/fr\/wp-json\/wp\/v2\/pages"}],"about":[{"href":"https:\/\/www.geisa.lu\/fr\/wp-json\/wp\/v2\/types\/page"}],"author":[{"embeddable":true,"href":"https:\/\/www.geisa.lu\/fr\/wp-json\/wp\/v2\/users\/1"}],"replies":[{"embeddable":true,"href":"https:\/\/www.geisa.lu\/fr\/wp-json\/wp\/v2\/comments?post=2373"}],"version-history":[{"count":46,"href":"https:\/\/www.geisa.lu\/fr\/wp-json\/wp\/v2\/pages\/2373\/revisions"}],"predecessor-version":[{"id":9734,"href":"https:\/\/www.geisa.lu\/fr\/wp-json\/wp\/v2\/pages\/2373\/revisions\/9734"}],"wp:attachment":[{"href":"https:\/\/www.geisa.lu\/fr\/wp-json\/wp\/v2\/media?parent=2373"}],"curies":[{"name":"wp","href":"https:\/\/api.w.org\/{rel}","templated":true}]}}