{"id":2395,"date":"2021-09-29T09:38:57","date_gmt":"2021-09-29T09:38:57","guid":{"rendered":"http:\/\/gei-gitterroste.de.46-4-53-222.vorschau.marketing-thom.de\/?page_id=2395"},"modified":"2023-05-09T06:36:35","modified_gmt":"2023-05-09T06:36:35","slug":"gei-aujourdhui","status":"publish","type":"page","link":"https:\/\/www.geisa.lu\/fr\/gei-heute\/","title":{"rendered":"GEI aujourd'hui"},"content":{"rendered":"<div data-elementor-type=\"wp-page\" data-elementor-id=\"2395\" class=\"elementor elementor-2395\" data-elementor-post-type=\"page\">\n\t\t\t\t\t\t<section class=\"elementor-section elementor-top-section elementor-element elementor-element-211ab8c elementor-section-boxed elementor-section-height-default elementor-section-height-default\" data-id=\"211ab8c\" data-element_type=\"section\" data-e-type=\"section\">\n\t\t\t\t\t\t<div class=\"elementor-container elementor-column-gap-default\">\n\t\t\t\t\t<div class=\"elementor-column elementor-col-100 elementor-top-column elementor-element elementor-element-dd65701\" data-id=\"dd65701\" data-element_type=\"column\" data-e-type=\"column\">\n\t\t\t<div class=\"elementor-widget-wrap elementor-element-populated\">\n\t\t\t\t\t\t<div class=\"elementor-element elementor-element-7a74323 elementor-widget elementor-widget-image\" data-id=\"7a74323\" data-element_type=\"widget\" data-e-type=\"widget\" data-widget_type=\"image.default\">\n\t\t\t\t<div class=\"elementor-widget-container\">\n\t\t\t\t\t\t\t\t\t\t\t\t\t\t\t<img fetchpriority=\"high\" decoding=\"async\" width=\"1024\" height=\"375\" src=\"https:\/\/www.geisa.lu\/wp-content\/uploads\/2021\/09\/header-realisations-gei_0-1024x375.jpg\" class=\"attachment-large size-large wp-image-2397\" alt=\"\" srcset=\"https:\/\/www.geisa.lu\/wp-content\/uploads\/2021\/09\/header-realisations-gei_0-1024x375.jpg 1024w, https:\/\/www.geisa.lu\/wp-content\/uploads\/2021\/09\/header-realisations-gei_0-300x110.jpg 300w, https:\/\/www.geisa.lu\/wp-content\/uploads\/2021\/09\/header-realisations-gei_0-768x281.jpg 768w, https:\/\/www.geisa.lu\/wp-content\/uploads\/2021\/09\/header-realisations-gei_0-600x220.jpg 600w, https:\/\/www.geisa.lu\/wp-content\/uploads\/2021\/09\/header-realisations-gei_0.jpg 1200w\" sizes=\"(max-width: 1024px) 100vw, 1024px\" \/>\t\t\t\t\t\t\t\t\t\t\t\t\t\t\t<\/div>\n\t\t\t\t<\/div>\n\t\t\t\t\t<\/div>\n\t\t<\/div>\n\t\t\t\t\t<\/div>\n\t\t<\/section>\n\t\t\t\t<section class=\"elementor-section elementor-top-section elementor-element elementor-element-cd6cb0c elementor-section-boxed elementor-section-height-default elementor-section-height-default\" data-id=\"cd6cb0c\" data-element_type=\"section\" data-e-type=\"section\">\n\t\t\t\t\t\t<div class=\"elementor-container elementor-column-gap-default\">\n\t\t\t\t\t<div class=\"elementor-column elementor-col-100 elementor-top-column elementor-element elementor-element-d5be23b\" data-id=\"d5be23b\" data-element_type=\"column\" data-e-type=\"column\">\n\t\t\t<div class=\"elementor-widget-wrap elementor-element-populated\">\n\t\t\t\t\t\t<div class=\"elementor-element elementor-element-1779776 elementor-widget elementor-widget-heading\" data-id=\"1779776\" data-element_type=\"widget\" data-e-type=\"widget\" data-widget_type=\"heading.default\">\n\t\t\t\t<div class=\"elementor-widget-container\">\n\t\t\t\t\t<h2 class=\"elementor-heading-title elementor-size-default\">GEI, sp\u00e9cialiste du caillebotis<\/h2>\t\t\t\t<\/div>\n\t\t\t\t<\/div>\n\t\t\t\t\t<\/div>\n\t\t<\/div>\n\t\t\t\t\t<\/div>\n\t\t<\/section>\n\t\t\t\t<section class=\"elementor-section elementor-top-section elementor-element elementor-element-14b1e79 elementor-section-boxed elementor-section-height-default elementor-section-height-default\" data-id=\"14b1e79\" data-element_type=\"section\" data-e-type=\"section\">\n\t\t\t\t\t\t<div class=\"elementor-container elementor-column-gap-default\">\n\t\t\t\t\t<div class=\"elementor-column elementor-col-50 elementor-top-column elementor-element elementor-element-f93d989\" data-id=\"f93d989\" data-element_type=\"column\" data-e-type=\"column\">\n\t\t\t<div class=\"elementor-widget-wrap elementor-element-populated\">\n\t\t\t\t\t\t<div class=\"elementor-element elementor-element-722ec7f elementor-widget elementor-widget-text-editor\" data-id=\"722ec7f\" data-element_type=\"widget\" data-e-type=\"widget\" data-widget_type=\"text-editor.default\">\n\t\t\t\t<div class=\"elementor-widget-container\">\n\t\t\t\t\t\t\t\t\t<h4><span style=\"color: #184287;\">Une \u00e9quipe de professionnels exp\u00e9riment\u00e9s de l'\u00e9tude \u00e0 la fabrication<\/span><\/h4><p>GEI, c'est une garantie de qualit\u00e9 et de services, de l'\u00e9tude \u00e0 la fabrication de vos projets. Nos produits sont fabriqu\u00e9s sur des lignes de production haute performance avec une technologie de pointe. Notre service commercial, en collaboration avec notre bureau d'\u00e9tudes, \u00e9tudie vos besoins, vous conseille et vous propose la meilleure solution. Apr\u00e8s fabrication, tous nos produits sont soumis \u00e0 un double contr\u00f4le (qualitatif et<br> quantitatif) afin d'en assurer une qualit\u00e9 optimale. Parce qu'\u00eatre un des sp\u00e9cialistes du caillebotis en Europe, c'est pr\u00e9parer l'avenir, nous innovons et accompagnons le d\u00e9veloppement de vos projets. Cet <br>accompagnement est \u00e9galement assur\u00e9 par notre service logistique qui met tout en oeuvre pour vous garantir la livraison de vos commandes dans les meilleurs d\u00e9lais. GEI, c'est aussi la garantie d'un service apr\u00e8s-vente afin de r\u00e9pondre au mieux \u00e0 vos interrogations et d'assurer votre enti\u00e8re satisfaction. GEI, une \u00e9quipe de<br>professionnels \u00e0 votre service.<\/p>\t\t\t\t\t\t\t\t<\/div>\n\t\t\t\t<\/div>\n\t\t\t\t\t<\/div>\n\t\t<\/div>\n\t\t\t\t<div class=\"elementor-column elementor-col-50 elementor-top-column elementor-element elementor-element-0f626f1\" data-id=\"0f626f1\" data-element_type=\"column\" data-e-type=\"column\">\n\t\t\t<div class=\"elementor-widget-wrap elementor-element-populated\">\n\t\t\t\t\t\t<div class=\"elementor-element elementor-element-6b06269 elementor-widget elementor-widget-image\" data-id=\"6b06269\" data-element_type=\"widget\" data-e-type=\"widget\" data-widget_type=\"image.default\">\n\t\t\t\t<div class=\"elementor-widget-container\">\n\t\t\t\t\t\t\t\t\t\t\t\t\t\t\t<img decoding=\"async\" width=\"244\" height=\"137\" src=\"https:\/\/www.geisa.lu\/wp-content\/uploads\/2021\/09\/presentation-fabrication.jpg\" class=\"attachment-full size-full wp-image-2398\" alt=\"\" srcset=\"https:\/\/www.geisa.lu\/wp-content\/uploads\/2021\/09\/presentation-fabrication.jpg 244w, https:\/\/www.geisa.lu\/wp-content\/uploads\/2021\/09\/presentation-fabrication-150x85.jpg 150w\" sizes=\"(max-width: 244px) 100vw, 244px\" \/>\t\t\t\t\t\t\t\t\t\t\t\t\t\t\t<\/div>\n\t\t\t\t<\/div>\n\t\t\t\t\t<\/div>\n\t\t<\/div>\n\t\t\t\t\t<\/div>\n\t\t<\/section>\n\t\t\t\t<section class=\"elementor-section elementor-top-section elementor-element elementor-element-cf68f96 elementor-section-boxed elementor-section-height-default elementor-section-height-default\" data-id=\"cf68f96\" data-element_type=\"section\" data-e-type=\"section\">\n\t\t\t\t\t\t<div class=\"elementor-container elementor-column-gap-default\">\n\t\t\t\t\t<div class=\"elementor-column elementor-col-50 elementor-top-column elementor-element elementor-element-cff2f5c\" data-id=\"cff2f5c\" data-element_type=\"column\" data-e-type=\"column\">\n\t\t\t<div class=\"elementor-widget-wrap elementor-element-populated\">\n\t\t\t\t\t\t<div class=\"elementor-element elementor-element-832a7ca elementor-widget elementor-widget-text-editor\" data-id=\"832a7ca\" data-element_type=\"widget\" data-e-type=\"widget\" data-widget_type=\"text-editor.default\">\n\t\t\t\t<div class=\"elementor-widget-container\">\n\t\t\t\t\t\t\t\t\t<h4><span style=\"color: #184287;\">Un bureau d'\u00e9tudes int\u00e9gr\u00e9<\/span><\/h4><p>Le sur-mesure est un point fort de GEI. Nos techniciens du bureau d'\u00e9tudes, enti\u00e8rement int\u00e9gr\u00e9 au sein de<br>l'entreprise, sont \u00e0 votre \u00e9coute afin de traiter vos demandes techniques et vos plans de calepinage et<br>pourront vous conseiller en collaboration avec notre service commercial. Sp\u00e9cialement form\u00e9s aux logiciels de conception assist\u00e9e par ordinateurs, nos dessinateurs industriels sauront vous r\u00e9aliser des notes de calcul et mod\u00e9liser vos projets en trouvant la meilleure solution \u00e0 vos exigences et besoins les plus sp\u00e9cifiques, tant dans le secteur industriel qu'architectural.<\/p>\t\t\t\t\t\t\t\t<\/div>\n\t\t\t\t<\/div>\n\t\t\t\t\t<\/div>\n\t\t<\/div>\n\t\t\t\t<div class=\"elementor-column elementor-col-50 elementor-top-column elementor-element elementor-element-b65365d\" data-id=\"b65365d\" data-element_type=\"column\" data-e-type=\"column\">\n\t\t\t<div class=\"elementor-widget-wrap elementor-element-populated\">\n\t\t\t\t\t\t<div class=\"elementor-element elementor-element-656cd2f elementor-widget elementor-widget-image\" data-id=\"656cd2f\" data-element_type=\"widget\" data-e-type=\"widget\" data-widget_type=\"image.default\">\n\t\t\t\t<div class=\"elementor-widget-container\">\n\t\t\t\t\t\t\t\t\t\t\t\t\t\t\t<img decoding=\"async\" width=\"244\" height=\"137\" src=\"https:\/\/www.geisa.lu\/wp-content\/uploads\/2021\/09\/img7.jpg\" class=\"attachment-large size-large wp-image-2399\" alt=\"\" srcset=\"https:\/\/www.geisa.lu\/wp-content\/uploads\/2021\/09\/img7.jpg 244w, https:\/\/www.geisa.lu\/wp-content\/uploads\/2021\/09\/img7-150x85.jpg 150w\" sizes=\"(max-width: 244px) 100vw, 244px\" \/>\t\t\t\t\t\t\t\t\t\t\t\t\t\t\t<\/div>\n\t\t\t\t<\/div>\n\t\t\t\t\t<\/div>\n\t\t<\/div>\n\t\t\t\t\t<\/div>\n\t\t<\/section>\n\t\t\t\t<section class=\"elementor-section elementor-top-section elementor-element elementor-element-51396c5 elementor-section-boxed elementor-section-height-default elementor-section-height-default\" data-id=\"51396c5\" data-element_type=\"section\" data-e-type=\"section\">\n\t\t\t\t\t\t<div class=\"elementor-container elementor-column-gap-default\">\n\t\t\t\t\t<div class=\"elementor-column elementor-col-50 elementor-top-column elementor-element elementor-element-3d54ae2\" data-id=\"3d54ae2\" data-element_type=\"column\" data-e-type=\"column\">\n\t\t\t<div class=\"elementor-widget-wrap elementor-element-populated\">\n\t\t\t\t\t\t<div class=\"elementor-element elementor-element-45c744c elementor-widget elementor-widget-text-editor\" data-id=\"45c744c\" data-element_type=\"widget\" data-e-type=\"widget\" data-widget_type=\"text-editor.default\">\n\t\t\t\t<div class=\"elementor-widget-container\">\n\t\t\t\t\t\t\t\t\t<h4><span style=\"color: #184287;\">Service commercial<\/span><\/h4><p>GEI, c'est une force commerciale s\u00e9dentaire et itin\u00e9rante \u00e0 l'\u00e9coute de vos <br>exigences et besoins afin de vous conseiller et de vous proposer la solution la plus adapt\u00e9e au meilleur prix.  En collaboration avec notre bureau d'\u00e9tudes, nos \u00e9quipes de professionnels du caillebotis seront vos interlocuteurs privil\u00e9gi\u00e9s pour vous accompagner dans vos projets, de la prise de contact jusqu'\u00e0 la mise en oeuvre.\u00a0<\/p>\t\t\t\t\t\t\t\t<\/div>\n\t\t\t\t<\/div>\n\t\t\t\t\t<\/div>\n\t\t<\/div>\n\t\t\t\t<div class=\"elementor-column elementor-col-50 elementor-top-column elementor-element elementor-element-195dec2\" data-id=\"195dec2\" data-element_type=\"column\" data-e-type=\"column\">\n\t\t\t<div class=\"elementor-widget-wrap elementor-element-populated\">\n\t\t\t\t\t\t<div class=\"elementor-element elementor-element-98de859 elementor-widget elementor-widget-image\" data-id=\"98de859\" data-element_type=\"widget\" data-e-type=\"widget\" data-widget_type=\"image.default\">\n\t\t\t\t<div class=\"elementor-widget-container\">\n\t\t\t\t\t\t\t\t\t\t\t\t\t\t\t<img loading=\"lazy\" decoding=\"async\" width=\"244\" height=\"137\" src=\"https:\/\/www.geisa.lu\/wp-content\/uploads\/2021\/09\/commercial-gei.jpg\" class=\"attachment-large size-large wp-image-2400\" alt=\"\" srcset=\"https:\/\/www.geisa.lu\/wp-content\/uploads\/2021\/09\/commercial-gei.jpg 244w, https:\/\/www.geisa.lu\/wp-content\/uploads\/2021\/09\/commercial-gei-150x85.jpg 150w\" sizes=\"(max-width: 244px) 100vw, 244px\" \/>\t\t\t\t\t\t\t\t\t\t\t\t\t\t\t<\/div>\n\t\t\t\t<\/div>\n\t\t\t\t\t<\/div>\n\t\t<\/div>\n\t\t\t\t\t<\/div>\n\t\t<\/section>\n\t\t\t\t<section class=\"elementor-section elementor-top-section elementor-element elementor-element-2f772fe elementor-section-boxed elementor-section-height-default elementor-section-height-default\" data-id=\"2f772fe\" data-element_type=\"section\" data-e-type=\"section\">\n\t\t\t\t\t\t<div class=\"elementor-container elementor-column-gap-default\">\n\t\t\t\t\t<div class=\"elementor-column elementor-col-50 elementor-top-column elementor-element elementor-element-5ad1e39\" data-id=\"5ad1e39\" data-element_type=\"column\" data-e-type=\"column\">\n\t\t\t<div class=\"elementor-widget-wrap elementor-element-populated\">\n\t\t\t\t\t\t<div class=\"elementor-element elementor-element-268d316 elementor-widget elementor-widget-text-editor\" data-id=\"268d316\" data-element_type=\"widget\" data-e-type=\"widget\" data-widget_type=\"text-editor.default\">\n\t\t\t\t<div class=\"elementor-widget-container\">\n\t\t\t\t\t\t\t\t\t<h4><span style=\"color: #184287;\">Une fabrication sur-mesure et un des plus grands stocks de caillebotis en Europe<\/span><\/h4><p>En plus de produits sur-mesure \u00e9tablis par notre bureau d'\u00e9tudes suivant vos plans de calepinage, GEI<br>poss\u00e8de un stock important de caillebotis standard en acier, inox et polyester (panneaux, nappes, marches<br> d'escalier et grilles de s\u00e9curit\u00e9). \u00c0 l'\u00e9coute permanente de vos imp\u00e9ratifs de livraison, la r\u00e9activit\u00e9 repr\u00e9sente l'une de nos principales valeurs. C'est pourquoi vous pouvez b\u00e9n\u00e9ficier de notre service Express permettant l'exp\u00e9dition de nos produits en stock le jour m\u00eame pour toute commande pass\u00e9e avant 10h00. \u00catre r\u00e9actif,<br>assurer la disponibilit\u00e9 de nos produits et leur livraison dans les meilleurs d\u00e9lais est notre challenge quotidien afin de garantir votre enti\u00e8re satisfaction.<\/p>\t\t\t\t\t\t\t\t<\/div>\n\t\t\t\t<\/div>\n\t\t\t\t\t<\/div>\n\t\t<\/div>\n\t\t\t\t<div class=\"elementor-column elementor-col-50 elementor-top-column elementor-element elementor-element-f46dec9\" data-id=\"f46dec9\" data-element_type=\"column\" data-e-type=\"column\">\n\t\t\t<div class=\"elementor-widget-wrap elementor-element-populated\">\n\t\t\t\t\t\t<div class=\"elementor-element elementor-element-d93069d elementor-widget elementor-widget-image\" data-id=\"d93069d\" data-element_type=\"widget\" data-e-type=\"widget\" data-widget_type=\"image.default\">\n\t\t\t\t<div class=\"elementor-widget-container\">\n\t\t\t\t\t\t\t\t\t\t\t\t\t\t\t<img loading=\"lazy\" decoding=\"async\" width=\"244\" height=\"137\" src=\"https:\/\/www.geisa.lu\/wp-content\/uploads\/2021\/09\/camion-gei.jpg\" class=\"attachment-large size-large wp-image-2401\" alt=\"\" srcset=\"https:\/\/www.geisa.lu\/wp-content\/uploads\/2021\/09\/camion-gei.jpg 244w, https:\/\/www.geisa.lu\/wp-content\/uploads\/2021\/09\/camion-gei-150x85.jpg 150w\" sizes=\"(max-width: 244px) 100vw, 244px\" \/>\t\t\t\t\t\t\t\t\t\t\t\t\t\t\t<\/div>\n\t\t\t\t<\/div>\n\t\t\t\t\t<\/div>\n\t\t<\/div>\n\t\t\t\t\t<\/div>\n\t\t<\/section>\n\t\t\t\t<\/div>","protected":false},"excerpt":{"rendered":"<p>GEI, Spezialist von Gitterrosten Spezialist f\u00fcr die Herstellung von Gitterrosten zu sein, bedeutet vorauszudenken GEI ist ein Garant f\u00fcr Qualit\u00e4t und Service. Ein Team erfahrener Fachleute steht Ihnen mit innovativen Ideen zur Seite und betreut Sie vom Entwurf bis hin zur Realisierung Ihrer Projekte. In enger Zusammenarbeit analysieren unsere Vertriebsabteilung und unsere Entwicklungsabteilung Ihre individuellen [&hellip;]<\/p>\n","protected":false},"author":4,"featured_media":0,"parent":0,"menu_order":0,"comment_status":"closed","ping_status":"closed","template":"","meta":{"footnotes":""},"class_list":["post-2395","page","type-page","status-publish","hentry"],"yoast_head":"<!-- This site is optimized with the Yoast SEO plugin v27.1.1 - https:\/\/yoast.com\/product\/yoast-seo-wordpress\/ -->\n<title>GEI heute - GEI Gitterroste<\/title>\n<meta name=\"robots\" content=\"index, follow, max-snippet:-1, max-image-preview:large, max-video-preview:-1\" \/>\n<link rel=\"canonical\" href=\"https:\/\/www.geisa.lu\/fr\/gei-aujourdhui\/\" \/>\n<meta property=\"og:locale\" content=\"fr_FR\" \/>\n<meta property=\"og:type\" content=\"article\" \/>\n<meta property=\"og:title\" content=\"GEI heute - GEI Gitterroste\" \/>\n<meta property=\"og:description\" content=\"GEI, Spezialist von Gitterrosten Spezialist f\u00fcr die Herstellung von Gitterrosten zu sein, bedeutet vorauszudenken GEI ist ein Garant f\u00fcr Qualit\u00e4t und Service. Ein Team erfahrener Fachleute steht Ihnen mit innovativen Ideen zur Seite und betreut Sie vom Entwurf bis hin zur Realisierung Ihrer Projekte. In enger Zusammenarbeit analysieren unsere Vertriebsabteilung und unsere Entwicklungsabteilung Ihre individuellen [&hellip;]\" \/>\n<meta property=\"og:url\" content=\"https:\/\/www.geisa.lu\/fr\/gei-aujourdhui\/\" \/>\n<meta property=\"og:site_name\" content=\"GEI Gitterroste\" \/>\n<meta property=\"article:modified_time\" content=\"2023-05-09T06:36:35+00:00\" \/>\n<meta property=\"og:image\" content=\"https:\/\/www.geisa.lu\/wp-content\/uploads\/2021\/09\/header-realisations-gei_0-1024x375.jpg\" \/>\n<meta name=\"twitter:card\" content=\"summary_large_image\" \/>\n<meta name=\"twitter:label1\" content=\"Dur\u00e9e de lecture estim\u00e9e\" \/>\n\t<meta name=\"twitter:data1\" content=\"3 minutes\" \/>\n<script type=\"application\/ld+json\" class=\"yoast-schema-graph\">{\"@context\":\"https:\/\/schema.org\",\"@graph\":[{\"@type\":\"WebPage\",\"@id\":\"https:\/\/www.geisa.lu\/en\/gei-today\/\",\"url\":\"https:\/\/www.geisa.lu\/en\/gei-today\/\",\"name\":\"GEI heute - GEI Gitterroste\",\"isPartOf\":{\"@id\":\"https:\/\/www.geisa.lu\/en\/#website\"},\"primaryImageOfPage\":{\"@id\":\"https:\/\/www.geisa.lu\/en\/gei-today\/#primaryimage\"},\"image\":{\"@id\":\"https:\/\/www.geisa.lu\/en\/gei-today\/#primaryimage\"},\"thumbnailUrl\":\"https:\/\/www.geisa.lu\/wp-content\/uploads\/2021\/09\/header-realisations-gei_0-1024x375.jpg\",\"datePublished\":\"2021-09-29T09:38:57+00:00\",\"dateModified\":\"2023-05-09T06:36:35+00:00\",\"breadcrumb\":{\"@id\":\"https:\/\/www.geisa.lu\/en\/gei-today\/#breadcrumb\"},\"inLanguage\":\"fr-FR\",\"potentialAction\":[{\"@type\":\"ReadAction\",\"target\":[\"https:\/\/www.geisa.lu\/en\/gei-today\/\"]}]},{\"@type\":\"ImageObject\",\"inLanguage\":\"fr-FR\",\"@id\":\"https:\/\/www.geisa.lu\/en\/gei-today\/#primaryimage\",\"url\":\"https:\/\/www.geisa.lu\/wp-content\/uploads\/2021\/09\/header-realisations-gei_0-1024x375.jpg\",\"contentUrl\":\"https:\/\/www.geisa.lu\/wp-content\/uploads\/2021\/09\/header-realisations-gei_0-1024x375.jpg\"},{\"@type\":\"BreadcrumbList\",\"@id\":\"https:\/\/www.geisa.lu\/en\/gei-today\/#breadcrumb\",\"itemListElement\":[{\"@type\":\"ListItem\",\"position\":1,\"name\":\"Startseite\",\"item\":\"https:\/\/www.geisa.lu\/en\/\"},{\"@type\":\"ListItem\",\"position\":2,\"name\":\"GEI heute\"}]},{\"@type\":\"WebSite\",\"@id\":\"https:\/\/www.geisa.lu\/en\/#website\",\"url\":\"https:\/\/www.geisa.lu\/en\/\",\"name\":\"GEI Gitterroste\",\"description\":\"\",\"publisher\":{\"@id\":\"https:\/\/www.geisa.lu\/en\/#organization\"},\"potentialAction\":[{\"@type\":\"SearchAction\",\"target\":{\"@type\":\"EntryPoint\",\"urlTemplate\":\"https:\/\/www.geisa.lu\/en\/?s={search_term_string}\"},\"query-input\":{\"@type\":\"PropertyValueSpecification\",\"valueRequired\":true,\"valueName\":\"search_term_string\"}}],\"inLanguage\":\"fr-FR\"},{\"@type\":\"Organization\",\"@id\":\"https:\/\/www.geisa.lu\/en\/#organization\",\"name\":\"GEI Gitterroste\",\"url\":\"https:\/\/www.geisa.lu\/en\/\",\"logo\":{\"@type\":\"ImageObject\",\"inLanguage\":\"fr-FR\",\"@id\":\"https:\/\/www.geisa.lu\/en\/#\/schema\/logo\/image\/\",\"url\":\"https:\/\/www.geisa.lu\/wp-content\/uploads\/2021\/06\/gei_logo-1.svg\",\"contentUrl\":\"https:\/\/www.geisa.lu\/wp-content\/uploads\/2021\/06\/gei_logo-1.svg\",\"width\":580.6,\"height\":215.9,\"caption\":\"GEI Gitterroste\"},\"image\":{\"@id\":\"https:\/\/www.geisa.lu\/en\/#\/schema\/logo\/image\/\"}}]}<\/script>\n<!-- \/ Yoast SEO plugin. -->","yoast_head_json":{"title":"GEI \u2013 GEI aujourd'hui","robots":{"index":"index","follow":"follow","max-snippet":"max-snippet:-1","max-image-preview":"max-image-preview:large","max-video-preview":"max-video-preview:-1"},"canonical":"https:\/\/www.geisa.lu\/fr\/gei-aujourdhui\/","og_locale":"fr_FR","og_type":"article","og_title":"GEI heute - GEI Gitterroste","og_description":"GEI, Spezialist von Gitterrosten Spezialist f\u00fcr die Herstellung von Gitterrosten zu sein, bedeutet vorauszudenken GEI ist ein Garant f\u00fcr Qualit\u00e4t und Service. Ein Team erfahrener Fachleute steht Ihnen mit innovativen Ideen zur Seite und betreut Sie vom Entwurf bis hin zur Realisierung Ihrer Projekte. In enger Zusammenarbeit analysieren unsere Vertriebsabteilung und unsere Entwicklungsabteilung Ihre individuellen [&hellip;]","og_url":"https:\/\/www.geisa.lu\/fr\/gei-aujourdhui\/","og_site_name":"GEI Gitterroste","article_modified_time":"2023-05-09T06:36:35+00:00","og_image":[{"url":"https:\/\/www.geisa.lu\/wp-content\/uploads\/2021\/09\/header-realisations-gei_0-1024x375.jpg","type":"","width":"","height":""}],"twitter_card":"summary_large_image","twitter_misc":{"Dur\u00e9e de lecture estim\u00e9e":"3 minutes"},"schema":{"@context":"https:\/\/schema.org","@graph":[{"@type":"WebPage","@id":"https:\/\/www.geisa.lu\/en\/gei-today\/","url":"https:\/\/www.geisa.lu\/en\/gei-today\/","name":"GEI \u2013 GEI aujourd'hui","isPartOf":{"@id":"https:\/\/www.geisa.lu\/en\/#website"},"primaryImageOfPage":{"@id":"https:\/\/www.geisa.lu\/en\/gei-today\/#primaryimage"},"image":{"@id":"https:\/\/www.geisa.lu\/en\/gei-today\/#primaryimage"},"thumbnailUrl":"https:\/\/www.geisa.lu\/wp-content\/uploads\/2021\/09\/header-realisations-gei_0-1024x375.jpg","datePublished":"2021-09-29T09:38:57+00:00","dateModified":"2023-05-09T06:36:35+00:00","breadcrumb":{"@id":"https:\/\/www.geisa.lu\/en\/gei-today\/#breadcrumb"},"inLanguage":"fr-FR","potentialAction":[{"@type":"ReadAction","target":["https:\/\/www.geisa.lu\/en\/gei-today\/"]}]},{"@type":"ImageObject","inLanguage":"fr-FR","@id":"https:\/\/www.geisa.lu\/en\/gei-today\/#primaryimage","url":"https:\/\/www.geisa.lu\/wp-content\/uploads\/2021\/09\/header-realisations-gei_0-1024x375.jpg","contentUrl":"https:\/\/www.geisa.lu\/wp-content\/uploads\/2021\/09\/header-realisations-gei_0-1024x375.jpg"},{"@type":"BreadcrumbList","@id":"https:\/\/www.geisa.lu\/en\/gei-today\/#breadcrumb","itemListElement":[{"@type":"ListItem","position":1,"name":"Startseite","item":"https:\/\/www.geisa.lu\/en\/"},{"@type":"ListItem","position":2,"name":"GEI heute"}]},{"@type":"WebSite","@id":"https:\/\/www.geisa.lu\/en\/#website","url":"https:\/\/www.geisa.lu\/en\/","name":"Caillebotis","description":"","publisher":{"@id":"https:\/\/www.geisa.lu\/en\/#organization"},"potentialAction":[{"@type":"SearchAction","target":{"@type":"EntryPoint","urlTemplate":"https:\/\/www.geisa.lu\/en\/?s={search_term_string}"},"query-input":{"@type":"PropertyValueSpecification","valueRequired":true,"valueName":"search_term_string"}}],"inLanguage":"fr-FR"},{"@type":"Organization","@id":"https:\/\/www.geisa.lu\/en\/#organization","name":"Caillebotis","url":"https:\/\/www.geisa.lu\/en\/","logo":{"@type":"ImageObject","inLanguage":"fr-FR","@id":"https:\/\/www.geisa.lu\/en\/#\/schema\/logo\/image\/","url":"https:\/\/www.geisa.lu\/wp-content\/uploads\/2021\/06\/gei_logo-1.svg","contentUrl":"https:\/\/www.geisa.lu\/wp-content\/uploads\/2021\/06\/gei_logo-1.svg","width":580.6,"height":215.9,"caption":"GEI Gitterroste"},"image":{"@id":"https:\/\/www.geisa.lu\/en\/#\/schema\/logo\/image\/"}}]}},"_links":{"self":[{"href":"https:\/\/www.geisa.lu\/fr\/wp-json\/wp\/v2\/pages\/2395","targetHints":{"allow":["GET"]}}],"collection":[{"href":"https:\/\/www.geisa.lu\/fr\/wp-json\/wp\/v2\/pages"}],"about":[{"href":"https:\/\/www.geisa.lu\/fr\/wp-json\/wp\/v2\/types\/page"}],"author":[{"embeddable":true,"href":"https:\/\/www.geisa.lu\/fr\/wp-json\/wp\/v2\/users\/4"}],"replies":[{"embeddable":true,"href":"https:\/\/www.geisa.lu\/fr\/wp-json\/wp\/v2\/comments?post=2395"}],"version-history":[{"count":19,"href":"https:\/\/www.geisa.lu\/fr\/wp-json\/wp\/v2\/pages\/2395\/revisions"}],"predecessor-version":[{"id":6558,"href":"https:\/\/www.geisa.lu\/fr\/wp-json\/wp\/v2\/pages\/2395\/revisions\/6558"}],"wp:attachment":[{"href":"https:\/\/www.geisa.lu\/fr\/wp-json\/wp\/v2\/media?parent=2395"}],"curies":[{"name":"wp","href":"https:\/\/api.w.org\/{rel}","templated":true}]}}