{"id":2707,"date":"2021-10-01T08:08:31","date_gmt":"2021-10-01T08:08:31","guid":{"rendered":"http:\/\/gei-gitterroste.de.46-4-53-222.vorschau.marketing-thom.de\/?page_id=2707"},"modified":"2025-10-01T11:42:21","modified_gmt":"2025-10-01T11:42:21","slug":"imprimer","status":"publish","type":"page","link":"https:\/\/www.geisa.lu\/fr\/impressum\/","title":{"rendered":"Mentions l\u00e9gales"},"content":{"rendered":"<div data-elementor-type=\"wp-page\" data-elementor-id=\"2707\" class=\"elementor elementor-2707\" data-elementor-post-type=\"page\">\n\t\t\t\t\t\t<section class=\"elementor-section elementor-top-section elementor-element elementor-element-1f9a7c3 elementor-section-boxed elementor-section-height-default elementor-section-height-default\" data-id=\"1f9a7c3\" data-element_type=\"section\" data-e-type=\"section\">\n\t\t\t\t\t\t<div class=\"elementor-container elementor-column-gap-default\">\n\t\t\t\t\t<div class=\"elementor-column elementor-col-100 elementor-top-column elementor-element elementor-element-24e9741\" data-id=\"24e9741\" data-element_type=\"column\" data-e-type=\"column\">\n\t\t\t<div class=\"elementor-widget-wrap elementor-element-populated\">\n\t\t\t\t\t\t<div class=\"elementor-element elementor-element-4484056 elementor-widget elementor-widget-text-editor\" data-id=\"4484056\" data-element_type=\"widget\" data-e-type=\"widget\" data-widget_type=\"text-editor.default\">\n\t\t\t\t<div class=\"elementor-widget-container\">\n\t\t\t\t\t\t\t\t\t<div>\n<div>\n<h1>MENTIONS L\u00c9GALES<\/h1>\n<\/div>\n<div>\n<h2>1. PR\u00c9SENTATION DU SITE.<\/h2>\n<ul>\n<li><strong>Propri\u00e9taire:<\/strong> GEI SA &#8211; 11A Avenue de la Libert\u00e9 \/ L-1931 Luxembourg<\/li>\n<li><strong>Repr\u00e9sentant l\u00e9gal:<\/strong>&nbsp;M. Jean-Jacques Koch<\/li>\n<li><strong>Num\u00e9ro de t\u00e9l\u00e9phone: <\/strong><a href=\"tel:+352 26 29 66 51\">+352 26 29 66 51<\/a><\/li>\n<li><strong>Adresse e-mail:<\/strong>&nbsp;<a href=\"mailto:gei@geisa.lu\">gei@geisa.lu<\/a><\/li>\n<li><strong>N\u00b0 de TVA intracommunautaire:<\/strong>&nbsp;LU20345400<\/li>\n<li><strong>Capital social:<\/strong>&nbsp;31.000 EUR<\/li>\n<li><strong>N\u00b0 RCS:<\/strong>&nbsp;B 103050<\/li>\n<li><strong>Responsable publication<\/strong>&nbsp;M. Jean-Jacques Koch<\/li>\n<li><strong>Cr\u00e9ateur du site<\/strong>&nbsp;<a title=\"Marketing Thom UG\" href=\"https:\/\/www.marketing-thom.de\/\">marketing kommunikation thom UG<\/a><\/li>\n<li><strong>Partie technique du site :<\/strong> <a title=\"Marketing Thom UG\" href=\"https:\/\/www.marketing-thom.de\/\">marketing kommunikation thom UG<\/a><\/li>\n<li><strong>H\u00e9bergeur :<\/strong> marketing kommunikation thom UG | Haldenweg 20a | 66333 V\u00f6lklingen<\/li>\n<\/ul>\n<h2>2. CONDITIONS G\u00c9N\u00c9RALES D\u2019UTILISATION DU SITE ET DES SERVICES PROPOS\u00c9S.<\/h2>\n<p>L\u2019utilisation du site www.geisa.lu implique l\u2019acceptation pleine et enti\u00e8re des conditions g\u00e9n\u00e9rales d\u2019utilisation ci-apr\u00e8s d\u00e9crites.<br>Ces conditions d\u2019utilisation sont susceptibles d\u2019\u00eatre modifi\u00e9es ou compl\u00e9t\u00e9es \u00e0 tout moment, les utilisateurs du site www.geisa.lu sont donc invit\u00e9s \u00e0 les consulter de mani\u00e8re r\u00e9guli\u00e8re.<\/p>\n<p>Ce site est normalement accessible \u00e0 tout moment aux utilisateurs. Une interruption pour raison de maintenance technique peut \u00eatre toutefois d\u00e9cid\u00e9e par la <br> soci\u00e9t\u00e9 GEI, qui s\u2019efforcera alors de communiquer pr\u00e9alablement aux utilisateurs les dates et heures de l\u2019intervention.<br>Le site www.geisa.lu est mis \u00e0 jour r\u00e9guli\u00e8rement par M. Jean-Jacques Koch. De la m\u00eame fa\u00e7on, les mentions l\u00e9gales peuvent \u00eatre modifi\u00e9es \u00e0 tout moment : <br> elles s\u2019imposent n\u00e9anmoins \u00e0 l\u2019utilisateur qui est invit\u00e9 \u00e0 s\u2019y r\u00e9f\u00e9rer le plus souvent possible afin d\u2019en prendre connaissance.<\/p>\n<h2>3. DESCRIPTION DES SERVICES FOURNIS.<\/h2>\n<p>Le site www.geisa.lu a pour objet de fournir une information concernant l\u2019ensemble des activit\u00e9s de la soci\u00e9t\u00e9 GEI.<\/p>\n<p>GEI s\u2019efforce de fournir sur le site www.geisa.lu des informations aussi pr\u00e9cises que possible. Toutefois, il ne pourra \u00eatre tenue responsable des omissions, des <br> inexactitudes et des carences dans la mise \u00e0 jour, qu\u2019elles soient de son fait ou du fait des tiers partenaires qui lui fournissent ces informations<\/p>\n<p>Toutes les informations indiqu\u00e9es sur le site www.geisa.lu sont donn\u00e9es \u00e0 titre indicatif, et sont susceptibles d\u2019\u00e9voluer. Par ailleurs, les renseignements figurant sur le site www.geisa.lu ne sont pas exhaustifs. Ils sont donn\u00e9s sous r\u00e9serve de modifications ayant \u00e9t\u00e9 apport\u00e9es depuis leur mise en ligne.<\/p>\n<h2>4. LIMITATIONS CONTRACTUELLES SUR LES DONN\u00c9ES TECHNIQUES.<\/h2>\n<p>Le site utilise la technologie JavaScript. Le site Internet ne pourra \u00eatre tenu responsable de dommages mat\u00e9riels li\u00e9s \u00e0 l\u2019utilisation du site. De plus, l\u2019utilisateur du site s\u2019engage \u00e0 acc\u00e9der au site en utilisant un mat\u00e9riel r\u00e9cent, ne contenant pas de virus et avec un navigateur de derni\u00e8re g\u00e9n\u00e9ration mis \u00e0 jour.<\/p>\n<h2>5. PROPRI\u00c9T\u00c9 INTELLECTUELLE ET CONTREFA\u00c7ONS.<\/h2>\n<p>GEI est propri\u00e9taire des droits de propri\u00e9t\u00e9 intellectuelle et d\u00e9tient les droits d\u2019usage sur tous les \u00e9l\u00e9ments accessibles sur le site, notamment les textes, images, graphismes, logos, ic\u00f4nes, sons, logiciels.<\/p>\n<p>Toute reproduction, repr\u00e9sentation, modification, publication, adaptation de tout ou partie des \u00e9l\u00e9ments du site, quel que soit le moyen ou le proc\u00e9d\u00e9 utilis\u00e9, est interdite, sauf autorisation \u00e9crite pr\u00e9alable de GEI.<\/p>\n<p>Toute exploitation non autoris\u00e9e du site ou de l\u2019un quelconque des \u00e9l\u00e9ments qu\u2019il contient sera consid\u00e9r\u00e9e comme constitutive d\u2019une contrefa\u00e7on et sera suivi p\u00e9nalement.<\/p>\n<h2>6. LIMITATIONS DE RESPONSABILIT\u00c9.<\/h2>\n<p>GEI ne pourra \u00eatre tenue responsable des dommages directs et indirects caus\u00e9s au mat\u00e9riel de l\u2019utilisateur, lors de l\u2019acc\u00e8s au site GEI, et r\u00e9sultant soit de <br> l\u2019utilisation d\u2019un mat\u00e9riel ne r\u00e9pondant pas aux sp\u00e9cifications indiqu\u00e9es au point 4, soit de l\u2019apparition d\u2019un bug ou d\u2019une incompatibilit\u00e9. GEI ne pourra <br>\u00e9galement \u00eatre tenue responsable des dommages indirects (tels par exemple qu\u2019une perte de march\u00e9 ou perte d\u2019une chance) cons\u00e9cutifs \u00e0 l\u2019utilisation du site www.geisa.lu.<\/p>\n<p>Des possibilit\u00e9s de poser des questions dans l\u2019espace \u00ab contact \u00bb sont \u00e0 la disposition des utilisateurs. GEI se r\u00e9serve le droit de supprimer, sans mise en demeure pr\u00e9alable, tout contenu d\u00e9pos\u00e9 dans cet espace qui contreviendrait \u00e0 la l\u00e9gislation applicable au Luxembourg, en particulier aux dispositions relatives \u00e0 la <br>protection des donn\u00e9es. Le cas \u00e9ch\u00e9ant, GEI se r\u00e9serve \u00e9galement la possibilit\u00e9 de mettre en cause la responsabilit\u00e9 civile et\/ou p\u00e9nale de l\u2019utilisateur, <br>notamment en cas de message \u00e0 caract\u00e8re raciste, injurieux, diffamant, ou pornographique, quel que soit le support utilis\u00e9 (texte, photographie\u2026).<\/p>\n<h2>7. GESTION DES DONN\u00c9ES PERSONNELLES.<\/h2>\n<p>A l'occasion de l'utilisation du site www.geisa.lu, peuvent \u00eatre recueillies : l'URL des liens par l'interm\u00e9diaire desquels l'utilisateur a acc\u00e9d\u00e9 au site www.geisa.lu, le fournisseur d'acc\u00e8s de l'utilisateur, l'adresse de protocole Internet (IP) de l'utilisateur.<\/p>\n<p>En tout \u00e9tat de cause, GEI ne collecte des informations personnelles relatives \u00e0 l'utilisateur que pour le besoin de certains services propos\u00e9s par le site <br>www.geisa.lu. L'utilisateur fournit ces informations en toute connaissance de cause, notamment lorsqu'il proc\u00e8de par lui-m\u00eame \u00e0 leur saisie. Il est alors pr\u00e9cis\u00e9 \u00e0 l'utilisateur du site www.geisa.lu l\u2019obligation ou non de fournir ces informations.<\/p>\n<p>Tout utilisateur dispose d\u2019un droit d\u2019acc\u00e8s, de rectification et d\u2019opposition aux donn\u00e9es personnelles le concernant, en effectuant sa demande \u00e9crite et sign\u00e9e, <br>accompagn\u00e9e d\u2019une copie du titre d\u2019identit\u00e9 avec signature du titulaire de la pi\u00e8ce, en pr\u00e9cisant l\u2019adresse \u00e0 laquelle la r\u00e9ponse doit \u00eatre envoy\u00e9e.<\/p>\n<p>Aucune information personnelle de l'utilisateur du site www.geisa.lu n'est publi\u00e9e \u00e0 l'insu de l'utilisateur, \u00e9chang\u00e9e, transf\u00e9r\u00e9e, c\u00e9d\u00e9e ou vendue sur un support quelconque \u00e0 des tiers. Seule l'hypoth\u00e8se du rachat de GEI et de ses droits permettrait la transmission des dites informations \u00e0 l'\u00e9ventuel acqu\u00e9reur qui serait \u00e0 son tour tenu de la m\u00eame obligation de conservation et de modification des donn\u00e9es vis \u00e0 vis de l'utilisateur du site www.geisa.lu.<\/p>\n<h2>8. LIENS HYPERTEXTES ET COOKIES.<\/h2>\n<p>Le site www.geisa.lu contient un certain nombre de liens hypertextes vers d\u2019autres sites, mis en place avec l\u2019autorisation de GEI. Cependant, GEI n\u2019a pas la <br>possibilit\u00e9 de v\u00e9rifier le contenu des sites ainsi visit\u00e9s, et n\u2019assumera en cons\u00e9quence aucune responsabilit\u00e9 de ce fait.<\/p>\n<p>La navigation sur le site www.geisa.lu est susceptible de provoquer l\u2019installation de cookie(s) sur l\u2019ordinateur de l\u2019utilisateur. Un cookie est un fichier de petite taille, qui ne permet pas l\u2019identification de l\u2019utilisateur, mais qui enregistre des informations relatives \u00e0 la navigation d\u2019un ordinateur sur un site. Les donn\u00e9es ainsi obtenues visent \u00e0 faciliter la navigation ult\u00e9rieure sur le site, et ont \u00e9galement vocation \u00e0 permettre diverses mesures de fr\u00e9quentation.<\/p>\n<p>Le refus d\u2019installation d\u2019un cookie peut entra\u00eener l\u2019impossibilit\u00e9 d\u2019acc\u00e9der \u00e0 certains services. L\u2019utilisateur peut toutefois configurer son ordinateur de la mani\u00e8re suivante, pour refuser l\u2019installation des cookies:<\/p>\n<ul>\n<li>Sous Internet Explorer : onglet Outil (pictogramme en forme de rouage en haut \u00e0 droite) \/ Options internet. Cliquez sur Confidentialit\u00e9 et choisissez Bloquer tous les cookies. Validez sur Ok.<\/li>\n<li>Sous Firefox : en haut de la fen\u00eatre du navigateur, cliquez sur le bouton Firefox, puis aller dans l'onglet Options. Cliquer sur l'onglet Vie priv\u00e9e. Param\u00e9trez les R\u00e8gles de conservation sur : utiliser les param\u00e8tres personnalis\u00e9s pour l'historique. Enfin d\u00e9cochez-la pour d\u00e9sactiver les cookies.<\/li>\n<li>Sous Safari : Cliquez en haut \u00e0 droite du navigateur sur le pictogramme de menu (symbolis\u00e9 par un rouage). S\u00e9lectionnez Param\u00e8tres. Cliquez sur Afficher les <br>param\u00e8tres avanc\u00e9s. Dans la section \"Confidentialit\u00e9\", cliquez sur Param\u00e8tres de contenu. Dans la section \"Cookies\", vous pouvez bloquer les cookies.<\/li>\n<li>Sous Chrome : Cliquez en haut \u00e0 droite du navigateur sur le pictogramme de menu (symbolis\u00e9 par trois lignes horizontales). S\u00e9lectionnez Param\u00e8tres. Cliquez sur <br>Afficher les param\u00e8tres avanc\u00e9s. Dans la section \"Confidentialit\u00e9\", cliquez sur pr\u00e9f\u00e9rences. Dans l'onglet \"Confidentialit\u00e9\", vous pouvez bloquer les cookies.<\/li>\n<\/ul>\n<h2>9. DROIT APPLICABLE ET ATTRIBUTION DE JURIDICTION.<\/h2>\n<p>Tout litige en relation avec l\u2019utilisation du site www.geisa.lu est soumis au droit luxembourgeois. Il est fait attribution exclusive de juridiction aux tribunaux <br> comp\u00e9tents du Luxembourg.<\/p>\n<h2>10. LEXIQUE.<\/h2>\n<p>Utilisateur : Internaute se connectant, utilisant le site susnomm\u00e9.<br>Informations personnelles : \u00ab les informations qui permettent, sous quelque forme que ce soit, directement ou non, l'identification des personnes physiques <br> auxquelles elles s'appliquent \u00bb (article 4 de la loi n\u00b0 78-17 du 6 janvier 1978).<\/p>\n<\/div>\n<\/div>\n<div>&nbsp;<\/div>L-1931 Luxembourg\t\t\t\t\t\t\t\t<\/div>\n\t\t\t\t<\/div>\n\t\t\t\t\t<\/div>\n\t\t<\/div>\n\t\t\t\t\t<\/div>\n\t\t<\/section>\n\t\t\t\t<\/div>","protected":false},"excerpt":{"rendered":"<p>IMPRESSUM &#8211; DISCLAIMER 1. PR\u00c4SENTATION DER WEBSITE. Eigent\u00fcmer: GEI SA &#8211; 11A Avenue de la Libert\u00e9 \/ L-1931 Luxembourg Gesetzlicher Vertreter:&nbsp;Herr Jean-Jacques Koch Telefonnummer: +352 26 29 66 51 E-Mail-Adresse :&nbsp;gei@geisa.lu Umsatzsteuer-Identifikationsnummer :&nbsp;LU20345400 Grundkapital :&nbsp;31.000 EUR Handels- und Firmenverzeichnis :&nbsp;B 103050 Verantwortlich f\u00fcr die Publikation :&nbsp;Herr Jean-Jacques Koch Gestaltung der Website:&nbsp;marketing kommunikation thom UG Technische [&hellip;]<\/p>\n","protected":false},"author":4,"featured_media":0,"parent":0,"menu_order":0,"comment_status":"closed","ping_status":"closed","template":"","meta":{"footnotes":""},"class_list":["post-2707","page","type-page","status-publish","hentry"],"yoast_head":"<!-- This site is optimized with the Yoast SEO plugin v27.1.1 - https:\/\/yoast.com\/product\/yoast-seo-wordpress\/ -->\n<title>Impressum - GEI Gitterroste<\/title>\n<meta name=\"robots\" content=\"index, follow, max-snippet:-1, max-image-preview:large, max-video-preview:-1\" \/>\n<link rel=\"canonical\" href=\"https:\/\/www.geisa.lu\/fr\/imprimer\/\" \/>\n<meta property=\"og:locale\" content=\"fr_FR\" \/>\n<meta property=\"og:type\" content=\"article\" \/>\n<meta property=\"og:title\" content=\"Impressum - GEI Gitterroste\" \/>\n<meta property=\"og:description\" content=\"IMPRESSUM &#8211; DISCLAIMER 1. PR\u00c4SENTATION DER WEBSITE. Eigent\u00fcmer: GEI SA &#8211; 11A Avenue de la Libert\u00e9 \/ L-1931 Luxembourg Gesetzlicher Vertreter:&nbsp;Herr Jean-Jacques Koch Telefonnummer: +352 26 29 66 51 E-Mail-Adresse :&nbsp;gei@geisa.lu Umsatzsteuer-Identifikationsnummer :&nbsp;LU20345400 Grundkapital :&nbsp;31.000 EUR Handels- und Firmenverzeichnis :&nbsp;B 103050 Verantwortlich f\u00fcr die Publikation :&nbsp;Herr Jean-Jacques Koch Gestaltung der Website:&nbsp;marketing kommunikation thom UG Technische [&hellip;]\" \/>\n<meta property=\"og:url\" content=\"https:\/\/www.geisa.lu\/fr\/imprimer\/\" \/>\n<meta property=\"og:site_name\" content=\"GEI Gitterroste\" \/>\n<meta property=\"article:modified_time\" content=\"2025-10-01T11:42:21+00:00\" \/>\n<meta name=\"twitter:card\" content=\"summary_large_image\" \/>\n<meta name=\"twitter:label1\" content=\"Dur\u00e9e de lecture estim\u00e9e\" \/>\n\t<meta name=\"twitter:data1\" content=\"7 minutes\" \/>\n<script type=\"application\/ld+json\" class=\"yoast-schema-graph\">{\"@context\":\"https:\/\/schema.org\",\"@graph\":[{\"@type\":\"WebPage\",\"@id\":\"https:\/\/www.geisa.lu\/fr\/imprimer\/\",\"url\":\"https:\/\/www.geisa.lu\/fr\/imprimer\/\",\"name\":\"Impressum - GEI Gitterroste\",\"isPartOf\":{\"@id\":\"https:\/\/www.geisa.lu\/en\/#website\"},\"datePublished\":\"2021-10-01T08:08:31+00:00\",\"dateModified\":\"2025-10-01T11:42:21+00:00\",\"breadcrumb\":{\"@id\":\"https:\/\/www.geisa.lu\/fr\/imprimer\/#breadcrumb\"},\"inLanguage\":\"fr-FR\",\"potentialAction\":[{\"@type\":\"ReadAction\",\"target\":[\"https:\/\/www.geisa.lu\/fr\/imprimer\/\"]}]},{\"@type\":\"BreadcrumbList\",\"@id\":\"https:\/\/www.geisa.lu\/fr\/imprimer\/#breadcrumb\",\"itemListElement\":[{\"@type\":\"ListItem\",\"position\":1,\"name\":\"Startseite\",\"item\":\"https:\/\/www.geisa.lu\/en\/\"},{\"@type\":\"ListItem\",\"position\":2,\"name\":\"Impressum\"}]},{\"@type\":\"WebSite\",\"@id\":\"https:\/\/www.geisa.lu\/en\/#website\",\"url\":\"https:\/\/www.geisa.lu\/en\/\",\"name\":\"GEI Gitterroste\",\"description\":\"\",\"publisher\":{\"@id\":\"https:\/\/www.geisa.lu\/en\/#organization\"},\"potentialAction\":[{\"@type\":\"SearchAction\",\"target\":{\"@type\":\"EntryPoint\",\"urlTemplate\":\"https:\/\/www.geisa.lu\/en\/?s={search_term_string}\"},\"query-input\":{\"@type\":\"PropertyValueSpecification\",\"valueRequired\":true,\"valueName\":\"search_term_string\"}}],\"inLanguage\":\"fr-FR\"},{\"@type\":\"Organization\",\"@id\":\"https:\/\/www.geisa.lu\/en\/#organization\",\"name\":\"GEI Gitterroste\",\"url\":\"https:\/\/www.geisa.lu\/en\/\",\"logo\":{\"@type\":\"ImageObject\",\"inLanguage\":\"fr-FR\",\"@id\":\"https:\/\/www.geisa.lu\/en\/#\/schema\/logo\/image\/\",\"url\":\"https:\/\/www.geisa.lu\/wp-content\/uploads\/2021\/06\/gei_logo-1.svg\",\"contentUrl\":\"https:\/\/www.geisa.lu\/wp-content\/uploads\/2021\/06\/gei_logo-1.svg\",\"width\":580.6,\"height\":215.9,\"caption\":\"GEI Gitterroste\"},\"image\":{\"@id\":\"https:\/\/www.geisa.lu\/en\/#\/schema\/logo\/image\/\"}}]}<\/script>\n<!-- \/ Yoast SEO plugin. -->","yoast_head_json":{"title":"GEI \u2013 Mentions l\u00e9gales","robots":{"index":"index","follow":"follow","max-snippet":"max-snippet:-1","max-image-preview":"max-image-preview:large","max-video-preview":"max-video-preview:-1"},"canonical":"https:\/\/www.geisa.lu\/fr\/imprimer\/","og_locale":"fr_FR","og_type":"article","og_title":"Impressum - GEI Gitterroste","og_description":"IMPRESSUM &#8211; DISCLAIMER 1. PR\u00c4SENTATION DER WEBSITE. Eigent\u00fcmer: GEI SA &#8211; 11A Avenue de la Libert\u00e9 \/ L-1931 Luxembourg Gesetzlicher Vertreter:&nbsp;Herr Jean-Jacques Koch Telefonnummer: +352 26 29 66 51 E-Mail-Adresse :&nbsp;gei@geisa.lu Umsatzsteuer-Identifikationsnummer :&nbsp;LU20345400 Grundkapital :&nbsp;31.000 EUR Handels- und Firmenverzeichnis :&nbsp;B 103050 Verantwortlich f\u00fcr die Publikation :&nbsp;Herr Jean-Jacques Koch Gestaltung der Website:&nbsp;marketing kommunikation thom UG Technische [&hellip;]","og_url":"https:\/\/www.geisa.lu\/fr\/imprimer\/","og_site_name":"GEI Gitterroste","article_modified_time":"2025-10-01T11:42:21+00:00","twitter_card":"summary_large_image","twitter_misc":{"Dur\u00e9e de lecture estim\u00e9e":"7 minutes"},"schema":{"@context":"https:\/\/schema.org","@graph":[{"@type":"WebPage","@id":"https:\/\/www.geisa.lu\/fr\/imprimer\/","url":"https:\/\/www.geisa.lu\/fr\/imprimer\/","name":"GEI \u2013 Mentions l\u00e9gales","isPartOf":{"@id":"https:\/\/www.geisa.lu\/en\/#website"},"datePublished":"2021-10-01T08:08:31+00:00","dateModified":"2025-10-01T11:42:21+00:00","breadcrumb":{"@id":"https:\/\/www.geisa.lu\/fr\/imprimer\/#breadcrumb"},"inLanguage":"fr-FR","potentialAction":[{"@type":"ReadAction","target":["https:\/\/www.geisa.lu\/fr\/imprimer\/"]}]},{"@type":"BreadcrumbList","@id":"https:\/\/www.geisa.lu\/fr\/imprimer\/#breadcrumb","itemListElement":[{"@type":"ListItem","position":1,"name":"Startseite","item":"https:\/\/www.geisa.lu\/en\/"},{"@type":"ListItem","position":2,"name":"Impressum"}]},{"@type":"WebSite","@id":"https:\/\/www.geisa.lu\/en\/#website","url":"https:\/\/www.geisa.lu\/en\/","name":"Caillebotis","description":"","publisher":{"@id":"https:\/\/www.geisa.lu\/en\/#organization"},"potentialAction":[{"@type":"SearchAction","target":{"@type":"EntryPoint","urlTemplate":"https:\/\/www.geisa.lu\/en\/?s={search_term_string}"},"query-input":{"@type":"PropertyValueSpecification","valueRequired":true,"valueName":"search_term_string"}}],"inLanguage":"fr-FR"},{"@type":"Organization","@id":"https:\/\/www.geisa.lu\/en\/#organization","name":"Caillebotis","url":"https:\/\/www.geisa.lu\/en\/","logo":{"@type":"ImageObject","inLanguage":"fr-FR","@id":"https:\/\/www.geisa.lu\/en\/#\/schema\/logo\/image\/","url":"https:\/\/www.geisa.lu\/wp-content\/uploads\/2021\/06\/gei_logo-1.svg","contentUrl":"https:\/\/www.geisa.lu\/wp-content\/uploads\/2021\/06\/gei_logo-1.svg","width":580.6,"height":215.9,"caption":"GEI Gitterroste"},"image":{"@id":"https:\/\/www.geisa.lu\/en\/#\/schema\/logo\/image\/"}}]}},"_links":{"self":[{"href":"https:\/\/www.geisa.lu\/fr\/wp-json\/wp\/v2\/pages\/2707","targetHints":{"allow":["GET"]}}],"collection":[{"href":"https:\/\/www.geisa.lu\/fr\/wp-json\/wp\/v2\/pages"}],"about":[{"href":"https:\/\/www.geisa.lu\/fr\/wp-json\/wp\/v2\/types\/page"}],"author":[{"embeddable":true,"href":"https:\/\/www.geisa.lu\/fr\/wp-json\/wp\/v2\/users\/4"}],"replies":[{"embeddable":true,"href":"https:\/\/www.geisa.lu\/fr\/wp-json\/wp\/v2\/comments?post=2707"}],"version-history":[{"count":52,"href":"https:\/\/www.geisa.lu\/fr\/wp-json\/wp\/v2\/pages\/2707\/revisions"}],"predecessor-version":[{"id":9656,"href":"https:\/\/www.geisa.lu\/fr\/wp-json\/wp\/v2\/pages\/2707\/revisions\/9656"}],"wp:attachment":[{"href":"https:\/\/www.geisa.lu\/fr\/wp-json\/wp\/v2\/media?parent=2707"}],"curies":[{"name":"wp","href":"https:\/\/api.w.org\/{rel}","templated":true}]}}