{"id":61,"date":"2016-12-19T05:41:59","date_gmt":"2016-12-19T05:41:59","guid":{"rendered":"http:\/\/gei-gitterroste.de.46-4-53-222.vorschau.marketing-thom.de\/eine-firmeneigene-entwicklungsabteilung\/"},"modified":"2021-10-01T09:20:28","modified_gmt":"2021-10-01T09:20:28","slug":"bureau-detudes","status":"publish","type":"page","link":"https:\/\/www.geisa.lu\/fr\/leistungen\/eine-firmeneigene-entwicklungsabteilung\/","title":{"rendered":"Un bureau d'\u00e9tudes int\u00e9gr\u00e9"},"content":{"rendered":"<div data-elementor-type=\"wp-page\" data-elementor-id=\"61\" class=\"elementor elementor-61\" data-elementor-post-type=\"page\">\n\t\t\t\t\t\t<section class=\"elementor-section elementor-top-section elementor-element elementor-element-1d3836c3 elementor-section-boxed elementor-section-height-default elementor-section-height-default\" data-id=\"1d3836c3\" data-element_type=\"section\" data-e-type=\"section\">\n\t\t\t\t\t\t<div class=\"elementor-container elementor-column-gap-default\">\n\t\t\t\t\t<div class=\"elementor-column elementor-col-50 elementor-top-column elementor-element elementor-element-24ba9f62\" data-id=\"24ba9f62\" data-element_type=\"column\" data-e-type=\"column\">\n\t\t\t<div class=\"elementor-widget-wrap elementor-element-populated\">\n\t\t\t\t\t\t<div class=\"elementor-element elementor-element-219e347e elementor-widget elementor-widget-text-editor\" data-id=\"219e347e\" data-element_type=\"widget\" data-e-type=\"widget\" data-widget_type=\"text-editor.default\">\n\t\t\t\t<div class=\"elementor-widget-container\">\n\t\t\t\t\t\t\t\t\t<div><h1>Un bureau d'\u00e9tudes int\u00e9gr\u00e9<\/h1><p>Le sur-mesure est un point fort de GEI. Nos techniciens du bureau d\u2019\u00e9tudes, <br>enti\u00e8rement int\u00e9gr\u00e9 au sein de l\u2019entreprise, sont \u00e0 votre \u00e9coute afin de traiter vos demandes techniques ainsi que vos plans de calepinage et pourront vous conseiller en collaboration avec notre service commercial. Sp\u00e9cialement <br> form\u00e9s aux logiciels de conception assist\u00e9 par ordinateurs (CAO), nos <br> dessinateurs industriels sauront vous r\u00e9aliser des notes de calcul et mod\u00e9liser vos projets en trouvant la meilleure solution \u00e0 vos exigences et besoins les plus sp\u00e9cifiques, tant dans le secteur industriel qu\u2019architectural.<\/p><\/div>\t\t\t\t\t\t\t\t<\/div>\n\t\t\t\t<\/div>\n\t\t\t\t\t<\/div>\n\t\t<\/div>\n\t\t\t\t<div class=\"elementor-column elementor-col-50 elementor-top-column elementor-element elementor-element-e38686a\" data-id=\"e38686a\" data-element_type=\"column\" data-e-type=\"column\">\n\t\t\t<div class=\"elementor-widget-wrap elementor-element-populated\">\n\t\t\t\t\t\t<div class=\"elementor-element elementor-element-8272457 elementor-widget elementor-widget-image\" data-id=\"8272457\" data-element_type=\"widget\" data-e-type=\"widget\" data-widget_type=\"image.default\">\n\t\t\t\t<div class=\"elementor-widget-container\">\n\t\t\t\t\t\t\t\t\t\t\t\t\t\t\t<img fetchpriority=\"high\" decoding=\"async\" width=\"500\" height=\"281\" src=\"https:\/\/www.geisa.lu\/wp-content\/uploads\/2016\/09\/default_images_burea-etudes-jk.jpg\" class=\"attachment-large size-large wp-image-16\" alt=\"\" srcset=\"https:\/\/www.geisa.lu\/wp-content\/uploads\/2016\/09\/default_images_burea-etudes-jk.jpg 500w, https:\/\/www.geisa.lu\/wp-content\/uploads\/2016\/09\/default_images_burea-etudes-jk-300x169.jpg 300w, https:\/\/www.geisa.lu\/wp-content\/uploads\/2016\/09\/default_images_burea-etudes-jk-360x203.jpg 360w, https:\/\/www.geisa.lu\/wp-content\/uploads\/2016\/09\/default_images_burea-etudes-jk-270x153.jpg 270w, https:\/\/www.geisa.lu\/wp-content\/uploads\/2016\/09\/default_images_burea-etudes-jk-480x271.jpg 480w, https:\/\/www.geisa.lu\/wp-content\/uploads\/2016\/09\/default_images_burea-etudes-jk-400x225.jpg 400w\" sizes=\"(max-width: 500px) 100vw, 500px\" \/>\t\t\t\t\t\t\t\t\t\t\t\t\t\t\t<\/div>\n\t\t\t\t<\/div>\n\t\t\t\t\t<\/div>\n\t\t<\/div>\n\t\t\t\t\t<\/div>\n\t\t<\/section>\n\t\t\t\t<\/div>","protected":false},"excerpt":{"rendered":"<p>Eine firmeneigene Entwicklungsabteilung Eine St\u00e4rke von GEI ist die Sonderanfertigung. Unsere Techniker der firmeneigenen Entwicklungsabteilung stehen zu Ihrer Verf\u00fcgung, um Ihre technischen Anfragen und Verlegepl\u00e4ne zu bearbeiten und Sie gemeinsam mit unserer\u00a0 Vertriebsabteilung zu beraten. Unsere technischen Zeichner arbeiten mit spezieller CAD-Software und sind in der Lage, statische Berechnungen f\u00fcr Sie zu erstellen und Ihren [&hellip;]<\/p>\n","protected":false},"author":1,"featured_media":16,"parent":2218,"menu_order":0,"comment_status":"closed","ping_status":"closed","template":"","meta":{"footnotes":""},"class_list":["post-61","page","type-page","status-publish","has-post-thumbnail","hentry"],"yoast_head":"<!-- This site is optimized with the Yoast SEO plugin v27.1.1 - https:\/\/yoast.com\/product\/yoast-seo-wordpress\/ -->\n<title>Eine firmeneigene Entwicklungsabteilung - GEI Gitterroste<\/title>\n<meta name=\"robots\" content=\"index, follow, max-snippet:-1, max-image-preview:large, max-video-preview:-1\" \/>\n<link rel=\"canonical\" href=\"https:\/\/www.geisa.lu\/fr\/leistungen\/bureau-detudes\/\" \/>\n<meta property=\"og:locale\" content=\"fr_FR\" \/>\n<meta property=\"og:type\" content=\"article\" \/>\n<meta property=\"og:title\" content=\"Eine firmeneigene Entwicklungsabteilung - GEI Gitterroste\" \/>\n<meta property=\"og:description\" content=\"Eine firmeneigene Entwicklungsabteilung Eine St\u00e4rke von GEI ist die Sonderanfertigung. Unsere Techniker der firmeneigenen Entwicklungsabteilung stehen zu Ihrer Verf\u00fcgung, um Ihre technischen Anfragen und Verlegepl\u00e4ne zu bearbeiten und Sie gemeinsam mit unserer\u00a0 Vertriebsabteilung zu beraten. Unsere technischen Zeichner arbeiten mit spezieller CAD-Software und sind in der Lage, statische Berechnungen f\u00fcr Sie zu erstellen und Ihren [&hellip;]\" \/>\n<meta property=\"og:url\" content=\"https:\/\/www.geisa.lu\/fr\/leistungen\/bureau-detudes\/\" \/>\n<meta property=\"og:site_name\" content=\"GEI Gitterroste\" \/>\n<meta property=\"article:modified_time\" content=\"2021-10-01T09:20:28+00:00\" \/>\n<meta property=\"og:image\" content=\"https:\/\/www.geisa.lu\/wp-content\/uploads\/2016\/09\/default_images_burea-etudes-jk.jpg\" \/>\n\t<meta property=\"og:image:width\" content=\"500\" \/>\n\t<meta property=\"og:image:height\" content=\"281\" \/>\n\t<meta property=\"og:image:type\" content=\"image\/jpeg\" \/>\n<meta name=\"twitter:card\" content=\"summary_large_image\" \/>\n<script type=\"application\/ld+json\" class=\"yoast-schema-graph\">{\"@context\":\"https:\/\/schema.org\",\"@graph\":[{\"@type\":\"WebPage\",\"@id\":\"https:\/\/www.geisa.lu\/fr\/leistungen\/bureau-detudes\/\",\"url\":\"https:\/\/www.geisa.lu\/fr\/leistungen\/bureau-detudes\/\",\"name\":\"Eine firmeneigene Entwicklungsabteilung - GEI Gitterroste\",\"isPartOf\":{\"@id\":\"https:\/\/www.geisa.lu\/en\/#website\"},\"primaryImageOfPage\":{\"@id\":\"https:\/\/www.geisa.lu\/fr\/leistungen\/bureau-detudes\/#primaryimage\"},\"image\":{\"@id\":\"https:\/\/www.geisa.lu\/fr\/leistungen\/bureau-detudes\/#primaryimage\"},\"thumbnailUrl\":\"https:\/\/www.geisa.lu\/wp-content\/uploads\/2016\/09\/default_images_burea-etudes-jk.jpg\",\"datePublished\":\"2016-12-19T05:41:59+00:00\",\"dateModified\":\"2021-10-01T09:20:28+00:00\",\"breadcrumb\":{\"@id\":\"https:\/\/www.geisa.lu\/fr\/leistungen\/bureau-detudes\/#breadcrumb\"},\"inLanguage\":\"fr-FR\",\"potentialAction\":[{\"@type\":\"ReadAction\",\"target\":[\"https:\/\/www.geisa.lu\/fr\/leistungen\/bureau-detudes\/\"]}]},{\"@type\":\"ImageObject\",\"inLanguage\":\"fr-FR\",\"@id\":\"https:\/\/www.geisa.lu\/fr\/leistungen\/bureau-detudes\/#primaryimage\",\"url\":\"https:\/\/www.geisa.lu\/wp-content\/uploads\/2016\/09\/default_images_burea-etudes-jk.jpg\",\"contentUrl\":\"https:\/\/www.geisa.lu\/wp-content\/uploads\/2016\/09\/default_images_burea-etudes-jk.jpg\",\"width\":500,\"height\":281},{\"@type\":\"BreadcrumbList\",\"@id\":\"https:\/\/www.geisa.lu\/fr\/leistungen\/bureau-detudes\/#breadcrumb\",\"itemListElement\":[{\"@type\":\"ListItem\",\"position\":1,\"name\":\"Startseite\",\"item\":\"https:\/\/www.geisa.lu\/en\/\"},{\"@type\":\"ListItem\",\"position\":2,\"name\":\"Leistungen\",\"item\":\"https:\/\/www.geisa.lu\/fr\/leistungen\/\"},{\"@type\":\"ListItem\",\"position\":3,\"name\":\"Eine firmeneigene Entwicklungsabteilung\"}]},{\"@type\":\"WebSite\",\"@id\":\"https:\/\/www.geisa.lu\/en\/#website\",\"url\":\"https:\/\/www.geisa.lu\/en\/\",\"name\":\"GEI Gitterroste\",\"description\":\"\",\"publisher\":{\"@id\":\"https:\/\/www.geisa.lu\/en\/#organization\"},\"potentialAction\":[{\"@type\":\"SearchAction\",\"target\":{\"@type\":\"EntryPoint\",\"urlTemplate\":\"https:\/\/www.geisa.lu\/en\/?s={search_term_string}\"},\"query-input\":{\"@type\":\"PropertyValueSpecification\",\"valueRequired\":true,\"valueName\":\"search_term_string\"}}],\"inLanguage\":\"fr-FR\"},{\"@type\":\"Organization\",\"@id\":\"https:\/\/www.geisa.lu\/en\/#organization\",\"name\":\"GEI Gitterroste\",\"url\":\"https:\/\/www.geisa.lu\/en\/\",\"logo\":{\"@type\":\"ImageObject\",\"inLanguage\":\"fr-FR\",\"@id\":\"https:\/\/www.geisa.lu\/en\/#\/schema\/logo\/image\/\",\"url\":\"https:\/\/www.geisa.lu\/wp-content\/uploads\/2021\/06\/gei_logo-1.svg\",\"contentUrl\":\"https:\/\/www.geisa.lu\/wp-content\/uploads\/2021\/06\/gei_logo-1.svg\",\"width\":580.6,\"height\":215.9,\"caption\":\"GEI Gitterroste\"},\"image\":{\"@id\":\"https:\/\/www.geisa.lu\/en\/#\/schema\/logo\/image\/\"}}]}<\/script>\n<!-- \/ Yoast SEO plugin. -->","yoast_head_json":{"title":"GEI \u2013 Un bureau d'etudes int\u00e9gr\u00e9","robots":{"index":"index","follow":"follow","max-snippet":"max-snippet:-1","max-image-preview":"max-image-preview:large","max-video-preview":"max-video-preview:-1"},"canonical":"https:\/\/www.geisa.lu\/fr\/leistungen\/bureau-detudes\/","og_locale":"fr_FR","og_type":"article","og_title":"Eine firmeneigene Entwicklungsabteilung - GEI Gitterroste","og_description":"Eine firmeneigene Entwicklungsabteilung Eine St\u00e4rke von GEI ist die Sonderanfertigung. Unsere Techniker der firmeneigenen Entwicklungsabteilung stehen zu Ihrer Verf\u00fcgung, um Ihre technischen Anfragen und Verlegepl\u00e4ne zu bearbeiten und Sie gemeinsam mit unserer\u00a0 Vertriebsabteilung zu beraten. Unsere technischen Zeichner arbeiten mit spezieller CAD-Software und sind in der Lage, statische Berechnungen f\u00fcr Sie zu erstellen und Ihren [&hellip;]","og_url":"https:\/\/www.geisa.lu\/fr\/leistungen\/bureau-detudes\/","og_site_name":"GEI Gitterroste","article_modified_time":"2021-10-01T09:20:28+00:00","og_image":[{"width":500,"height":281,"url":"https:\/\/www.geisa.lu\/wp-content\/uploads\/2016\/09\/default_images_burea-etudes-jk.jpg","type":"image\/jpeg"}],"twitter_card":"summary_large_image","schema":{"@context":"https:\/\/schema.org","@graph":[{"@type":"WebPage","@id":"https:\/\/www.geisa.lu\/fr\/leistungen\/bureau-detudes\/","url":"https:\/\/www.geisa.lu\/fr\/leistungen\/bureau-detudes\/","name":"GEI \u2013 Un bureau d'etudes int\u00e9gr\u00e9","isPartOf":{"@id":"https:\/\/www.geisa.lu\/en\/#website"},"primaryImageOfPage":{"@id":"https:\/\/www.geisa.lu\/fr\/leistungen\/bureau-detudes\/#primaryimage"},"image":{"@id":"https:\/\/www.geisa.lu\/fr\/leistungen\/bureau-detudes\/#primaryimage"},"thumbnailUrl":"https:\/\/www.geisa.lu\/wp-content\/uploads\/2016\/09\/default_images_burea-etudes-jk.jpg","datePublished":"2016-12-19T05:41:59+00:00","dateModified":"2021-10-01T09:20:28+00:00","breadcrumb":{"@id":"https:\/\/www.geisa.lu\/fr\/leistungen\/bureau-detudes\/#breadcrumb"},"inLanguage":"fr-FR","potentialAction":[{"@type":"ReadAction","target":["https:\/\/www.geisa.lu\/fr\/leistungen\/bureau-detudes\/"]}]},{"@type":"ImageObject","inLanguage":"fr-FR","@id":"https:\/\/www.geisa.lu\/fr\/leistungen\/bureau-detudes\/#primaryimage","url":"https:\/\/www.geisa.lu\/wp-content\/uploads\/2016\/09\/default_images_burea-etudes-jk.jpg","contentUrl":"https:\/\/www.geisa.lu\/wp-content\/uploads\/2016\/09\/default_images_burea-etudes-jk.jpg","width":500,"height":281},{"@type":"BreadcrumbList","@id":"https:\/\/www.geisa.lu\/fr\/leistungen\/bureau-detudes\/#breadcrumb","itemListElement":[{"@type":"ListItem","position":1,"name":"Startseite","item":"https:\/\/www.geisa.lu\/en\/"},{"@type":"ListItem","position":2,"name":"Leistungen","item":"https:\/\/www.geisa.lu\/fr\/leistungen\/"},{"@type":"ListItem","position":3,"name":"Eine firmeneigene Entwicklungsabteilung"}]},{"@type":"WebSite","@id":"https:\/\/www.geisa.lu\/en\/#website","url":"https:\/\/www.geisa.lu\/en\/","name":"Caillebotis","description":"","publisher":{"@id":"https:\/\/www.geisa.lu\/en\/#organization"},"potentialAction":[{"@type":"SearchAction","target":{"@type":"EntryPoint","urlTemplate":"https:\/\/www.geisa.lu\/en\/?s={search_term_string}"},"query-input":{"@type":"PropertyValueSpecification","valueRequired":true,"valueName":"search_term_string"}}],"inLanguage":"fr-FR"},{"@type":"Organization","@id":"https:\/\/www.geisa.lu\/en\/#organization","name":"Caillebotis","url":"https:\/\/www.geisa.lu\/en\/","logo":{"@type":"ImageObject","inLanguage":"fr-FR","@id":"https:\/\/www.geisa.lu\/en\/#\/schema\/logo\/image\/","url":"https:\/\/www.geisa.lu\/wp-content\/uploads\/2021\/06\/gei_logo-1.svg","contentUrl":"https:\/\/www.geisa.lu\/wp-content\/uploads\/2021\/06\/gei_logo-1.svg","width":580.6,"height":215.9,"caption":"GEI Gitterroste"},"image":{"@id":"https:\/\/www.geisa.lu\/en\/#\/schema\/logo\/image\/"}}]}},"_links":{"self":[{"href":"https:\/\/www.geisa.lu\/fr\/wp-json\/wp\/v2\/pages\/61","targetHints":{"allow":["GET"]}}],"collection":[{"href":"https:\/\/www.geisa.lu\/fr\/wp-json\/wp\/v2\/pages"}],"about":[{"href":"https:\/\/www.geisa.lu\/fr\/wp-json\/wp\/v2\/types\/page"}],"author":[{"embeddable":true,"href":"https:\/\/www.geisa.lu\/fr\/wp-json\/wp\/v2\/users\/1"}],"replies":[{"embeddable":true,"href":"https:\/\/www.geisa.lu\/fr\/wp-json\/wp\/v2\/comments?post=61"}],"version-history":[{"count":10,"href":"https:\/\/www.geisa.lu\/fr\/wp-json\/wp\/v2\/pages\/61\/revisions"}],"predecessor-version":[{"id":2727,"href":"https:\/\/www.geisa.lu\/fr\/wp-json\/wp\/v2\/pages\/61\/revisions\/2727"}],"up":[{"embeddable":true,"href":"https:\/\/www.geisa.lu\/fr\/wp-json\/wp\/v2\/pages\/2218"}],"wp:featuredmedia":[{"embeddable":true,"href":"https:\/\/www.geisa.lu\/fr\/wp-json\/wp\/v2\/media\/16"}],"wp:attachment":[{"href":"https:\/\/www.geisa.lu\/fr\/wp-json\/wp\/v2\/media?parent=61"}],"curies":[{"name":"wp","href":"https:\/\/api.w.org\/{rel}","templated":true}]}}