{"id":75,"date":"2017-01-24T08:51:57","date_gmt":"2017-01-24T08:51:57","guid":{"rendered":"http:\/\/gei-gitterroste.de.46-4-53-222.vorschau.marketing-thom.de\/impressum-disclaimer\/"},"modified":"2017-01-24T08:51:57","modified_gmt":"2017-01-24T08:51:57","slug":"impressum-disclaimer","status":"publish","type":"page","link":"https:\/\/www.geisa.lu\/fr\/impressum-disclaimer\/","title":{"rendered":"Impressum &#8211; Disclaimer"},"content":{"rendered":"<h2>1. PR\u00c9SENTATION DU SITE.<\/h2>\n<ul>\n<li><strong>Propri\u00e9taire:<\/strong> G.E.I. Deutschland GmbH &#8211; In der Lach 10 D-66271 Kleinblittersdorf <\/li>\n<li><strong>Repr\u00e9sentant l\u00e9gal:<\/strong> M. Jean-Jacques Koch<\/li>\n<li><strong>Num\u00e9ro de t\u00e9l\u00e9phone<\/strong> +49 (0)68 05 \/ 91 39 25-0<\/li>\n<li><strong>Adresse e-mail:<\/strong> gei@geisa.lu<\/li>\n<li><strong>N\u00b0 de TVA intracommunautaire:<\/strong> DE815670056 <\/li>\n<li><strong>Capital social:<\/strong> 25 000 EUR <\/li>\n<li><strong>N\u00b0 RCS:<\/strong> Capital social: 31.000 EUR<\/li>\n<li><strong>Responsable publication<\/strong> M. Jean-Jacques Koch <\/li>\n<li><strong>Cr\u00e9ateur du site<\/strong> <a href=\"https:\/\/www.popup-studio.fr\" title=\"Marketing Thom UG\">Marketing Thom UG<\/a><\/li>\n<li><strong>Partie technique du site :<\/strong> <a href=\"https:\/\/www.megento.fr\" title=\"Drupal Expert\">Megento &#8211; Drupal Expert<\/a><\/li>\n<li><strong>H\u00e9bergeur :<\/strong> Marketing Thom UG \u2013 Haldenweg 20a | 66333 V\u00f6lklingen<\/li>\n<\/ul>\n<h2 style=\"padding-top:15px;\">2. CONDITIONS G\u00c9N\u00c9RALES D\u2019UTILISATION DU SITE ET DES SERVICES PROPOS\u00c9S.<\/h2>\n<p>Die Nutzung der Website www.gei-gitterroste.de setzt die volle und vorbehaltlose Akzeptanz der nachfolgend angef\u00fchrten allgemeinen Nutzungsbedingungen voraus. Diese Nutzungsbedingungen k\u00f6nnen jederzeit ge\u00e4ndert oder erg\u00e4nzt werden. Deshalb wird den Nutzern der Website www.gei-gitterroste.de geraten, sie regelm\u00e4\u00dfig einzusehen. <br \/>\nCe site est normalement accessible \u00e0 tout moment aux utilisateurs. Une interruption pour raison de maintenance technique peut \u00eatre toutefois d\u00e9cid\u00e9e par la <br> soci\u00e9t\u00e9 GEI, qui s\u2019efforcera alors de communiquer pr\u00e9alablement aux utilisateurs les dates et heures de l\u2019intervention.<br \/>\nDie Website www.gei-gitterroste.de wird von Herr Jean-Jacques Koch regelm\u00e4\u00dfig aktualisiert. Ebenso k\u00f6nnen die Nutzungsbedingungen jederzeit ge\u00e4ndert werden. Deshalb empfehlen wir unseren Nutzern, sie so oft wie m\u00f6glich einzusehen, um Kenntnis von \u00c4nderungen zu erlangen.<\/p>\n<h2 style=\"padding-top:15px;\">3. DESCRIPTION DES SERVICES FOURNIS.<\/h2>\n<p>Die Website www.gei-gitterroste.de dient dazu, \u00fcber s\u00e4mtliche Aktivit\u00e4ten des Unternehmens zu informieren.<\/p>\n<p>GEI ist bem\u00fcht, auf der Website www.gei-gitterroste.de m\u00f6glichst pr\u00e4zise Informationen bereitzustellen. Wir \u00fcbernehmen jedoch keine Haftung f\u00fcr Weglassungen, Ungenauigkeiten oder Unzul\u00e4nglichkeiten von Aktualisierungen, egal, ob es sich dabei um selbst zur Verf\u00fcgung gestellte Informationen oder um von Partnern oder Dritten gelieferte Informationen handelt. <\/p>\n<p>S\u00e4mtliche auf der Website www.gei-gitterroste.de angegebenen Daten sind nur als Richtwerte zu betrachten, da sie sich \u00e4ndern k\u00f6nnen. Ferner sind die auf der Website www.gei-gitterroste.de dargestellten Informationen weder umfassend noch ersch\u00f6pfend. Sie sind vorbehaltlich von \u00c4nderungen angegeben, die m\u00f6glicherweise seit ihrer Online-Stellung vorgenommen worden sind.<\/p>\n<h2 style=\"padding-top:15px;\">4. LIMITATIONS CONTRACTUELLES SUR LES DONN\u00c9ES TECHNIQUES.<\/h2>\n<p>Le site utilise la technologie JavaScript. Le site Internet ne pourra \u00eatre tenu responsable de dommages mat\u00e9riels li\u00e9s \u00e0 l\u2019utilisation du site. De plus, l\u2019utilisateur du site s\u2019engage \u00e0 acc\u00e9der au site en utilisant un mat\u00e9riel r\u00e9cent, ne contenant pas de virus et avec un navigateur de derni\u00e8re g\u00e9n\u00e9ration mis \u00e0 jour.<\/p>\n<h2 style=\"padding-top:15px;\">5. PROPRI\u00c9T\u00c9 INTELLECTUELLE ET CONTREFA\u00c7ONS.<\/h2>\n<p>GEI est propri\u00e9taire des droits de propri\u00e9t\u00e9 intellectuelle et d\u00e9tient les droits d\u2019usage sur tous les \u00e9l\u00e9ments accessibles sur le site, notamment les textes, images, graphismes, logos, ic\u00f4nes, sons, logiciels.<\/p>\n<p>Toute reproduction, repr\u00e9sentation, modification, publication, adaptation de tout ou partie des \u00e9l\u00e9ments du site, quel que soit le moyen ou le proc\u00e9d\u00e9 utilis\u00e9, est interdite, sauf autorisation \u00e9crite pr\u00e9alable de GEI.<\/p>\n<p>Toute exploitation non autoris\u00e9e du site ou de l\u2019un quelconque des \u00e9l\u00e9ments qu\u2019il contient sera consid\u00e9r\u00e9e comme constitutive d\u2019une contrefa\u00e7on et sera suivi p\u00e9nalement.<\/p>\n<h2 style=\"padding-top:15px;\">6. LIMITATIONS DE RESPONSABILIT\u00c9.<\/h2>\n<p>GEI kann weder f\u00fcr unmittelbare Sch\u00e4den noch f\u00fcr Folgesch\u00e4den haftbar gemacht werden, die bei einem Zugriff auf die Website GEI an der Ausr\u00fcstung des Benutzers entstehen und entweder auf die Verwendung einer Ausr\u00fcstung, die nicht der unter Punkt 4 angegebenen Spezifikation entspricht, oder auf das Auftreten eines Fehlers oder einer Inkompatibilit\u00e4t zur\u00fcckzuf\u00fchren sind. Auch kann GEI nicht f\u00fcr indirekte Sch\u00e4den (wie zum Beispiel Einbu\u00dfe von Marktanteilen oder Verlust einer Chance) infolge einer Nutzung der Website www.gei-gitterroste.de haftbar gemacht werden. <\/p>\n<p>Des possibilit\u00e9s de poser des questions dans l\u2019espace \u00ab contact \u00bb sont \u00e0 la disposition des utilisateurs. GEI se r\u00e9serve le droit de supprimer, sans mise en demeure pr\u00e9alable, tout contenu d\u00e9pos\u00e9 dans cet espace qui contreviendrait \u00e0 la l\u00e9gislation applicable au Luxembourg, en particulier aux dispositions relatives \u00e0 la <br>protection des donn\u00e9es. Le cas \u00e9ch\u00e9ant, GEI se r\u00e9serve \u00e9galement la possibilit\u00e9 de mettre en cause la responsabilit\u00e9 civile et\/ou p\u00e9nale de l\u2019utilisateur, <br>notamment en cas de message \u00e0 caract\u00e8re raciste, injurieux, diffamant, ou pornographique, quel que soit le support utilis\u00e9 (texte, photographie\u2026).<\/p>\n<h2 style=\"padding-top:15px;\">7. GESTION DES DONN\u00c9ES PERSONNELLES.<\/h2>\n<p>Von einem Nutzer der Website www.gei-gitterroste.de k\u00f6nnen folgende Informationen erfasst werden : URL der Weblinks, \u00fcber die der Nutzer auf die Website www.gei-gitterroste.de zugreift, Internet Service Provider des Nutzers, IP-Adresse des Nutzers.<\/p>\n<p>Auf jeden Fall erfasst GEI personenbezogenen Daten eines Nutzers nur f\u00fcr die Dienstleistungen, die \u00fcber die Website www.gei-gitterroste.de angeboten werden. Der Nutzer gibt diese Daten wissentlich Preis, insbesondere wenn er selbst ihre Eingabe vornimmt. Es wird darauf hingewiesen, dass es einem Nutzer der Website www.gei-gitterroste.de freisteht, ob er diese Informationen liefert oder nicht.<\/p>\n<p>Tout utilisateur dispose d\u2019un droit d\u2019acc\u00e8s, de rectification et d\u2019opposition aux donn\u00e9es personnelles le concernant, en effectuant sa demande \u00e9crite et sign\u00e9e, <br>accompagn\u00e9e d\u2019une copie du titre d\u2019identit\u00e9 avec signature du titulaire de la pi\u00e8ce, en pr\u00e9cisant l\u2019adresse \u00e0 laquelle la r\u00e9ponse doit \u00eatre envoy\u00e9e. <\/p>\n<p>Es werden keine personenbezogenen Daten der Nutzer der Website www.gei-gitterroste.de ohne Wissen des jeweiligen Nutzers ver\u00f6ffentlicht, noch mit Dritten ausgetauscht, Dritten \u00fcberlassen oder verkauft. Nur eine Ver\u00e4u\u00dferung der Firma GEI und ihrer Rechte rechtfertigt die \u00dcbermittlung dieser Informationen an den eventuellen K\u00e4ufer, der seinerseits hinsichtlich des Umgangs mit den Daten der Nutzer der Website www.gei-gitterroste.de den gleichen Verpflichtungen unterliegt.<\/p>\n<h2 style=\"padding-top:15px;\">8. LIENS HYPERTEXTES ET COOKIES.<\/h2>\n<p>Die Website www.gei-gitterroste.de enth\u00e4lt etliche Hypertext-Links zu anderen Websites, die nach Erhalt der Genehmigung durch GEI eingerichtet wurden. GEI ist es jedoch nicht m\u00f6glich, den Inhalt der Seiten zu pr\u00fcfen, die \u00fcber diese Links aufgerufen werden. Aufgrund dieser Tatsache \u00fcbernimmt GEI keinerlei Verantwortung f\u00fcr deren Inhalt. <\/p>\n<p>Die Navigation auf der Website www.gei-gitterroste.de kann eine Installation von Cookies auf dem Computer des Nutzers zur Folge haben. Ein Cookie ist eine kleine Datei, die keine Identifizierung des Nutzers erm\u00f6glicht, in der jedoch Daten \u00fcber die mit dem jeweiligen Computer ausgef\u00fchrte Navigation gespeichert werden. Diese Daten sollen Ihre Navigation auf der Website erleichtern. Dar\u00fcber hinaus erm\u00f6glichen sie verschiedene Ma\u00dfnahmen zur Erh\u00f6hung der Besucherzahlen. <\/p>\n<p>Le refus d\u2019installation d\u2019un cookie peut entra\u00eener l\u2019impossibilit\u00e9 d\u2019acc\u00e9der \u00e0 certains services. L\u2019utilisateur peut toutefois configurer son ordinateur de la mani\u00e8re suivante, pour refuser l\u2019installation des cookies:<\/p>\n<ul>\n<li>Sous Internet Explorer : onglet Outil (pictogramme en forme de rouage en haut \u00e0 droite) \/ Options internet. Cliquez sur Confidentialit\u00e9 et choisissez Bloquer tous les cookies. Validez sur Ok.<\/li>\n<li>Sous Firefox : en haut de la fen\u00eatre du navigateur, cliquez sur le bouton Firefox, puis aller dans l'onglet Options. Cliquer sur l'onglet Vie priv\u00e9e. Param\u00e9trez les R\u00e8gles de conservation sur : utiliser les param\u00e8tres personnalis\u00e9s pour l'historique. Enfin d\u00e9cochez-la pour d\u00e9sactiver les cookies.<\/li>\n<li>Sous Safari : Cliquez en haut \u00e0 droite du navigateur sur le pictogramme de menu (symbolis\u00e9 par un rouage). S\u00e9lectionnez Param\u00e8tres. Cliquez sur Afficher les <br>param\u00e8tres avanc\u00e9s. Dans la section \"Confidentialit\u00e9\", cliquez sur Param\u00e8tres de contenu. Dans la section \"Cookies\", vous pouvez bloquer les cookies.<\/li>\n<li>Sous Chrome : Cliquez en haut \u00e0 droite du navigateur sur le pictogramme de menu (symbolis\u00e9 par trois lignes horizontales). S\u00e9lectionnez Param\u00e8tres. Cliquez sur <br>Afficher les param\u00e8tres avanc\u00e9s. Dans la section \"Confidentialit\u00e9\", cliquez sur pr\u00e9f\u00e9rences. Dans l'onglet \"Confidentialit\u00e9\", vous pouvez bloquer les cookies.<\/li>\n<\/ul>\n<h2 style=\"padding-top:15px;\">9. DROIT APPLICABLE ET ATTRIBUTION DE JURIDICTION.<\/h2>\n<p>Streitigkeiten im Zusammenhang mit der Nutzung der Website www.gei-gitterroste.de unterliegen dem deutschen Recht. Es sind ausschlie\u00dflich die Gerichte von Saarbr\u00fccken zust\u00e4ndig.<\/p>\n<h2 style=\"padding-top:15px;\">10. LEXIQUE.<\/h2>\n<p>Utilisateur : Internaute se connectant, utilisant le site susnomm\u00e9. <br \/>\nInformations personnelles : \u00ab les informations qui permettent, sous quelque forme que ce soit, directement ou non, l'identification des personnes physiques <br> auxquelles elles s'appliquent \u00bb (article 4 de la loi n\u00b0 78-17 du 6 janvier 1978).<\/p>","protected":false},"excerpt":{"rendered":"<p>1. PR\u00c4SENTATION DER WEBSITE. Eigent\u00fcmer: G.E.I. Deutschland GmbH &#8211; In der Lach 10 D-66271 Kleinblittersdorf Gesetzlicher Vertreter: Herr Jean-Jacques Koch Telefonnummer : +49 (0)68 05 \/ 91 39 25-0 E-Mail-Adresse : gei@gei-gitterroste.de Umsatzsteuer-Identifikationsnummer : DE815670056 Grundkapital : 25 000 EUR Handels- und Firmenverzeichnis : Amstgericht Saarbr\u00fccken HRB 103676 Verantwortlich f\u00fcr die Publikation : Herr Jean-Jacques [&hellip;]<\/p>\n","protected":false},"author":1,"featured_media":0,"parent":0,"menu_order":0,"comment_status":"closed","ping_status":"closed","template":"","meta":{"footnotes":""},"class_list":["post-75","page","type-page","status-publish","hentry"],"yoast_head":"<!-- This site is optimized with the Yoast SEO plugin v27.1.1 - https:\/\/yoast.com\/product\/yoast-seo-wordpress\/ -->\n<title>Impressum - Disclaimer - GEI Gitterroste<\/title>\n<meta name=\"robots\" content=\"index, follow, max-snippet:-1, max-image-preview:large, max-video-preview:-1\" \/>\n<link rel=\"canonical\" href=\"https:\/\/www.geisa.lu\/fr\/impressum-disclaimer\/\" \/>\n<meta property=\"og:locale\" content=\"fr_FR\" \/>\n<meta property=\"og:type\" content=\"article\" \/>\n<meta property=\"og:title\" content=\"Impressum - Disclaimer - GEI Gitterroste\" \/>\n<meta property=\"og:description\" content=\"1. PR\u00c4SENTATION DER WEBSITE. Eigent\u00fcmer: G.E.I. Deutschland GmbH &#8211; In der Lach 10 D-66271 Kleinblittersdorf Gesetzlicher Vertreter: Herr Jean-Jacques Koch Telefonnummer : +49 (0)68 05 \/ 91 39 25-0 E-Mail-Adresse : gei@gei-gitterroste.de Umsatzsteuer-Identifikationsnummer : DE815670056 Grundkapital : 25 000 EUR Handels- und Firmenverzeichnis : Amstgericht Saarbr\u00fccken HRB 103676 Verantwortlich f\u00fcr die Publikation : Herr Jean-Jacques [&hellip;]\" \/>\n<meta property=\"og:url\" content=\"https:\/\/www.geisa.lu\/fr\/impressum-disclaimer\/\" \/>\n<meta property=\"og:site_name\" content=\"GEI Gitterroste\" \/>\n<meta name=\"twitter:card\" content=\"summary_large_image\" \/>\n<meta name=\"twitter:label1\" content=\"Dur\u00e9e de lecture estim\u00e9e\" \/>\n\t<meta name=\"twitter:data1\" content=\"6 minutes\" \/>\n<script type=\"application\/ld+json\" class=\"yoast-schema-graph\">{\"@context\":\"https:\/\/schema.org\",\"@graph\":[{\"@type\":\"WebPage\",\"@id\":\"https:\/\/www.geisa.lu\/fr\/impressum-disclaimer\/\",\"url\":\"https:\/\/www.geisa.lu\/fr\/impressum-disclaimer\/\",\"name\":\"Impressum - Disclaimer - GEI Gitterroste\",\"isPartOf\":{\"@id\":\"https:\/\/www.geisa.lu\/en\/#website\"},\"datePublished\":\"2017-01-24T08:51:57+00:00\",\"breadcrumb\":{\"@id\":\"https:\/\/www.geisa.lu\/fr\/impressum-disclaimer\/#breadcrumb\"},\"inLanguage\":\"fr-FR\",\"potentialAction\":[{\"@type\":\"ReadAction\",\"target\":[\"https:\/\/www.geisa.lu\/fr\/impressum-disclaimer\/\"]}]},{\"@type\":\"BreadcrumbList\",\"@id\":\"https:\/\/www.geisa.lu\/fr\/impressum-disclaimer\/#breadcrumb\",\"itemListElement\":[{\"@type\":\"ListItem\",\"position\":1,\"name\":\"Startseite\",\"item\":\"https:\/\/www.geisa.lu\/en\/\"},{\"@type\":\"ListItem\",\"position\":2,\"name\":\"Impressum &#8211; Disclaimer\"}]},{\"@type\":\"WebSite\",\"@id\":\"https:\/\/www.geisa.lu\/en\/#website\",\"url\":\"https:\/\/www.geisa.lu\/en\/\",\"name\":\"GEI Gitterroste\",\"description\":\"\",\"publisher\":{\"@id\":\"https:\/\/www.geisa.lu\/en\/#organization\"},\"potentialAction\":[{\"@type\":\"SearchAction\",\"target\":{\"@type\":\"EntryPoint\",\"urlTemplate\":\"https:\/\/www.geisa.lu\/en\/?s={search_term_string}\"},\"query-input\":{\"@type\":\"PropertyValueSpecification\",\"valueRequired\":true,\"valueName\":\"search_term_string\"}}],\"inLanguage\":\"fr-FR\"},{\"@type\":\"Organization\",\"@id\":\"https:\/\/www.geisa.lu\/en\/#organization\",\"name\":\"GEI Gitterroste\",\"url\":\"https:\/\/www.geisa.lu\/en\/\",\"logo\":{\"@type\":\"ImageObject\",\"inLanguage\":\"fr-FR\",\"@id\":\"https:\/\/www.geisa.lu\/en\/#\/schema\/logo\/image\/\",\"url\":\"https:\/\/www.geisa.lu\/wp-content\/uploads\/2021\/06\/gei_logo-1.svg\",\"contentUrl\":\"https:\/\/www.geisa.lu\/wp-content\/uploads\/2021\/06\/gei_logo-1.svg\",\"width\":580.6,\"height\":215.9,\"caption\":\"GEI Gitterroste\"},\"image\":{\"@id\":\"https:\/\/www.geisa.lu\/en\/#\/schema\/logo\/image\/\"}}]}<\/script>\n<!-- \/ Yoast SEO plugin. -->","yoast_head_json":{"title":"Impressum - Disclaimer - GEI Gitterroste","robots":{"index":"index","follow":"follow","max-snippet":"max-snippet:-1","max-image-preview":"max-image-preview:large","max-video-preview":"max-video-preview:-1"},"canonical":"https:\/\/www.geisa.lu\/fr\/impressum-disclaimer\/","og_locale":"fr_FR","og_type":"article","og_title":"Impressum - Disclaimer - GEI Gitterroste","og_description":"1. PR\u00c4SENTATION DER WEBSITE. Eigent\u00fcmer: G.E.I. Deutschland GmbH &#8211; In der Lach 10 D-66271 Kleinblittersdorf Gesetzlicher Vertreter: Herr Jean-Jacques Koch Telefonnummer : +49 (0)68 05 \/ 91 39 25-0 E-Mail-Adresse : gei@gei-gitterroste.de Umsatzsteuer-Identifikationsnummer : DE815670056 Grundkapital : 25 000 EUR Handels- und Firmenverzeichnis : Amstgericht Saarbr\u00fccken HRB 103676 Verantwortlich f\u00fcr die Publikation : Herr Jean-Jacques [&hellip;]","og_url":"https:\/\/www.geisa.lu\/fr\/impressum-disclaimer\/","og_site_name":"GEI Gitterroste","twitter_card":"summary_large_image","twitter_misc":{"Dur\u00e9e de lecture estim\u00e9e":"6 minutes"},"schema":{"@context":"https:\/\/schema.org","@graph":[{"@type":"WebPage","@id":"https:\/\/www.geisa.lu\/fr\/impressum-disclaimer\/","url":"https:\/\/www.geisa.lu\/fr\/impressum-disclaimer\/","name":"Impressum - Disclaimer - GEI Gitterroste","isPartOf":{"@id":"https:\/\/www.geisa.lu\/en\/#website"},"datePublished":"2017-01-24T08:51:57+00:00","breadcrumb":{"@id":"https:\/\/www.geisa.lu\/fr\/impressum-disclaimer\/#breadcrumb"},"inLanguage":"fr-FR","potentialAction":[{"@type":"ReadAction","target":["https:\/\/www.geisa.lu\/fr\/impressum-disclaimer\/"]}]},{"@type":"BreadcrumbList","@id":"https:\/\/www.geisa.lu\/fr\/impressum-disclaimer\/#breadcrumb","itemListElement":[{"@type":"ListItem","position":1,"name":"Startseite","item":"https:\/\/www.geisa.lu\/en\/"},{"@type":"ListItem","position":2,"name":"Impressum &#8211; Disclaimer"}]},{"@type":"WebSite","@id":"https:\/\/www.geisa.lu\/en\/#website","url":"https:\/\/www.geisa.lu\/en\/","name":"Caillebotis","description":"","publisher":{"@id":"https:\/\/www.geisa.lu\/en\/#organization"},"potentialAction":[{"@type":"SearchAction","target":{"@type":"EntryPoint","urlTemplate":"https:\/\/www.geisa.lu\/en\/?s={search_term_string}"},"query-input":{"@type":"PropertyValueSpecification","valueRequired":true,"valueName":"search_term_string"}}],"inLanguage":"fr-FR"},{"@type":"Organization","@id":"https:\/\/www.geisa.lu\/en\/#organization","name":"Caillebotis","url":"https:\/\/www.geisa.lu\/en\/","logo":{"@type":"ImageObject","inLanguage":"fr-FR","@id":"https:\/\/www.geisa.lu\/en\/#\/schema\/logo\/image\/","url":"https:\/\/www.geisa.lu\/wp-content\/uploads\/2021\/06\/gei_logo-1.svg","contentUrl":"https:\/\/www.geisa.lu\/wp-content\/uploads\/2021\/06\/gei_logo-1.svg","width":580.6,"height":215.9,"caption":"GEI Gitterroste"},"image":{"@id":"https:\/\/www.geisa.lu\/en\/#\/schema\/logo\/image\/"}}]}},"_links":{"self":[{"href":"https:\/\/www.geisa.lu\/fr\/wp-json\/wp\/v2\/pages\/75","targetHints":{"allow":["GET"]}}],"collection":[{"href":"https:\/\/www.geisa.lu\/fr\/wp-json\/wp\/v2\/pages"}],"about":[{"href":"https:\/\/www.geisa.lu\/fr\/wp-json\/wp\/v2\/types\/page"}],"author":[{"embeddable":true,"href":"https:\/\/www.geisa.lu\/fr\/wp-json\/wp\/v2\/users\/1"}],"replies":[{"embeddable":true,"href":"https:\/\/www.geisa.lu\/fr\/wp-json\/wp\/v2\/comments?post=75"}],"version-history":[{"count":0,"href":"https:\/\/www.geisa.lu\/fr\/wp-json\/wp\/v2\/pages\/75\/revisions"}],"wp:attachment":[{"href":"https:\/\/www.geisa.lu\/fr\/wp-json\/wp\/v2\/media?parent=75"}],"curies":[{"name":"wp","href":"https:\/\/api.w.org\/{rel}","templated":true}]}}