{"id":2395,"date":"2021-09-29T09:38:57","date_gmt":"2021-09-29T09:38:57","guid":{"rendered":"http:\/\/gei-gitterroste.de.46-4-53-222.vorschau.marketing-thom.de\/?page_id=2395"},"modified":"2023-05-09T06:36:35","modified_gmt":"2023-05-09T06:36:35","slug":"gei-vandaag","status":"publish","type":"page","link":"https:\/\/www.geisa.lu\/nl\/gei-heute\/","title":{"rendered":"GEI vandaag"},"content":{"rendered":"<div data-elementor-type=\"wp-page\" data-elementor-id=\"2395\" class=\"elementor elementor-2395\" data-elementor-post-type=\"page\">\n\t\t\t\t\t\t<section class=\"elementor-section elementor-top-section elementor-element elementor-element-211ab8c elementor-section-boxed elementor-section-height-default elementor-section-height-default\" data-id=\"211ab8c\" data-element_type=\"section\" data-e-type=\"section\">\n\t\t\t\t\t\t<div class=\"elementor-container elementor-column-gap-default\">\n\t\t\t\t\t<div class=\"elementor-column elementor-col-100 elementor-top-column elementor-element elementor-element-dd65701\" data-id=\"dd65701\" data-element_type=\"column\" data-e-type=\"column\">\n\t\t\t<div class=\"elementor-widget-wrap elementor-element-populated\">\n\t\t\t\t\t\t<div class=\"elementor-element elementor-element-7a74323 elementor-widget elementor-widget-image\" data-id=\"7a74323\" data-element_type=\"widget\" data-e-type=\"widget\" data-widget_type=\"image.default\">\n\t\t\t\t<div class=\"elementor-widget-container\">\n\t\t\t\t\t\t\t\t\t\t\t\t\t\t\t<img fetchpriority=\"high\" decoding=\"async\" width=\"1024\" height=\"375\" src=\"https:\/\/www.geisa.lu\/wp-content\/uploads\/2021\/09\/header-realisations-gei_0-1024x375.jpg\" class=\"attachment-large size-large wp-image-2397\" alt=\"\" srcset=\"https:\/\/www.geisa.lu\/wp-content\/uploads\/2021\/09\/header-realisations-gei_0-1024x375.jpg 1024w, https:\/\/www.geisa.lu\/wp-content\/uploads\/2021\/09\/header-realisations-gei_0-300x110.jpg 300w, https:\/\/www.geisa.lu\/wp-content\/uploads\/2021\/09\/header-realisations-gei_0-768x281.jpg 768w, https:\/\/www.geisa.lu\/wp-content\/uploads\/2021\/09\/header-realisations-gei_0-600x220.jpg 600w, https:\/\/www.geisa.lu\/wp-content\/uploads\/2021\/09\/header-realisations-gei_0.jpg 1200w\" sizes=\"(max-width: 1024px) 100vw, 1024px\" \/>\t\t\t\t\t\t\t\t\t\t\t\t\t\t\t<\/div>\n\t\t\t\t<\/div>\n\t\t\t\t\t<\/div>\n\t\t<\/div>\n\t\t\t\t\t<\/div>\n\t\t<\/section>\n\t\t\t\t<section class=\"elementor-section elementor-top-section elementor-element elementor-element-cd6cb0c elementor-section-boxed elementor-section-height-default elementor-section-height-default\" data-id=\"cd6cb0c\" data-element_type=\"section\" data-e-type=\"section\">\n\t\t\t\t\t\t<div class=\"elementor-container elementor-column-gap-default\">\n\t\t\t\t\t<div class=\"elementor-column elementor-col-100 elementor-top-column elementor-element elementor-element-d5be23b\" data-id=\"d5be23b\" data-element_type=\"column\" data-e-type=\"column\">\n\t\t\t<div class=\"elementor-widget-wrap elementor-element-populated\">\n\t\t\t\t\t\t<div class=\"elementor-element elementor-element-1779776 elementor-widget elementor-widget-heading\" data-id=\"1779776\" data-element_type=\"widget\" data-e-type=\"widget\" data-widget_type=\"heading.default\">\n\t\t\t\t<div class=\"elementor-widget-container\">\n\t\t\t\t\t<h2 class=\"elementor-heading-title elementor-size-default\">GEI, specialist in rooster<\/h2>\t\t\t\t<\/div>\n\t\t\t\t<\/div>\n\t\t\t\t\t<\/div>\n\t\t<\/div>\n\t\t\t\t\t<\/div>\n\t\t<\/section>\n\t\t\t\t<section class=\"elementor-section elementor-top-section elementor-element elementor-element-14b1e79 elementor-section-boxed elementor-section-height-default elementor-section-height-default\" data-id=\"14b1e79\" data-element_type=\"section\" data-e-type=\"section\">\n\t\t\t\t\t\t<div class=\"elementor-container elementor-column-gap-default\">\n\t\t\t\t\t<div class=\"elementor-column elementor-col-50 elementor-top-column elementor-element elementor-element-f93d989\" data-id=\"f93d989\" data-element_type=\"column\" data-e-type=\"column\">\n\t\t\t<div class=\"elementor-widget-wrap elementor-element-populated\">\n\t\t\t\t\t\t<div class=\"elementor-element elementor-element-722ec7f elementor-widget elementor-widget-text-editor\" data-id=\"722ec7f\" data-element_type=\"widget\" data-e-type=\"widget\" data-widget_type=\"text-editor.default\">\n\t\t\t\t<div class=\"elementor-widget-container\">\n\t\t\t\t\t\t\t\t\t<h4><span style=\"color: #184287;\">Een team van ervaren professionals, van fabricage tot plaatsing<\/span><\/h4><p>GEI staat garant voor kwaliteit en service, van de studie tot de uitvoering van uw projecten. Onze producten worden vervaardigd op krachtige productielijnen met een hoogwaardige technologie. Onze commerci\u00eble dienst, in samenwerking met ons studiebureau, bestudeert uw wensen, adviseert u en biedt u de beste oplossing. Om een optimale kwaliteit te verzekeren, worden al onze producten na de productiefase onderworpen aan een dubbele controle (kwalitatief en kwantitatief). Als een van de grootste Europese roosterspecialisten bereiden wij de toekomst voor, innoveren we en begeleiden we uw projecten. Wij worden hierbij ook geholpen door onze logistieke dienst, die alles in het werk stelt om uw bestellingen in de kortst mogelijke tijd te leveren. GEI beschikt ook over een ervaren klantendienst om al uw vragen te beantwoorden en u volledige tevredenheid te garanderen. GEI, een team van professionals tot uw dienst.<\/p>\t\t\t\t\t\t\t\t<\/div>\n\t\t\t\t<\/div>\n\t\t\t\t\t<\/div>\n\t\t<\/div>\n\t\t\t\t<div class=\"elementor-column elementor-col-50 elementor-top-column elementor-element elementor-element-0f626f1\" data-id=\"0f626f1\" data-element_type=\"column\" data-e-type=\"column\">\n\t\t\t<div class=\"elementor-widget-wrap elementor-element-populated\">\n\t\t\t\t\t\t<div class=\"elementor-element elementor-element-6b06269 elementor-widget elementor-widget-image\" data-id=\"6b06269\" data-element_type=\"widget\" data-e-type=\"widget\" data-widget_type=\"image.default\">\n\t\t\t\t<div class=\"elementor-widget-container\">\n\t\t\t\t\t\t\t\t\t\t\t\t\t\t\t<img decoding=\"async\" width=\"244\" height=\"137\" src=\"https:\/\/www.geisa.lu\/wp-content\/uploads\/2021\/09\/presentation-fabrication.jpg\" class=\"attachment-full size-full wp-image-2398\" alt=\"\" srcset=\"https:\/\/www.geisa.lu\/wp-content\/uploads\/2021\/09\/presentation-fabrication.jpg 244w, https:\/\/www.geisa.lu\/wp-content\/uploads\/2021\/09\/presentation-fabrication-150x85.jpg 150w\" sizes=\"(max-width: 244px) 100vw, 244px\" \/>\t\t\t\t\t\t\t\t\t\t\t\t\t\t\t<\/div>\n\t\t\t\t<\/div>\n\t\t\t\t\t<\/div>\n\t\t<\/div>\n\t\t\t\t\t<\/div>\n\t\t<\/section>\n\t\t\t\t<section class=\"elementor-section elementor-top-section elementor-element elementor-element-cf68f96 elementor-section-boxed elementor-section-height-default elementor-section-height-default\" data-id=\"cf68f96\" data-element_type=\"section\" data-e-type=\"section\">\n\t\t\t\t\t\t<div class=\"elementor-container elementor-column-gap-default\">\n\t\t\t\t\t<div class=\"elementor-column elementor-col-50 elementor-top-column elementor-element elementor-element-cff2f5c\" data-id=\"cff2f5c\" data-element_type=\"column\" data-e-type=\"column\">\n\t\t\t<div class=\"elementor-widget-wrap elementor-element-populated\">\n\t\t\t\t\t\t<div class=\"elementor-element elementor-element-832a7ca elementor-widget elementor-widget-text-editor\" data-id=\"832a7ca\" data-element_type=\"widget\" data-e-type=\"widget\" data-widget_type=\"text-editor.default\">\n\t\t\t\t<div class=\"elementor-widget-container\">\n\t\t\t\t\t\t\t\t\t<h4><span style=\"color: #184287;\">Studiebureau<\/span><\/h4><p>Maatwerk is een sterk punt van GEI; De technici van ons studiebureau, volledig ge\u00efntegreerd binnen het bedrijf, staan te uwer beschikking voor het beantwoorden van uw technische vragen en het behandelen van uw detailtekeningen en kunnen u adviseren in samenwerking met onze commerci\u00eble dienst. Onze technisch tekenaars, speciaal opgeleid in het gebruik van computerondersteunde ontwerpsoftware, kunnen berekeningen en een model opmaken van uw projecten en zodoende de oplossing vinden die het beste past bij uw specifieke eisen en behoeften, zowel op industrieel als architectonisch vlak<\/p>\t\t\t\t\t\t\t\t<\/div>\n\t\t\t\t<\/div>\n\t\t\t\t\t<\/div>\n\t\t<\/div>\n\t\t\t\t<div class=\"elementor-column elementor-col-50 elementor-top-column elementor-element elementor-element-b65365d\" data-id=\"b65365d\" data-element_type=\"column\" data-e-type=\"column\">\n\t\t\t<div class=\"elementor-widget-wrap elementor-element-populated\">\n\t\t\t\t\t\t<div class=\"elementor-element elementor-element-656cd2f elementor-widget elementor-widget-image\" data-id=\"656cd2f\" data-element_type=\"widget\" data-e-type=\"widget\" data-widget_type=\"image.default\">\n\t\t\t\t<div class=\"elementor-widget-container\">\n\t\t\t\t\t\t\t\t\t\t\t\t\t\t\t<img decoding=\"async\" width=\"244\" height=\"137\" src=\"https:\/\/www.geisa.lu\/wp-content\/uploads\/2021\/09\/img7.jpg\" class=\"attachment-large size-large wp-image-2399\" alt=\"\" srcset=\"https:\/\/www.geisa.lu\/wp-content\/uploads\/2021\/09\/img7.jpg 244w, https:\/\/www.geisa.lu\/wp-content\/uploads\/2021\/09\/img7-150x85.jpg 150w\" sizes=\"(max-width: 244px) 100vw, 244px\" \/>\t\t\t\t\t\t\t\t\t\t\t\t\t\t\t<\/div>\n\t\t\t\t<\/div>\n\t\t\t\t\t<\/div>\n\t\t<\/div>\n\t\t\t\t\t<\/div>\n\t\t<\/section>\n\t\t\t\t<section class=\"elementor-section elementor-top-section elementor-element elementor-element-51396c5 elementor-section-boxed elementor-section-height-default elementor-section-height-default\" data-id=\"51396c5\" data-element_type=\"section\" data-e-type=\"section\">\n\t\t\t\t\t\t<div class=\"elementor-container elementor-column-gap-default\">\n\t\t\t\t\t<div class=\"elementor-column elementor-col-50 elementor-top-column elementor-element elementor-element-3d54ae2\" data-id=\"3d54ae2\" data-element_type=\"column\" data-e-type=\"column\">\n\t\t\t<div class=\"elementor-widget-wrap elementor-element-populated\">\n\t\t\t\t\t\t<div class=\"elementor-element elementor-element-45c744c elementor-widget elementor-widget-text-editor\" data-id=\"45c744c\" data-element_type=\"widget\" data-e-type=\"widget\" data-widget_type=\"text-editor.default\">\n\t\t\t\t<div class=\"elementor-widget-container\">\n\t\t\t\t\t\t\t\t\t<h4><span style=\"color: #184287;\">Commerc\u00efele dienst<\/span><\/h4><p>GEI staat voor een sterk commercieel team op kantoor en in het veld dat goed naar uw wensen en behoeften luistert om u de meest geschikte oplossing voor te stellen tegen de beste prijs.  In samenwerking met ons studiebureau zijn onze teams van roosterspecialisten uw bevoorrechte aanspreekpunten voor uw projecten, van het eerste contact tot de plaatsing.\u00a0<\/p>\t\t\t\t\t\t\t\t<\/div>\n\t\t\t\t<\/div>\n\t\t\t\t\t<\/div>\n\t\t<\/div>\n\t\t\t\t<div class=\"elementor-column elementor-col-50 elementor-top-column elementor-element elementor-element-195dec2\" data-id=\"195dec2\" data-element_type=\"column\" data-e-type=\"column\">\n\t\t\t<div class=\"elementor-widget-wrap elementor-element-populated\">\n\t\t\t\t\t\t<div class=\"elementor-element elementor-element-98de859 elementor-widget elementor-widget-image\" data-id=\"98de859\" data-element_type=\"widget\" data-e-type=\"widget\" data-widget_type=\"image.default\">\n\t\t\t\t<div class=\"elementor-widget-container\">\n\t\t\t\t\t\t\t\t\t\t\t\t\t\t\t<img loading=\"lazy\" decoding=\"async\" width=\"244\" height=\"137\" src=\"https:\/\/www.geisa.lu\/wp-content\/uploads\/2021\/09\/commercial-gei.jpg\" class=\"attachment-large size-large wp-image-2400\" alt=\"\" srcset=\"https:\/\/www.geisa.lu\/wp-content\/uploads\/2021\/09\/commercial-gei.jpg 244w, https:\/\/www.geisa.lu\/wp-content\/uploads\/2021\/09\/commercial-gei-150x85.jpg 150w\" sizes=\"(max-width: 244px) 100vw, 244px\" \/>\t\t\t\t\t\t\t\t\t\t\t\t\t\t\t<\/div>\n\t\t\t\t<\/div>\n\t\t\t\t\t<\/div>\n\t\t<\/div>\n\t\t\t\t\t<\/div>\n\t\t<\/section>\n\t\t\t\t<section class=\"elementor-section elementor-top-section elementor-element elementor-element-2f772fe elementor-section-boxed elementor-section-height-default elementor-section-height-default\" data-id=\"2f772fe\" data-element_type=\"section\" data-e-type=\"section\">\n\t\t\t\t\t\t<div class=\"elementor-container elementor-column-gap-default\">\n\t\t\t\t\t<div class=\"elementor-column elementor-col-50 elementor-top-column elementor-element elementor-element-5ad1e39\" data-id=\"5ad1e39\" data-element_type=\"column\" data-e-type=\"column\">\n\t\t\t<div class=\"elementor-widget-wrap elementor-element-populated\">\n\t\t\t\t\t\t<div class=\"elementor-element elementor-element-268d316 elementor-widget elementor-widget-text-editor\" data-id=\"268d316\" data-element_type=\"widget\" data-e-type=\"widget\" data-widget_type=\"text-editor.default\">\n\t\t\t\t<div class=\"elementor-widget-container\">\n\t\t\t\t\t\t\t\t\t<h4><span style=\"color: #184287;\">Maatwerk en een van de grootste roostervoorraden in europa<\/span><\/h4><p>Naast de producten op maat die ons studiebureau volgens uw schetsen ontwikkelt, bezit GEI ook een grote voorraad standaardroosters in staal, roestvrij staal en kunststof (panelen, matten, traptreden en veiligheidsroosters). Reactiviteit is \u00e9\u00e9n van onze kernwaarden die ons helpen steeds te voldoen aan uw leveringsvoorwaarden. Daarom kunt u gebruikmaken van onze Express-dienst, verzending van de producten op voorraad dezelfde dag voor bestellingen geplaatst v\u00f3\u00f3r 10 u. Reactiviteit, beschikbaarheid van onze producten en snelle leveringen zijn voor ons een dagelijkse uitdaging om u volledige tevredenheid te garanderen.<\/p>\t\t\t\t\t\t\t\t<\/div>\n\t\t\t\t<\/div>\n\t\t\t\t\t<\/div>\n\t\t<\/div>\n\t\t\t\t<div class=\"elementor-column elementor-col-50 elementor-top-column elementor-element elementor-element-f46dec9\" data-id=\"f46dec9\" data-element_type=\"column\" data-e-type=\"column\">\n\t\t\t<div class=\"elementor-widget-wrap elementor-element-populated\">\n\t\t\t\t\t\t<div class=\"elementor-element elementor-element-d93069d elementor-widget elementor-widget-image\" data-id=\"d93069d\" data-element_type=\"widget\" data-e-type=\"widget\" data-widget_type=\"image.default\">\n\t\t\t\t<div class=\"elementor-widget-container\">\n\t\t\t\t\t\t\t\t\t\t\t\t\t\t\t<img loading=\"lazy\" decoding=\"async\" width=\"244\" height=\"137\" src=\"https:\/\/www.geisa.lu\/wp-content\/uploads\/2021\/09\/camion-gei.jpg\" class=\"attachment-large size-large wp-image-2401\" alt=\"\" srcset=\"https:\/\/www.geisa.lu\/wp-content\/uploads\/2021\/09\/camion-gei.jpg 244w, https:\/\/www.geisa.lu\/wp-content\/uploads\/2021\/09\/camion-gei-150x85.jpg 150w\" sizes=\"(max-width: 244px) 100vw, 244px\" \/>\t\t\t\t\t\t\t\t\t\t\t\t\t\t\t<\/div>\n\t\t\t\t<\/div>\n\t\t\t\t\t<\/div>\n\t\t<\/div>\n\t\t\t\t\t<\/div>\n\t\t<\/section>\n\t\t\t\t<\/div>","protected":false},"excerpt":{"rendered":"<p>GEI, Spezialist von Gitterrosten Spezialist f\u00fcr die Herstellung von Gitterrosten zu sein, bedeutet vorauszudenken GEI ist ein Garant f\u00fcr Qualit\u00e4t und Service. Ein Team erfahrener Fachleute steht Ihnen mit innovativen Ideen zur Seite und betreut Sie vom Entwurf bis hin zur Realisierung Ihrer Projekte. In enger Zusammenarbeit analysieren unsere Vertriebsabteilung und unsere Entwicklungsabteilung Ihre individuellen [&hellip;]<\/p>\n","protected":false},"author":4,"featured_media":0,"parent":0,"menu_order":0,"comment_status":"closed","ping_status":"closed","template":"","meta":{"footnotes":""},"class_list":["post-2395","page","type-page","status-publish","hentry"],"yoast_head":"<!-- This site is optimized with the Yoast SEO plugin v27.1.1 - https:\/\/yoast.com\/product\/yoast-seo-wordpress\/ -->\n<title>GEI heute - GEI Gitterroste<\/title>\n<meta name=\"robots\" content=\"index, follow, max-snippet:-1, max-image-preview:large, max-video-preview:-1\" \/>\n<link rel=\"canonical\" href=\"https:\/\/www.geisa.lu\/nl\/gei-vandaag\/\" \/>\n<meta property=\"og:locale\" content=\"nl_NL\" \/>\n<meta property=\"og:type\" content=\"article\" \/>\n<meta property=\"og:title\" content=\"GEI heute - GEI Gitterroste\" \/>\n<meta property=\"og:description\" content=\"GEI, Spezialist von Gitterrosten Spezialist f\u00fcr die Herstellung von Gitterrosten zu sein, bedeutet vorauszudenken GEI ist ein Garant f\u00fcr Qualit\u00e4t und Service. Ein Team erfahrener Fachleute steht Ihnen mit innovativen Ideen zur Seite und betreut Sie vom Entwurf bis hin zur Realisierung Ihrer Projekte. In enger Zusammenarbeit analysieren unsere Vertriebsabteilung und unsere Entwicklungsabteilung Ihre individuellen [&hellip;]\" \/>\n<meta property=\"og:url\" content=\"https:\/\/www.geisa.lu\/nl\/gei-vandaag\/\" \/>\n<meta property=\"og:site_name\" content=\"GEI Gitterroste\" \/>\n<meta property=\"article:modified_time\" content=\"2023-05-09T06:36:35+00:00\" \/>\n<meta property=\"og:image\" content=\"https:\/\/www.geisa.lu\/wp-content\/uploads\/2021\/09\/header-realisations-gei_0-1024x375.jpg\" \/>\n<meta name=\"twitter:card\" content=\"summary_large_image\" \/>\n<meta name=\"twitter:label1\" content=\"Verwachte leestijd\" \/>\n\t<meta name=\"twitter:data1\" content=\"3 minuten\" \/>\n<script type=\"application\/ld+json\" class=\"yoast-schema-graph\">{\"@context\":\"https:\/\/schema.org\",\"@graph\":[{\"@type\":\"WebPage\",\"@id\":\"https:\/\/www.geisa.lu\/en\/gei-today\/\",\"url\":\"https:\/\/www.geisa.lu\/en\/gei-today\/\",\"name\":\"GEI heute - GEI Gitterroste\",\"isPartOf\":{\"@id\":\"https:\/\/www.geisa.lu\/en\/#website\"},\"primaryImageOfPage\":{\"@id\":\"https:\/\/www.geisa.lu\/en\/gei-today\/#primaryimage\"},\"image\":{\"@id\":\"https:\/\/www.geisa.lu\/en\/gei-today\/#primaryimage\"},\"thumbnailUrl\":\"https:\/\/www.geisa.lu\/wp-content\/uploads\/2021\/09\/header-realisations-gei_0-1024x375.jpg\",\"datePublished\":\"2021-09-29T09:38:57+00:00\",\"dateModified\":\"2023-05-09T06:36:35+00:00\",\"breadcrumb\":{\"@id\":\"https:\/\/www.geisa.lu\/en\/gei-today\/#breadcrumb\"},\"inLanguage\":\"nl-NL\",\"potentialAction\":[{\"@type\":\"ReadAction\",\"target\":[\"https:\/\/www.geisa.lu\/en\/gei-today\/\"]}]},{\"@type\":\"ImageObject\",\"inLanguage\":\"nl-NL\",\"@id\":\"https:\/\/www.geisa.lu\/en\/gei-today\/#primaryimage\",\"url\":\"https:\/\/www.geisa.lu\/wp-content\/uploads\/2021\/09\/header-realisations-gei_0-1024x375.jpg\",\"contentUrl\":\"https:\/\/www.geisa.lu\/wp-content\/uploads\/2021\/09\/header-realisations-gei_0-1024x375.jpg\"},{\"@type\":\"BreadcrumbList\",\"@id\":\"https:\/\/www.geisa.lu\/en\/gei-today\/#breadcrumb\",\"itemListElement\":[{\"@type\":\"ListItem\",\"position\":1,\"name\":\"Startseite\",\"item\":\"https:\/\/www.geisa.lu\/en\/\"},{\"@type\":\"ListItem\",\"position\":2,\"name\":\"GEI heute\"}]},{\"@type\":\"WebSite\",\"@id\":\"https:\/\/www.geisa.lu\/en\/#website\",\"url\":\"https:\/\/www.geisa.lu\/en\/\",\"name\":\"GEI Gitterroste\",\"description\":\"\",\"publisher\":{\"@id\":\"https:\/\/www.geisa.lu\/en\/#organization\"},\"potentialAction\":[{\"@type\":\"SearchAction\",\"target\":{\"@type\":\"EntryPoint\",\"urlTemplate\":\"https:\/\/www.geisa.lu\/en\/?s={search_term_string}\"},\"query-input\":{\"@type\":\"PropertyValueSpecification\",\"valueRequired\":true,\"valueName\":\"search_term_string\"}}],\"inLanguage\":\"nl-NL\"},{\"@type\":\"Organization\",\"@id\":\"https:\/\/www.geisa.lu\/en\/#organization\",\"name\":\"GEI Gitterroste\",\"url\":\"https:\/\/www.geisa.lu\/en\/\",\"logo\":{\"@type\":\"ImageObject\",\"inLanguage\":\"nl-NL\",\"@id\":\"https:\/\/www.geisa.lu\/en\/#\/schema\/logo\/image\/\",\"url\":\"https:\/\/www.geisa.lu\/wp-content\/uploads\/2021\/06\/gei_logo-1.svg\",\"contentUrl\":\"https:\/\/www.geisa.lu\/wp-content\/uploads\/2021\/06\/gei_logo-1.svg\",\"width\":580.6,\"height\":215.9,\"caption\":\"GEI Gitterroste\"},\"image\":{\"@id\":\"https:\/\/www.geisa.lu\/en\/#\/schema\/logo\/image\/\"}}]}<\/script>\n<!-- \/ Yoast SEO plugin. -->","yoast_head_json":{"title":"GEI \u2013 GEI vandaag","robots":{"index":"index","follow":"follow","max-snippet":"max-snippet:-1","max-image-preview":"max-image-preview:large","max-video-preview":"max-video-preview:-1"},"canonical":"https:\/\/www.geisa.lu\/nl\/gei-vandaag\/","og_locale":"nl_NL","og_type":"article","og_title":"GEI heute - GEI Gitterroste","og_description":"GEI, Spezialist von Gitterrosten Spezialist f\u00fcr die Herstellung von Gitterrosten zu sein, bedeutet vorauszudenken GEI ist ein Garant f\u00fcr Qualit\u00e4t und Service. Ein Team erfahrener Fachleute steht Ihnen mit innovativen Ideen zur Seite und betreut Sie vom Entwurf bis hin zur Realisierung Ihrer Projekte. In enger Zusammenarbeit analysieren unsere Vertriebsabteilung und unsere Entwicklungsabteilung Ihre individuellen [&hellip;]","og_url":"https:\/\/www.geisa.lu\/nl\/gei-vandaag\/","og_site_name":"GEI Gitterroste","article_modified_time":"2023-05-09T06:36:35+00:00","og_image":[{"url":"https:\/\/www.geisa.lu\/wp-content\/uploads\/2021\/09\/header-realisations-gei_0-1024x375.jpg","type":"","width":"","height":""}],"twitter_card":"summary_large_image","twitter_misc":{"Verwachte leestijd":"3 minuten"},"schema":{"@context":"https:\/\/schema.org","@graph":[{"@type":"WebPage","@id":"https:\/\/www.geisa.lu\/en\/gei-today\/","url":"https:\/\/www.geisa.lu\/en\/gei-today\/","name":"GEI \u2013 GEI vandaag","isPartOf":{"@id":"https:\/\/www.geisa.lu\/en\/#website"},"primaryImageOfPage":{"@id":"https:\/\/www.geisa.lu\/en\/gei-today\/#primaryimage"},"image":{"@id":"https:\/\/www.geisa.lu\/en\/gei-today\/#primaryimage"},"thumbnailUrl":"https:\/\/www.geisa.lu\/wp-content\/uploads\/2021\/09\/header-realisations-gei_0-1024x375.jpg","datePublished":"2021-09-29T09:38:57+00:00","dateModified":"2023-05-09T06:36:35+00:00","breadcrumb":{"@id":"https:\/\/www.geisa.lu\/en\/gei-today\/#breadcrumb"},"inLanguage":"nl-NL","potentialAction":[{"@type":"ReadAction","target":["https:\/\/www.geisa.lu\/en\/gei-today\/"]}]},{"@type":"ImageObject","inLanguage":"nl-NL","@id":"https:\/\/www.geisa.lu\/en\/gei-today\/#primaryimage","url":"https:\/\/www.geisa.lu\/wp-content\/uploads\/2021\/09\/header-realisations-gei_0-1024x375.jpg","contentUrl":"https:\/\/www.geisa.lu\/wp-content\/uploads\/2021\/09\/header-realisations-gei_0-1024x375.jpg"},{"@type":"BreadcrumbList","@id":"https:\/\/www.geisa.lu\/en\/gei-today\/#breadcrumb","itemListElement":[{"@type":"ListItem","position":1,"name":"Startseite","item":"https:\/\/www.geisa.lu\/en\/"},{"@type":"ListItem","position":2,"name":"GEI heute"}]},{"@type":"WebSite","@id":"https:\/\/www.geisa.lu\/en\/#website","url":"https:\/\/www.geisa.lu\/en\/","name":"GEI Gitterroste","description":"","publisher":{"@id":"https:\/\/www.geisa.lu\/en\/#organization"},"potentialAction":[{"@type":"SearchAction","target":{"@type":"EntryPoint","urlTemplate":"https:\/\/www.geisa.lu\/en\/?s={search_term_string}"},"query-input":{"@type":"PropertyValueSpecification","valueRequired":true,"valueName":"search_term_string"}}],"inLanguage":"nl-NL"},{"@type":"Organization","@id":"https:\/\/www.geisa.lu\/en\/#organization","name":"GEI Gitterroste","url":"https:\/\/www.geisa.lu\/en\/","logo":{"@type":"ImageObject","inLanguage":"nl-NL","@id":"https:\/\/www.geisa.lu\/en\/#\/schema\/logo\/image\/","url":"https:\/\/www.geisa.lu\/wp-content\/uploads\/2021\/06\/gei_logo-1.svg","contentUrl":"https:\/\/www.geisa.lu\/wp-content\/uploads\/2021\/06\/gei_logo-1.svg","width":580.6,"height":215.9,"caption":"GEI Gitterroste"},"image":{"@id":"https:\/\/www.geisa.lu\/en\/#\/schema\/logo\/image\/"}}]}},"_links":{"self":[{"href":"https:\/\/www.geisa.lu\/nl\/wp-json\/wp\/v2\/pages\/2395","targetHints":{"allow":["GET"]}}],"collection":[{"href":"https:\/\/www.geisa.lu\/nl\/wp-json\/wp\/v2\/pages"}],"about":[{"href":"https:\/\/www.geisa.lu\/nl\/wp-json\/wp\/v2\/types\/page"}],"author":[{"embeddable":true,"href":"https:\/\/www.geisa.lu\/nl\/wp-json\/wp\/v2\/users\/4"}],"replies":[{"embeddable":true,"href":"https:\/\/www.geisa.lu\/nl\/wp-json\/wp\/v2\/comments?post=2395"}],"version-history":[{"count":19,"href":"https:\/\/www.geisa.lu\/nl\/wp-json\/wp\/v2\/pages\/2395\/revisions"}],"predecessor-version":[{"id":6558,"href":"https:\/\/www.geisa.lu\/nl\/wp-json\/wp\/v2\/pages\/2395\/revisions\/6558"}],"wp:attachment":[{"href":"https:\/\/www.geisa.lu\/nl\/wp-json\/wp\/v2\/media?parent=2395"}],"curies":[{"name":"wp","href":"https:\/\/api.w.org\/{rel}","templated":true}]}}