{"id":2707,"date":"2021-10-01T08:08:31","date_gmt":"2021-10-01T08:08:31","guid":{"rendered":"http:\/\/gei-gitterroste.de.46-4-53-222.vorschau.marketing-thom.de\/?page_id=2707"},"modified":"2025-10-01T11:42:21","modified_gmt":"2025-10-01T11:42:21","slug":"afdruk","status":"publish","type":"page","link":"https:\/\/www.geisa.lu\/nl\/impressum\/","title":{"rendered":"Legal notice"},"content":{"rendered":"<div data-elementor-type=\"wp-page\" data-elementor-id=\"2707\" class=\"elementor elementor-2707\" data-elementor-post-type=\"page\">\n\t\t\t\t\t\t<section class=\"elementor-section elementor-top-section elementor-element elementor-element-1f9a7c3 elementor-section-boxed elementor-section-height-default elementor-section-height-default\" data-id=\"1f9a7c3\" data-element_type=\"section\" data-e-type=\"section\">\n\t\t\t\t\t\t<div class=\"elementor-container elementor-column-gap-default\">\n\t\t\t\t\t<div class=\"elementor-column elementor-col-100 elementor-top-column elementor-element elementor-element-24e9741\" data-id=\"24e9741\" data-element_type=\"column\" data-e-type=\"column\">\n\t\t\t<div class=\"elementor-widget-wrap elementor-element-populated\">\n\t\t\t\t\t\t<div class=\"elementor-element elementor-element-4484056 elementor-widget elementor-widget-text-editor\" data-id=\"4484056\" data-element_type=\"widget\" data-e-type=\"widget\" data-widget_type=\"text-editor.default\">\n\t\t\t\t<div class=\"elementor-widget-container\">\n\t\t\t\t\t\t\t\t\t<div>\n<div>\n<h1>LEGAL NOTICE<\/h1>\n<\/div>\n<div>\n<h2>1. PRESENTATION OF THE WEBSITE.<\/h2>\n<ul>\n<li><strong>Owner:<\/strong> GEI SA &#8211; 11A Avenue de la Libert\u00e9 \/ L-1931 Luxembourg<\/li>\n<li><strong>Legal representative:<\/strong>&nbsp;Herr Jean-Jacques Koch<\/li>\n<li><strong>Phone number: <\/strong><a href=\"tel:+352 26 29 66 51\">+352 26 29 66 51<\/a><\/li>\n<li><strong>Email address<\/strong>&nbsp;<a href=\"mailto:gei@geisa.lu\">gei@geisa.lu<\/a><\/li>\n<li><strong>VAT identification number:<\/strong>&nbsp;LU20345400<\/li>\n<li><strong>Social capital:<\/strong>&nbsp;31.000 EUR<\/li>\n<li><strong>Trade and company register number:<\/strong>&nbsp;B 103050<\/li>\n<li><strong>Publisher<\/strong>&nbsp;Herr Jean-Jacques Koch<\/li>\n<li><strong>Website creator<\/strong>&nbsp;<a title=\"Cr\u00e9ation de site internet\" href=\"https:\/\/www.marketing-thom.de\/\">marketing kommunikation thom UG<\/a><\/li>\n<li><strong>Technical part of the site<\/strong> <a title=\"Cr\u00e9ation de site internet\" href=\"https:\/\/www.marketing-thom.de\/\">marketing kommunikation thom UG<\/a><\/li>\n<li><strong>Host<\/strong> marketing kommunikation thom UG | Haldenweg 20a | 66333 V\u00f6lklingen<\/li>\n<\/ul>\n<h2>2. GENERAL TERMS AND CONDITIONS OF USE FOR THE WEBSITE AND THE SERVICES PROPOSED.<\/h2>\n<p>Use of the website www.geisa.lu implies the full and complete acceptance of the general terms and conditions of use set out below.<br>These terms and conditions of use are liable to be modified or extended at any moment, and users of the website www.geisa.lu are thus advised to consult them on a regular basis.<\/p>\n<p>This site is intended to be accessible to users at all times. This access may nonetheless be interrupted for the purposes of technical maintenance by GEI, who will strive to inform users in advance of the date and time this maintenance is to take place.<br>The website www.geisa.lu is regularly maintained by Mr. Jean-Jacques Koch. In the same way, the legal notice may be modified at any time ; users are nevertheless responsible for consulting them as often as possible in order to stay informed.<\/p>\n<h2>3. DESCRIPTION OF THE SERVICES PROVIDED.<\/h2>\n<p>The website www.geisa.lu is intended to provide information on all the activities of the company.<\/p>\n<p>GEI strives to ensure that the information on the website www.geisa.lu is as accurate as possible. Nonetheless, it may not be held liable for any omissions, inaccuracies or gaps in updates, whether arising though its own actions or the actions of third-party partners providing the information.<\/p>\n<p>All information provided on the website www.geisa.lu is only given as an indication and is liable to change over time. Furthermore, information on the website www.geisa.lu is not exhaustive. It is provided subject to any modifications that may have been made since it was placed online.<\/p>\n<h2>4. CONTRACTUAL LIMITATIONS ON TECHNICAL DATA.<\/h2>\n<p>This website uses JavaScript. The website may not be held liable for any material loss or damage associated with the use of the site. In addition, users of the website undertake to use recent computer equipment free from viruses and using an up-to-date next-generation browser.<\/p>\n<h2>5. INTELLECTUAL PROPERTY AND COUNTERFEITS.<\/h2>\n<p>GEI is the owner of the intellectual property rights or holds usage rights in respect of all elements accessible via the site, including text, images, graphics, logos, icons, sounds and software.<\/p>\n<p>Any reproduction, representation, modification, publication or adaptation of some or all of the elements of the site, regardless of the means or process used, is prohibited without the prior written permission of GEI.<\/p>\n<p>Any unauthorized use of the site or any of the elements it contains will be deemed to constitute a counterfeit and will be penal followed.<\/p>\n<h2>6. LIMITATIONS OF LIABILITY.<\/h2>\n<p>GEI shall not be liable for any direct or indirect loss or damaged caused to users' equipment during access to the GEI website and resulting from the use of equipment that does not meet the specifications set out in section 4 or from a bug or from incompatibility. GEI shall also not be liable for indirect loss or damage (such as loss of market share or failure to make a gain) following the use of the website www.geisa.lu.<\/p>\n<p>Users can ask questions in the space provided in the \u201cContact us\u201d section. GEI reserves the right to delete without prior notice any content placed in this space that breaches applicable legislation in Luxembourg, particularly the provisions governing data protection. Where applicable, GEI also reserves the right to invoke the civil and\/or criminal liability of the user, especially for racist, offensive, defamatory or pornographic messages, regardless of the medium used (text, photographs, etc.).<\/p>\n<h2>7. MANAGING PERSONAL DATA.<\/h2>\n<p>As part of the use of the website www.geisa.lu, the following may be gathered : the URL of the links via which the user accessed the website www.geisa.lu, the user's internet service provider, and the user's internet protocol (IP) address.<\/p>\n<p>In any event, GEI does not gather personal information pertaining to the user other than for the requirements of certain services available on the website www.geisa.lu. Users provide this information in full conscience of this fact, particularly where they enter it themselves. Users are informed by the website www.geisa.lu as to whether or not they are required to provide this information.<\/p>\n<p>All users have a right to access, correct and oppose any personal data concerning them by making a signed written request, accompanied by a signed copy of their identity documentation, stating the address to which the response is to be sent.<\/p>\n<p>No personal information on users of the website www.geisa.lu will be published, exchanged, transferred, assigned or sold to third parties on any medium whatsoever without the knowledge of the user. Only if GEI and its rights were bought out would this information be transferred to the hypothetical purchaser, which would itself then be under the same obligation to the user of the website www.geisa.lu to preserve and modify the data.<\/p>\n<h2>8. HYPERTEXT LINKS AND COOKIES.<\/h2>\n<p>The website www.geisa.lu contains a number of hypertext links to other websites, created with the authorization of GEI. However, GEI is unable to verify the content of any websites visited in this manner, and shall therefore not be liable for that content.<\/p>\n<p>Navigating on the website www.geisa.lu may result in cookies being installed on the user's computer. A cookie is a small file that cannot be used to identify the user but that records information about the navigation on a website by a computer. The data obtained in this manner is intended to make future navigation on the site easier, and is also used for various measurements of visits to the website.<\/p>\n<p>Refusal to allow cookies to be installed may result in certain services being unavailable. Users may however configure their computer as follows in order to prevent cookies being installed :<\/p>\n<ul>\n<li>For Internet Explorer : tools tab (cogs icon at the top-right) -&gt; internet options. Click on Confidentiality and select Block All Cookies. Confirm by clicking OK.<\/li>\n<li>For Firefox : click on the Firefox button at the top of the navigator window and go to the Options tab. Click on the Privacy tab. Set the History to : Use custom settings for history. Finally, untick the box to deactivate cookies.<\/li>\n<li>For Safari : click on the menu icon at the top-right of the navigator (cog symbol) Select Options. Click on Show advanced options. Under Confidentiality, click on Content options. You can block cookies in the Cookies section.<\/li>\n<li>For Chrome : click on the menu icon at the top-right of the navigator (three horizontal lines). Select Options. Click on Show advanced options. Under Confidentiality, click on Preferences. You can block cookies in the Confidentiality tab.<\/li>\n<\/ul>\n<h2>9. APPLICABLE LAW AND ATTRIBUTION OF JURISDICTION.<\/h2>\n<p>All disputes arising in connection with the use of the website www.geisa.lu shall be governed by Luxembourger law. Exclusive jurisdiction is hereby granted to the competent courts of Luxembourg.<\/p>\n<h2>10. GLOSSARY.<\/h2>\n<p>User : Internet user connecting to and using the abovementioned website.<br>Personal information : \"information permitting the identification, in any manner whatsoever and whether directly or not, of the real persons to whom it pertains.<\/p>\n<\/div>\n<\/div>\n<div>&nbsp;<\/div>L-1931 Luxembourg\t\t\t\t\t\t\t\t<\/div>\n\t\t\t\t<\/div>\n\t\t\t\t\t<\/div>\n\t\t<\/div>\n\t\t\t\t\t<\/div>\n\t\t<\/section>\n\t\t\t\t<\/div>","protected":false},"excerpt":{"rendered":"<p>IMPRESSUM &#8211; DISCLAIMER 1. PR\u00c4SENTATION DER WEBSITE. Eigent\u00fcmer: GEI SA &#8211; 11A Avenue de la Libert\u00e9 \/ L-1931 Luxembourg Gesetzlicher Vertreter:&nbsp;Herr Jean-Jacques Koch Telefonnummer: +352 26 29 66 51 E-Mail-Adresse :&nbsp;gei@geisa.lu Umsatzsteuer-Identifikationsnummer :&nbsp;LU20345400 Grundkapital :&nbsp;31.000 EUR Handels- und Firmenverzeichnis :&nbsp;B 103050 Verantwortlich f\u00fcr die Publikation :&nbsp;Herr Jean-Jacques Koch Gestaltung der Website:&nbsp;marketing kommunikation thom UG Technische [&hellip;]<\/p>\n","protected":false},"author":4,"featured_media":0,"parent":0,"menu_order":0,"comment_status":"closed","ping_status":"closed","template":"","meta":{"footnotes":""},"class_list":["post-2707","page","type-page","status-publish","hentry"],"yoast_head":"<!-- This site is optimized with the Yoast SEO plugin v27.1.1 - https:\/\/yoast.com\/product\/yoast-seo-wordpress\/ -->\n<title>Impressum - GEI Gitterroste<\/title>\n<meta name=\"robots\" content=\"index, follow, max-snippet:-1, max-image-preview:large, max-video-preview:-1\" \/>\n<link rel=\"canonical\" href=\"https:\/\/www.geisa.lu\/nl\/afdruk\/\" \/>\n<meta property=\"og:locale\" content=\"nl_NL\" \/>\n<meta property=\"og:type\" content=\"article\" \/>\n<meta property=\"og:title\" content=\"Impressum - GEI Gitterroste\" \/>\n<meta property=\"og:description\" content=\"IMPRESSUM &#8211; DISCLAIMER 1. PR\u00c4SENTATION DER WEBSITE. Eigent\u00fcmer: GEI SA &#8211; 11A Avenue de la Libert\u00e9 \/ L-1931 Luxembourg Gesetzlicher Vertreter:&nbsp;Herr Jean-Jacques Koch Telefonnummer: +352 26 29 66 51 E-Mail-Adresse :&nbsp;gei@geisa.lu Umsatzsteuer-Identifikationsnummer :&nbsp;LU20345400 Grundkapital :&nbsp;31.000 EUR Handels- und Firmenverzeichnis :&nbsp;B 103050 Verantwortlich f\u00fcr die Publikation :&nbsp;Herr Jean-Jacques Koch Gestaltung der Website:&nbsp;marketing kommunikation thom UG Technische [&hellip;]\" \/>\n<meta property=\"og:url\" content=\"https:\/\/www.geisa.lu\/nl\/afdruk\/\" \/>\n<meta property=\"og:site_name\" content=\"GEI Gitterroste\" \/>\n<meta property=\"article:modified_time\" content=\"2025-10-01T11:42:21+00:00\" \/>\n<meta name=\"twitter:card\" content=\"summary_large_image\" \/>\n<meta name=\"twitter:label1\" content=\"Verwachte leestijd\" \/>\n\t<meta name=\"twitter:data1\" content=\"7 minuten\" \/>\n<script type=\"application\/ld+json\" class=\"yoast-schema-graph\">{\"@context\":\"https:\/\/schema.org\",\"@graph\":[{\"@type\":\"WebPage\",\"@id\":\"https:\/\/www.geisa.lu\/fr\/imprimer\/\",\"url\":\"https:\/\/www.geisa.lu\/fr\/imprimer\/\",\"name\":\"Impressum - GEI Gitterroste\",\"isPartOf\":{\"@id\":\"https:\/\/www.geisa.lu\/en\/#website\"},\"datePublished\":\"2021-10-01T08:08:31+00:00\",\"dateModified\":\"2025-10-01T11:42:21+00:00\",\"breadcrumb\":{\"@id\":\"https:\/\/www.geisa.lu\/fr\/imprimer\/#breadcrumb\"},\"inLanguage\":\"nl-NL\",\"potentialAction\":[{\"@type\":\"ReadAction\",\"target\":[\"https:\/\/www.geisa.lu\/fr\/imprimer\/\"]}]},{\"@type\":\"BreadcrumbList\",\"@id\":\"https:\/\/www.geisa.lu\/fr\/imprimer\/#breadcrumb\",\"itemListElement\":[{\"@type\":\"ListItem\",\"position\":1,\"name\":\"Startseite\",\"item\":\"https:\/\/www.geisa.lu\/en\/\"},{\"@type\":\"ListItem\",\"position\":2,\"name\":\"Impressum\"}]},{\"@type\":\"WebSite\",\"@id\":\"https:\/\/www.geisa.lu\/en\/#website\",\"url\":\"https:\/\/www.geisa.lu\/en\/\",\"name\":\"GEI Gitterroste\",\"description\":\"\",\"publisher\":{\"@id\":\"https:\/\/www.geisa.lu\/en\/#organization\"},\"potentialAction\":[{\"@type\":\"SearchAction\",\"target\":{\"@type\":\"EntryPoint\",\"urlTemplate\":\"https:\/\/www.geisa.lu\/en\/?s={search_term_string}\"},\"query-input\":{\"@type\":\"PropertyValueSpecification\",\"valueRequired\":true,\"valueName\":\"search_term_string\"}}],\"inLanguage\":\"nl-NL\"},{\"@type\":\"Organization\",\"@id\":\"https:\/\/www.geisa.lu\/en\/#organization\",\"name\":\"GEI Gitterroste\",\"url\":\"https:\/\/www.geisa.lu\/en\/\",\"logo\":{\"@type\":\"ImageObject\",\"inLanguage\":\"nl-NL\",\"@id\":\"https:\/\/www.geisa.lu\/en\/#\/schema\/logo\/image\/\",\"url\":\"https:\/\/www.geisa.lu\/wp-content\/uploads\/2021\/06\/gei_logo-1.svg\",\"contentUrl\":\"https:\/\/www.geisa.lu\/wp-content\/uploads\/2021\/06\/gei_logo-1.svg\",\"width\":580.6,\"height\":215.9,\"caption\":\"GEI Gitterroste\"},\"image\":{\"@id\":\"https:\/\/www.geisa.lu\/en\/#\/schema\/logo\/image\/\"}}]}<\/script>\n<!-- \/ Yoast SEO plugin. -->","yoast_head_json":{"title":"Impressum - GEI Gitterroste","robots":{"index":"index","follow":"follow","max-snippet":"max-snippet:-1","max-image-preview":"max-image-preview:large","max-video-preview":"max-video-preview:-1"},"canonical":"https:\/\/www.geisa.lu\/nl\/afdruk\/","og_locale":"nl_NL","og_type":"article","og_title":"Impressum - GEI Gitterroste","og_description":"IMPRESSUM &#8211; DISCLAIMER 1. PR\u00c4SENTATION DER WEBSITE. Eigent\u00fcmer: GEI SA &#8211; 11A Avenue de la Libert\u00e9 \/ L-1931 Luxembourg Gesetzlicher Vertreter:&nbsp;Herr Jean-Jacques Koch Telefonnummer: +352 26 29 66 51 E-Mail-Adresse :&nbsp;gei@geisa.lu Umsatzsteuer-Identifikationsnummer :&nbsp;LU20345400 Grundkapital :&nbsp;31.000 EUR Handels- und Firmenverzeichnis :&nbsp;B 103050 Verantwortlich f\u00fcr die Publikation :&nbsp;Herr Jean-Jacques Koch Gestaltung der Website:&nbsp;marketing kommunikation thom UG Technische [&hellip;]","og_url":"https:\/\/www.geisa.lu\/nl\/afdruk\/","og_site_name":"GEI Gitterroste","article_modified_time":"2025-10-01T11:42:21+00:00","twitter_card":"summary_large_image","twitter_misc":{"Verwachte leestijd":"7 minuten"},"schema":{"@context":"https:\/\/schema.org","@graph":[{"@type":"WebPage","@id":"https:\/\/www.geisa.lu\/fr\/imprimer\/","url":"https:\/\/www.geisa.lu\/fr\/imprimer\/","name":"Impressum - GEI Gitterroste","isPartOf":{"@id":"https:\/\/www.geisa.lu\/en\/#website"},"datePublished":"2021-10-01T08:08:31+00:00","dateModified":"2025-10-01T11:42:21+00:00","breadcrumb":{"@id":"https:\/\/www.geisa.lu\/fr\/imprimer\/#breadcrumb"},"inLanguage":"nl-NL","potentialAction":[{"@type":"ReadAction","target":["https:\/\/www.geisa.lu\/fr\/imprimer\/"]}]},{"@type":"BreadcrumbList","@id":"https:\/\/www.geisa.lu\/fr\/imprimer\/#breadcrumb","itemListElement":[{"@type":"ListItem","position":1,"name":"Startseite","item":"https:\/\/www.geisa.lu\/en\/"},{"@type":"ListItem","position":2,"name":"Impressum"}]},{"@type":"WebSite","@id":"https:\/\/www.geisa.lu\/en\/#website","url":"https:\/\/www.geisa.lu\/en\/","name":"GEI Gitterroste","description":"","publisher":{"@id":"https:\/\/www.geisa.lu\/en\/#organization"},"potentialAction":[{"@type":"SearchAction","target":{"@type":"EntryPoint","urlTemplate":"https:\/\/www.geisa.lu\/en\/?s={search_term_string}"},"query-input":{"@type":"PropertyValueSpecification","valueRequired":true,"valueName":"search_term_string"}}],"inLanguage":"nl-NL"},{"@type":"Organization","@id":"https:\/\/www.geisa.lu\/en\/#organization","name":"GEI Gitterroste","url":"https:\/\/www.geisa.lu\/en\/","logo":{"@type":"ImageObject","inLanguage":"nl-NL","@id":"https:\/\/www.geisa.lu\/en\/#\/schema\/logo\/image\/","url":"https:\/\/www.geisa.lu\/wp-content\/uploads\/2021\/06\/gei_logo-1.svg","contentUrl":"https:\/\/www.geisa.lu\/wp-content\/uploads\/2021\/06\/gei_logo-1.svg","width":580.6,"height":215.9,"caption":"GEI Gitterroste"},"image":{"@id":"https:\/\/www.geisa.lu\/en\/#\/schema\/logo\/image\/"}}]}},"_links":{"self":[{"href":"https:\/\/www.geisa.lu\/nl\/wp-json\/wp\/v2\/pages\/2707","targetHints":{"allow":["GET"]}}],"collection":[{"href":"https:\/\/www.geisa.lu\/nl\/wp-json\/wp\/v2\/pages"}],"about":[{"href":"https:\/\/www.geisa.lu\/nl\/wp-json\/wp\/v2\/types\/page"}],"author":[{"embeddable":true,"href":"https:\/\/www.geisa.lu\/nl\/wp-json\/wp\/v2\/users\/4"}],"replies":[{"embeddable":true,"href":"https:\/\/www.geisa.lu\/nl\/wp-json\/wp\/v2\/comments?post=2707"}],"version-history":[{"count":52,"href":"https:\/\/www.geisa.lu\/nl\/wp-json\/wp\/v2\/pages\/2707\/revisions"}],"predecessor-version":[{"id":9656,"href":"https:\/\/www.geisa.lu\/nl\/wp-json\/wp\/v2\/pages\/2707\/revisions\/9656"}],"wp:attachment":[{"href":"https:\/\/www.geisa.lu\/nl\/wp-json\/wp\/v2\/media?parent=2707"}],"curies":[{"name":"wp","href":"https:\/\/api.w.org\/{rel}","templated":true}]}}