{"id":59,"date":"2016-12-19T05:35:33","date_gmt":"2016-12-19T05:35:33","guid":{"rendered":"http:\/\/gei-gitterroste.de.46-4-53-222.vorschau.marketing-thom.de\/herstellung-und-sonderanfertigung\/"},"modified":"2022-01-11T12:10:04","modified_gmt":"2022-01-11T12:10:04","slug":"fabricage-en-maatwerk","status":"publish","type":"page","link":"https:\/\/www.geisa.lu\/nl\/herstellung-und-sonderanfertigung\/","title":{"rendered":"Fabricage en maatwerk"},"content":{"rendered":"<div data-elementor-type=\"wp-page\" data-elementor-id=\"59\" class=\"elementor elementor-59\" data-elementor-post-type=\"page\">\n\t\t\t\t\t\t<section class=\"elementor-section elementor-top-section elementor-element elementor-element-6eb583a4 elementor-section-boxed elementor-section-height-default elementor-section-height-default\" data-id=\"6eb583a4\" data-element_type=\"section\" data-e-type=\"section\">\n\t\t\t\t\t\t<div class=\"elementor-container elementor-column-gap-default\">\n\t\t\t\t\t<div class=\"elementor-column elementor-col-50 elementor-top-column elementor-element elementor-element-1666b23\" data-id=\"1666b23\" data-element_type=\"column\" data-e-type=\"column\">\n\t\t\t<div class=\"elementor-widget-wrap elementor-element-populated\">\n\t\t\t\t\t\t<div class=\"elementor-element elementor-element-299bbde4 elementor-widget elementor-widget-text-editor\" data-id=\"299bbde4\" data-element_type=\"widget\" data-e-type=\"widget\" data-widget_type=\"text-editor.default\">\n\t\t\t\t<div class=\"elementor-widget-container\">\n\t\t\t\t\t\t\t\t\t<div><h1>Fabricage en maatwerk<\/h1><p>Al onze producten worden vervaardigd op krachtige productielijnen met een hoogwaardige technologie. Ongeacht de aard van uw industrieel (loopbrug, vloer, trap, stellingen enz.) of architectonisch (stadsmeubilair, gevel enz.) project en zijn complexiteit kunnen wij elk type van rooster op maat voor u maken. Om een optimale kwaliteit te verzekeren, worden al onze producten na de productiefase onderworpen aan een dubbele controle (kwantitatief en kwalitatief). Aarzel niet ons uw project toe te vertrouwen. Wij bieden u een aangepaste en gepersonaliseerde oplossing aan.<\/p><\/div><div>\u00a0<\/div>\t\t\t\t\t\t\t\t<\/div>\n\t\t\t\t<\/div>\n\t\t\t\t\t<\/div>\n\t\t<\/div>\n\t\t\t\t<div class=\"elementor-column elementor-col-50 elementor-top-column elementor-element elementor-element-569986d\" data-id=\"569986d\" data-element_type=\"column\" data-e-type=\"column\">\n\t\t\t<div class=\"elementor-widget-wrap elementor-element-populated\">\n\t\t\t\t\t\t<div class=\"elementor-element elementor-element-2a4d0ac elementor-widget elementor-widget-image\" data-id=\"2a4d0ac\" data-element_type=\"widget\" data-e-type=\"widget\" data-widget_type=\"image.default\">\n\t\t\t\t<div class=\"elementor-widget-container\">\n\t\t\t\t\t\t\t\t\t\t\t\t\t\t\t<img fetchpriority=\"high\" decoding=\"async\" width=\"500\" height=\"265\" src=\"https:\/\/www.geisa.lu\/wp-content\/uploads\/2016\/09\/default_images_sur-mesure.jpg\" class=\"attachment-large size-large wp-image-14\" alt=\"\" srcset=\"https:\/\/www.geisa.lu\/wp-content\/uploads\/2016\/09\/default_images_sur-mesure.jpg 500w, https:\/\/www.geisa.lu\/wp-content\/uploads\/2016\/09\/default_images_sur-mesure-300x159.jpg 300w, https:\/\/www.geisa.lu\/wp-content\/uploads\/2016\/09\/default_images_sur-mesure-400x212.jpg 400w\" sizes=\"(max-width: 500px) 100vw, 500px\" \/>\t\t\t\t\t\t\t\t\t\t\t\t\t\t\t<\/div>\n\t\t\t\t<\/div>\n\t\t\t\t\t<\/div>\n\t\t<\/div>\n\t\t\t\t\t<\/div>\n\t\t<\/section>\n\t\t\t\t<\/div>","protected":false},"excerpt":{"rendered":"<p>Herstellung und Sonderanfertigung Unsere Produkte werden unter Verwendung modernster Technologien auf leistungsf\u00e4higen Produktionslinien hergestellt. Unabh\u00e4ngig von der Art des industriellen (Laufsteg, Bodenbelag, Treppe, Regal, etc.) oder architektonischen (Stadtmobiliar, Fassade, etc.) Projektes und dessen Komplexit\u00e4t k\u00f6nnen wir Ihnen jede Art von ma\u00dfgeschneiderten Gitter erzeugen. Nach der Herstellung werden alle unsere Produkte sowohl qualitativ als auch quantitativ [&hellip;]<\/p>\n","protected":false},"author":1,"featured_media":14,"parent":0,"menu_order":0,"comment_status":"closed","ping_status":"closed","template":"","meta":{"footnotes":""},"class_list":["post-59","page","type-page","status-publish","has-post-thumbnail","hentry"],"yoast_head":"<!-- This site is optimized with the Yoast SEO plugin v27.1.1 - https:\/\/yoast.com\/product\/yoast-seo-wordpress\/ -->\n<title>Herstellung und Sonderanfertigung - Gitterrose online kaufen<\/title>\n<meta name=\"description\" content=\"Sonderanfertigung und Herstellung auf Ma\u00df - Unsere Gitterrose k\u00f6nnen Sie bequem online kaufen, auch Gitterroste auf Ma\u00df m\u00f6glich.\" \/>\n<meta name=\"robots\" content=\"index, follow, max-snippet:-1, max-image-preview:large, max-video-preview:-1\" \/>\n<link rel=\"canonical\" href=\"https:\/\/www.geisa.lu\/nl\/fabricage-en-maatwerk\/\" \/>\n<meta property=\"og:locale\" content=\"nl_NL\" \/>\n<meta property=\"og:type\" content=\"article\" \/>\n<meta property=\"og:title\" content=\"Herstellung und Sonderanfertigung - Gitterrose online kaufen\" \/>\n<meta property=\"og:description\" content=\"Sonderanfertigung und Herstellung auf Ma\u00df - Unsere Gitterrose k\u00f6nnen Sie bequem online kaufen, auch Gitterroste auf Ma\u00df m\u00f6glich.\" \/>\n<meta property=\"og:url\" content=\"https:\/\/www.geisa.lu\/nl\/fabricage-en-maatwerk\/\" \/>\n<meta property=\"og:site_name\" content=\"GEI Gitterroste\" \/>\n<meta property=\"article:modified_time\" content=\"2022-01-11T12:10:04+00:00\" \/>\n<meta property=\"og:image\" content=\"https:\/\/www.geisa.lu\/wp-content\/uploads\/2016\/09\/default_images_sur-mesure.jpg\" \/>\n\t<meta property=\"og:image:width\" content=\"500\" \/>\n\t<meta property=\"og:image:height\" content=\"265\" \/>\n\t<meta property=\"og:image:type\" content=\"image\/jpeg\" \/>\n<meta name=\"twitter:card\" content=\"summary_large_image\" \/>\n<meta name=\"twitter:label1\" content=\"Verwachte leestijd\" \/>\n\t<meta name=\"twitter:data1\" content=\"1 minuut\" \/>\n<script type=\"application\/ld+json\" class=\"yoast-schema-graph\">{\"@context\":\"https:\/\/schema.org\",\"@graph\":[{\"@type\":\"WebPage\",\"@id\":\"https:\/\/www.geisa.lu\/fr\/fabrication-et-sur-mesure\/\",\"url\":\"https:\/\/www.geisa.lu\/fr\/fabrication-et-sur-mesure\/\",\"name\":\"Herstellung und Sonderanfertigung - Gitterrose online kaufen\",\"isPartOf\":{\"@id\":\"https:\/\/www.geisa.lu\/en\/#website\"},\"primaryImageOfPage\":{\"@id\":\"https:\/\/www.geisa.lu\/fr\/fabrication-et-sur-mesure\/#primaryimage\"},\"image\":{\"@id\":\"https:\/\/www.geisa.lu\/fr\/fabrication-et-sur-mesure\/#primaryimage\"},\"thumbnailUrl\":\"https:\/\/www.geisa.lu\/wp-content\/uploads\/2016\/09\/default_images_sur-mesure.jpg\",\"datePublished\":\"2016-12-19T05:35:33+00:00\",\"dateModified\":\"2022-01-11T12:10:04+00:00\",\"description\":\"Sonderanfertigung und Herstellung auf Ma\u00df - Unsere Gitterrose k\u00f6nnen Sie bequem online kaufen, auch Gitterroste auf Ma\u00df m\u00f6glich.\",\"breadcrumb\":{\"@id\":\"https:\/\/www.geisa.lu\/fr\/fabrication-et-sur-mesure\/#breadcrumb\"},\"inLanguage\":\"nl-NL\",\"potentialAction\":[{\"@type\":\"ReadAction\",\"target\":[\"https:\/\/www.geisa.lu\/fr\/fabrication-et-sur-mesure\/\"]}]},{\"@type\":\"ImageObject\",\"inLanguage\":\"nl-NL\",\"@id\":\"https:\/\/www.geisa.lu\/fr\/fabrication-et-sur-mesure\/#primaryimage\",\"url\":\"https:\/\/www.geisa.lu\/wp-content\/uploads\/2016\/09\/default_images_sur-mesure.jpg\",\"contentUrl\":\"https:\/\/www.geisa.lu\/wp-content\/uploads\/2016\/09\/default_images_sur-mesure.jpg\",\"width\":500,\"height\":265},{\"@type\":\"BreadcrumbList\",\"@id\":\"https:\/\/www.geisa.lu\/fr\/fabrication-et-sur-mesure\/#breadcrumb\",\"itemListElement\":[{\"@type\":\"ListItem\",\"position\":1,\"name\":\"Startseite\",\"item\":\"https:\/\/www.geisa.lu\/en\/\"},{\"@type\":\"ListItem\",\"position\":2,\"name\":\"Herstellung und Sonderanfertigung\"}]},{\"@type\":\"WebSite\",\"@id\":\"https:\/\/www.geisa.lu\/en\/#website\",\"url\":\"https:\/\/www.geisa.lu\/en\/\",\"name\":\"GEI Gitterroste\",\"description\":\"\",\"publisher\":{\"@id\":\"https:\/\/www.geisa.lu\/en\/#organization\"},\"potentialAction\":[{\"@type\":\"SearchAction\",\"target\":{\"@type\":\"EntryPoint\",\"urlTemplate\":\"https:\/\/www.geisa.lu\/en\/?s={search_term_string}\"},\"query-input\":{\"@type\":\"PropertyValueSpecification\",\"valueRequired\":true,\"valueName\":\"search_term_string\"}}],\"inLanguage\":\"nl-NL\"},{\"@type\":\"Organization\",\"@id\":\"https:\/\/www.geisa.lu\/en\/#organization\",\"name\":\"GEI Gitterroste\",\"url\":\"https:\/\/www.geisa.lu\/en\/\",\"logo\":{\"@type\":\"ImageObject\",\"inLanguage\":\"nl-NL\",\"@id\":\"https:\/\/www.geisa.lu\/en\/#\/schema\/logo\/image\/\",\"url\":\"https:\/\/www.geisa.lu\/wp-content\/uploads\/2021\/06\/gei_logo-1.svg\",\"contentUrl\":\"https:\/\/www.geisa.lu\/wp-content\/uploads\/2021\/06\/gei_logo-1.svg\",\"width\":580.6,\"height\":215.9,\"caption\":\"GEI Gitterroste\"},\"image\":{\"@id\":\"https:\/\/www.geisa.lu\/en\/#\/schema\/logo\/image\/\"}}]}<\/script>\n<!-- \/ Yoast SEO plugin. -->","yoast_head_json":{"title":"GEI \u2013 Fabricage en maatwerk","description":"Sonderanfertigung und Herstellung auf Ma\u00df - Unsere Gitterrose k\u00f6nnen Sie bequem online kaufen, auch Gitterroste auf Ma\u00df m\u00f6glich.","robots":{"index":"index","follow":"follow","max-snippet":"max-snippet:-1","max-image-preview":"max-image-preview:large","max-video-preview":"max-video-preview:-1"},"canonical":"https:\/\/www.geisa.lu\/nl\/fabricage-en-maatwerk\/","og_locale":"nl_NL","og_type":"article","og_title":"Herstellung und Sonderanfertigung - Gitterrose online kaufen","og_description":"Sonderanfertigung und Herstellung auf Ma\u00df - Unsere Gitterrose k\u00f6nnen Sie bequem online kaufen, auch Gitterroste auf Ma\u00df m\u00f6glich.","og_url":"https:\/\/www.geisa.lu\/nl\/fabricage-en-maatwerk\/","og_site_name":"GEI Gitterroste","article_modified_time":"2022-01-11T12:10:04+00:00","og_image":[{"width":500,"height":265,"url":"https:\/\/www.geisa.lu\/wp-content\/uploads\/2016\/09\/default_images_sur-mesure.jpg","type":"image\/jpeg"}],"twitter_card":"summary_large_image","twitter_misc":{"Verwachte leestijd":"1 minuut"},"schema":{"@context":"https:\/\/schema.org","@graph":[{"@type":"WebPage","@id":"https:\/\/www.geisa.lu\/fr\/fabrication-et-sur-mesure\/","url":"https:\/\/www.geisa.lu\/fr\/fabrication-et-sur-mesure\/","name":"GEI \u2013 Fabricage en maatwerk","isPartOf":{"@id":"https:\/\/www.geisa.lu\/en\/#website"},"primaryImageOfPage":{"@id":"https:\/\/www.geisa.lu\/fr\/fabrication-et-sur-mesure\/#primaryimage"},"image":{"@id":"https:\/\/www.geisa.lu\/fr\/fabrication-et-sur-mesure\/#primaryimage"},"thumbnailUrl":"https:\/\/www.geisa.lu\/wp-content\/uploads\/2016\/09\/default_images_sur-mesure.jpg","datePublished":"2016-12-19T05:35:33+00:00","dateModified":"2022-01-11T12:10:04+00:00","description":"Sonderanfertigung und Herstellung auf Ma\u00df - Unsere Gitterrose k\u00f6nnen Sie bequem online kaufen, auch Gitterroste auf Ma\u00df m\u00f6glich.","breadcrumb":{"@id":"https:\/\/www.geisa.lu\/fr\/fabrication-et-sur-mesure\/#breadcrumb"},"inLanguage":"nl-NL","potentialAction":[{"@type":"ReadAction","target":["https:\/\/www.geisa.lu\/fr\/fabrication-et-sur-mesure\/"]}]},{"@type":"ImageObject","inLanguage":"nl-NL","@id":"https:\/\/www.geisa.lu\/fr\/fabrication-et-sur-mesure\/#primaryimage","url":"https:\/\/www.geisa.lu\/wp-content\/uploads\/2016\/09\/default_images_sur-mesure.jpg","contentUrl":"https:\/\/www.geisa.lu\/wp-content\/uploads\/2016\/09\/default_images_sur-mesure.jpg","width":500,"height":265},{"@type":"BreadcrumbList","@id":"https:\/\/www.geisa.lu\/fr\/fabrication-et-sur-mesure\/#breadcrumb","itemListElement":[{"@type":"ListItem","position":1,"name":"Startseite","item":"https:\/\/www.geisa.lu\/en\/"},{"@type":"ListItem","position":2,"name":"Herstellung und Sonderanfertigung"}]},{"@type":"WebSite","@id":"https:\/\/www.geisa.lu\/en\/#website","url":"https:\/\/www.geisa.lu\/en\/","name":"GEI Gitterroste","description":"","publisher":{"@id":"https:\/\/www.geisa.lu\/en\/#organization"},"potentialAction":[{"@type":"SearchAction","target":{"@type":"EntryPoint","urlTemplate":"https:\/\/www.geisa.lu\/en\/?s={search_term_string}"},"query-input":{"@type":"PropertyValueSpecification","valueRequired":true,"valueName":"search_term_string"}}],"inLanguage":"nl-NL"},{"@type":"Organization","@id":"https:\/\/www.geisa.lu\/en\/#organization","name":"GEI Gitterroste","url":"https:\/\/www.geisa.lu\/en\/","logo":{"@type":"ImageObject","inLanguage":"nl-NL","@id":"https:\/\/www.geisa.lu\/en\/#\/schema\/logo\/image\/","url":"https:\/\/www.geisa.lu\/wp-content\/uploads\/2021\/06\/gei_logo-1.svg","contentUrl":"https:\/\/www.geisa.lu\/wp-content\/uploads\/2021\/06\/gei_logo-1.svg","width":580.6,"height":215.9,"caption":"GEI Gitterroste"},"image":{"@id":"https:\/\/www.geisa.lu\/en\/#\/schema\/logo\/image\/"}}]}},"_links":{"self":[{"href":"https:\/\/www.geisa.lu\/nl\/wp-json\/wp\/v2\/pages\/59","targetHints":{"allow":["GET"]}}],"collection":[{"href":"https:\/\/www.geisa.lu\/nl\/wp-json\/wp\/v2\/pages"}],"about":[{"href":"https:\/\/www.geisa.lu\/nl\/wp-json\/wp\/v2\/types\/page"}],"author":[{"embeddable":true,"href":"https:\/\/www.geisa.lu\/nl\/wp-json\/wp\/v2\/users\/1"}],"replies":[{"embeddable":true,"href":"https:\/\/www.geisa.lu\/nl\/wp-json\/wp\/v2\/comments?post=59"}],"version-history":[{"count":10,"href":"https:\/\/www.geisa.lu\/nl\/wp-json\/wp\/v2\/pages\/59\/revisions"}],"predecessor-version":[{"id":4206,"href":"https:\/\/www.geisa.lu\/nl\/wp-json\/wp\/v2\/pages\/59\/revisions\/4206"}],"wp:featuredmedia":[{"embeddable":true,"href":"https:\/\/www.geisa.lu\/nl\/wp-json\/wp\/v2\/media\/14"}],"wp:attachment":[{"href":"https:\/\/www.geisa.lu\/nl\/wp-json\/wp\/v2\/media?parent=59"}],"curies":[{"name":"wp","href":"https:\/\/api.w.org\/{rel}","templated":true}]}}