{"id":75,"date":"2017-01-24T08:51:57","date_gmt":"2017-01-24T08:51:57","guid":{"rendered":"http:\/\/gei-gitterroste.de.46-4-53-222.vorschau.marketing-thom.de\/impressum-disclaimer\/"},"modified":"2017-01-24T08:51:57","modified_gmt":"2017-01-24T08:51:57","slug":"impressum-disclaimer","status":"publish","type":"page","link":"https:\/\/www.geisa.lu\/nl\/impressum-disclaimer\/","title":{"rendered":"Impressum &#8211; Disclaimer"},"content":{"rendered":"<h2>1. PRESENTATION OF THE WEBSITE.<\/h2>\n<ul>\n<li><strong>Owner:<\/strong> G.E.I. Deutschland GmbH &#8211; In der Lach 10 D-66271 Kleinblittersdorf <\/li>\n<li><strong>Legal representative:<\/strong> Herr Jean-Jacques Koch<\/li>\n<li><strong>Phone number :<\/strong> +49 (0)68 05 \/ 91 39 25-0<\/li>\n<li><strong>Email address<\/strong> gei@geisa.lu<\/li>\n<li><strong>VAT identification number:<\/strong> DE815670056 <\/li>\n<li><strong>Social capital:<\/strong> 25 000 EUR <\/li>\n<li><strong>Trade and company register number:<\/strong> B 103050<\/li>\n<li><strong>Publisher<\/strong> Herr Jean-Jacques Koch <\/li>\n<li><strong>Website creator<\/strong> <a href=\"https:\/\/www.popup-studio.fr\" title=\"Cr\u00e9ation de site internet\">Popup Studio<\/a><\/li>\n<li><strong>Technical part of the site<\/strong> <a href=\"https:\/\/www.megento.fr\" title=\"Drupal Expert\">Megento &#8211; Drupal Expert<\/a><\/li>\n<li><strong>Host<\/strong> CONCEPT INFOS &#8211; 2 route de Remich \/ L-5690 Ellange<\/li>\n<\/ul>\n<h2 style=\"padding-top:15px;\">2. GENERAL TERMS AND CONDITIONS OF USE FOR THE WEBSITE AND THE SERVICES PROPOSED.<\/h2>\n<p>Die Nutzung der Website www.gei-gitterroste.de setzt die volle und vorbehaltlose Akzeptanz der nachfolgend angef\u00fchrten allgemeinen Nutzungsbedingungen voraus. Diese Nutzungsbedingungen k\u00f6nnen jederzeit ge\u00e4ndert oder erg\u00e4nzt werden. Deshalb wird den Nutzern der Website www.gei-gitterroste.de geraten, sie regelm\u00e4\u00dfig einzusehen. <br \/>\nThis site is intended to be accessible to users at all times. This access may nonetheless be interrupted for the purposes of technical maintenance by GEI, who will strive to inform users in advance of the date and time this maintenance is to take place.<br \/>\nDie Website www.gei-gitterroste.de wird von Herr Jean-Jacques Koch regelm\u00e4\u00dfig aktualisiert. Ebenso k\u00f6nnen die Nutzungsbedingungen jederzeit ge\u00e4ndert werden. Deshalb empfehlen wir unseren Nutzern, sie so oft wie m\u00f6glich einzusehen, um Kenntnis von \u00c4nderungen zu erlangen.<\/p>\n<h2 style=\"padding-top:15px;\">3. DESCRIPTION OF THE SERVICES PROVIDED.<\/h2>\n<p>Die Website www.gei-gitterroste.de dient dazu, \u00fcber s\u00e4mtliche Aktivit\u00e4ten des Unternehmens zu informieren.<\/p>\n<p>GEI ist bem\u00fcht, auf der Website www.gei-gitterroste.de m\u00f6glichst pr\u00e4zise Informationen bereitzustellen. Wir \u00fcbernehmen jedoch keine Haftung f\u00fcr Weglassungen, Ungenauigkeiten oder Unzul\u00e4nglichkeiten von Aktualisierungen, egal, ob es sich dabei um selbst zur Verf\u00fcgung gestellte Informationen oder um von Partnern oder Dritten gelieferte Informationen handelt. <\/p>\n<p>S\u00e4mtliche auf der Website www.gei-gitterroste.de angegebenen Daten sind nur als Richtwerte zu betrachten, da sie sich \u00e4ndern k\u00f6nnen. Ferner sind die auf der Website www.gei-gitterroste.de dargestellten Informationen weder umfassend noch ersch\u00f6pfend. Sie sind vorbehaltlich von \u00c4nderungen angegeben, die m\u00f6glicherweise seit ihrer Online-Stellung vorgenommen worden sind.<\/p>\n<h2 style=\"padding-top:15px;\">4. CONTRACTUAL LIMITATIONS ON TECHNICAL DATA.<\/h2>\n<p>This website uses JavaScript. The website may not be held liable for any material loss or damage associated with the use of the site. In addition, users of the website undertake to use recent computer equipment free from viruses and using an up-to-date next-generation browser.<\/p>\n<h2 style=\"padding-top:15px;\">5. INTELLECTUAL PROPERTY AND COUNTERFEITS.<\/h2>\n<p>GEI is the owner of the intellectual property rights or holds usage rights in respect of all elements accessible via the site, including text, images, graphics, logos, icons, sounds and software.<\/p>\n<p>Any reproduction, representation, modification, publication or adaptation of some or all of the elements of the site, regardless of the means or process used, is prohibited without the prior written permission of GEI.<\/p>\n<p>Any unauthorized use of the site or any of the elements it contains will be deemed to constitute a counterfeit and will be penal followed.<\/p>\n<h2 style=\"padding-top:15px;\">6. LIMITATIONS OF LIABILITY.<\/h2>\n<p>GEI kann weder f\u00fcr unmittelbare Sch\u00e4den noch f\u00fcr Folgesch\u00e4den haftbar gemacht werden, die bei einem Zugriff auf die Website GEI an der Ausr\u00fcstung des Benutzers entstehen und entweder auf die Verwendung einer Ausr\u00fcstung, die nicht der unter Punkt 4 angegebenen Spezifikation entspricht, oder auf das Auftreten eines Fehlers oder einer Inkompatibilit\u00e4t zur\u00fcckzuf\u00fchren sind. Auch kann GEI nicht f\u00fcr indirekte Sch\u00e4den (wie zum Beispiel Einbu\u00dfe von Marktanteilen oder Verlust einer Chance) infolge einer Nutzung der Website www.gei-gitterroste.de haftbar gemacht werden. <\/p>\n<p>Users can ask questions in the space provided in the \u201cContact us\u201d section. GEI reserves the right to delete without prior notice any content placed in this space that breaches applicable legislation in Luxembourg, particularly the provisions governing data protection. Where applicable, GEI also reserves the right to invoke the civil and\/or criminal liability of the user, especially for racist, offensive, defamatory or pornographic messages, regardless of the medium used (text, photographs, etc.).<\/p>\n<h2 style=\"padding-top:15px;\">7. MANAGING PERSONAL DATA.<\/h2>\n<p>Von einem Nutzer der Website www.gei-gitterroste.de k\u00f6nnen folgende Informationen erfasst werden : URL der Weblinks, \u00fcber die der Nutzer auf die Website www.gei-gitterroste.de zugreift, Internet Service Provider des Nutzers, IP-Adresse des Nutzers.<\/p>\n<p>Auf jeden Fall erfasst GEI personenbezogenen Daten eines Nutzers nur f\u00fcr die Dienstleistungen, die \u00fcber die Website www.gei-gitterroste.de angeboten werden. Der Nutzer gibt diese Daten wissentlich Preis, insbesondere wenn er selbst ihre Eingabe vornimmt. Es wird darauf hingewiesen, dass es einem Nutzer der Website www.gei-gitterroste.de freisteht, ob er diese Informationen liefert oder nicht.<\/p>\n<p>All users have a right to access, correct and oppose any personal data concerning them by making a signed written request, accompanied by a signed copy of their identity documentation, stating the address to which the response is to be sent. <\/p>\n<p>Es werden keine personenbezogenen Daten der Nutzer der Website www.gei-gitterroste.de ohne Wissen des jeweiligen Nutzers ver\u00f6ffentlicht, noch mit Dritten ausgetauscht, Dritten \u00fcberlassen oder verkauft. Nur eine Ver\u00e4u\u00dferung der Firma GEI und ihrer Rechte rechtfertigt die \u00dcbermittlung dieser Informationen an den eventuellen K\u00e4ufer, der seinerseits hinsichtlich des Umgangs mit den Daten der Nutzer der Website www.gei-gitterroste.de den gleichen Verpflichtungen unterliegt.<\/p>\n<h2 style=\"padding-top:15px;\">8. HYPERTEXT LINKS AND COOKIES.<\/h2>\n<p>Die Website www.gei-gitterroste.de enth\u00e4lt etliche Hypertext-Links zu anderen Websites, die nach Erhalt der Genehmigung durch GEI eingerichtet wurden. GEI ist es jedoch nicht m\u00f6glich, den Inhalt der Seiten zu pr\u00fcfen, die \u00fcber diese Links aufgerufen werden. Aufgrund dieser Tatsache \u00fcbernimmt GEI keinerlei Verantwortung f\u00fcr deren Inhalt. <\/p>\n<p>Die Navigation auf der Website www.gei-gitterroste.de kann eine Installation von Cookies auf dem Computer des Nutzers zur Folge haben. Ein Cookie ist eine kleine Datei, die keine Identifizierung des Nutzers erm\u00f6glicht, in der jedoch Daten \u00fcber die mit dem jeweiligen Computer ausgef\u00fchrte Navigation gespeichert werden. Diese Daten sollen Ihre Navigation auf der Website erleichtern. Dar\u00fcber hinaus erm\u00f6glichen sie verschiedene Ma\u00dfnahmen zur Erh\u00f6hung der Besucherzahlen. <\/p>\n<p>Refusal to allow cookies to be installed may result in certain services being unavailable. Users may however configure their computer as follows in order to prevent cookies being installed :<\/p>\n<ul>\n<li>For Internet Explorer : tools tab (cogs icon at the top-right) -&gt; internet options. Click on Confidentiality and select Block All Cookies. Confirm by clicking OK.<\/li>\n<li>For Firefox : click on the Firefox button at the top of the navigator window and go to the Options tab. Click on the Privacy tab. Set the History to : Use custom settings for history. Finally, untick the box to deactivate cookies.<\/li>\n<li>For Safari : click on the menu icon at the top-right of the navigator (cog symbol) Select Options. Click on Show advanced options. Under Confidentiality, click on Content options. You can block cookies in the Cookies section.<\/li>\n<li>For Chrome : click on the menu icon at the top-right of the navigator (three horizontal lines). Select Options. Click on Show advanced options. Under Confidentiality, click on Preferences. You can block cookies in the Confidentiality tab.<\/li>\n<\/ul>\n<h2 style=\"padding-top:15px;\">9. APPLICABLE LAW AND ATTRIBUTION OF JURISDICTION.<\/h2>\n<p>Streitigkeiten im Zusammenhang mit der Nutzung der Website www.gei-gitterroste.de unterliegen dem deutschen Recht. Es sind ausschlie\u00dflich die Gerichte von Saarbr\u00fccken zust\u00e4ndig.<\/p>\n<h2 style=\"padding-top:15px;\">10. GLOSSARY.<\/h2>\n<p>User : Internet user connecting to and using the abovementioned website. <br \/>\nPersonal information : \"information permitting the identification, in any manner whatsoever and whether directly or not, of the real persons to whom it pertains.<\/p>","protected":false},"excerpt":{"rendered":"<p>1. PR\u00c4SENTATION DER WEBSITE. Eigent\u00fcmer: G.E.I. Deutschland GmbH &#8211; In der Lach 10 D-66271 Kleinblittersdorf Gesetzlicher Vertreter: Herr Jean-Jacques Koch Telefonnummer : +49 (0)68 05 \/ 91 39 25-0 E-Mail-Adresse : gei@gei-gitterroste.de Umsatzsteuer-Identifikationsnummer : DE815670056 Grundkapital : 25 000 EUR Handels- und Firmenverzeichnis : Amstgericht Saarbr\u00fccken HRB 103676 Verantwortlich f\u00fcr die Publikation : Herr Jean-Jacques [&hellip;]<\/p>\n","protected":false},"author":1,"featured_media":0,"parent":0,"menu_order":0,"comment_status":"closed","ping_status":"closed","template":"","meta":{"footnotes":""},"class_list":["post-75","page","type-page","status-publish","hentry"],"yoast_head":"<!-- This site is optimized with the Yoast SEO plugin v27.1.1 - https:\/\/yoast.com\/product\/yoast-seo-wordpress\/ -->\n<title>Impressum - Disclaimer - GEI Gitterroste<\/title>\n<meta name=\"robots\" content=\"index, follow, max-snippet:-1, max-image-preview:large, max-video-preview:-1\" \/>\n<link rel=\"canonical\" href=\"https:\/\/www.geisa.lu\/nl\/impressum-disclaimer\/\" \/>\n<meta property=\"og:locale\" content=\"nl_NL\" \/>\n<meta property=\"og:type\" content=\"article\" \/>\n<meta property=\"og:title\" content=\"Impressum - Disclaimer - GEI Gitterroste\" \/>\n<meta property=\"og:description\" content=\"1. PR\u00c4SENTATION DER WEBSITE. Eigent\u00fcmer: G.E.I. Deutschland GmbH &#8211; In der Lach 10 D-66271 Kleinblittersdorf Gesetzlicher Vertreter: Herr Jean-Jacques Koch Telefonnummer : +49 (0)68 05 \/ 91 39 25-0 E-Mail-Adresse : gei@gei-gitterroste.de Umsatzsteuer-Identifikationsnummer : DE815670056 Grundkapital : 25 000 EUR Handels- und Firmenverzeichnis : Amstgericht Saarbr\u00fccken HRB 103676 Verantwortlich f\u00fcr die Publikation : Herr Jean-Jacques [&hellip;]\" \/>\n<meta property=\"og:url\" content=\"https:\/\/www.geisa.lu\/nl\/impressum-disclaimer\/\" \/>\n<meta property=\"og:site_name\" content=\"GEI Gitterroste\" \/>\n<meta name=\"twitter:card\" content=\"summary_large_image\" \/>\n<meta name=\"twitter:label1\" content=\"Verwachte leestijd\" \/>\n\t<meta name=\"twitter:data1\" content=\"6 minuten\" \/>\n<script type=\"application\/ld+json\" class=\"yoast-schema-graph\">{\"@context\":\"https:\/\/schema.org\",\"@graph\":[{\"@type\":\"WebPage\",\"@id\":\"https:\/\/www.geisa.lu\/fr\/impressum-disclaimer\/\",\"url\":\"https:\/\/www.geisa.lu\/fr\/impressum-disclaimer\/\",\"name\":\"Impressum - Disclaimer - GEI Gitterroste\",\"isPartOf\":{\"@id\":\"https:\/\/www.geisa.lu\/en\/#website\"},\"datePublished\":\"2017-01-24T08:51:57+00:00\",\"breadcrumb\":{\"@id\":\"https:\/\/www.geisa.lu\/fr\/impressum-disclaimer\/#breadcrumb\"},\"inLanguage\":\"nl-NL\",\"potentialAction\":[{\"@type\":\"ReadAction\",\"target\":[\"https:\/\/www.geisa.lu\/fr\/impressum-disclaimer\/\"]}]},{\"@type\":\"BreadcrumbList\",\"@id\":\"https:\/\/www.geisa.lu\/fr\/impressum-disclaimer\/#breadcrumb\",\"itemListElement\":[{\"@type\":\"ListItem\",\"position\":1,\"name\":\"Startseite\",\"item\":\"https:\/\/www.geisa.lu\/en\/\"},{\"@type\":\"ListItem\",\"position\":2,\"name\":\"Impressum &#8211; Disclaimer\"}]},{\"@type\":\"WebSite\",\"@id\":\"https:\/\/www.geisa.lu\/en\/#website\",\"url\":\"https:\/\/www.geisa.lu\/en\/\",\"name\":\"GEI Gitterroste\",\"description\":\"\",\"publisher\":{\"@id\":\"https:\/\/www.geisa.lu\/en\/#organization\"},\"potentialAction\":[{\"@type\":\"SearchAction\",\"target\":{\"@type\":\"EntryPoint\",\"urlTemplate\":\"https:\/\/www.geisa.lu\/en\/?s={search_term_string}\"},\"query-input\":{\"@type\":\"PropertyValueSpecification\",\"valueRequired\":true,\"valueName\":\"search_term_string\"}}],\"inLanguage\":\"nl-NL\"},{\"@type\":\"Organization\",\"@id\":\"https:\/\/www.geisa.lu\/en\/#organization\",\"name\":\"GEI Gitterroste\",\"url\":\"https:\/\/www.geisa.lu\/en\/\",\"logo\":{\"@type\":\"ImageObject\",\"inLanguage\":\"nl-NL\",\"@id\":\"https:\/\/www.geisa.lu\/en\/#\/schema\/logo\/image\/\",\"url\":\"https:\/\/www.geisa.lu\/wp-content\/uploads\/2021\/06\/gei_logo-1.svg\",\"contentUrl\":\"https:\/\/www.geisa.lu\/wp-content\/uploads\/2021\/06\/gei_logo-1.svg\",\"width\":580.6,\"height\":215.9,\"caption\":\"GEI Gitterroste\"},\"image\":{\"@id\":\"https:\/\/www.geisa.lu\/en\/#\/schema\/logo\/image\/\"}}]}<\/script>\n<!-- \/ Yoast SEO plugin. -->","yoast_head_json":{"title":"Impressum - Disclaimer - GEI Gitterroste","robots":{"index":"index","follow":"follow","max-snippet":"max-snippet:-1","max-image-preview":"max-image-preview:large","max-video-preview":"max-video-preview:-1"},"canonical":"https:\/\/www.geisa.lu\/nl\/impressum-disclaimer\/","og_locale":"nl_NL","og_type":"article","og_title":"Impressum - Disclaimer - GEI Gitterroste","og_description":"1. PR\u00c4SENTATION DER WEBSITE. Eigent\u00fcmer: G.E.I. Deutschland GmbH &#8211; In der Lach 10 D-66271 Kleinblittersdorf Gesetzlicher Vertreter: Herr Jean-Jacques Koch Telefonnummer : +49 (0)68 05 \/ 91 39 25-0 E-Mail-Adresse : gei@gei-gitterroste.de Umsatzsteuer-Identifikationsnummer : DE815670056 Grundkapital : 25 000 EUR Handels- und Firmenverzeichnis : Amstgericht Saarbr\u00fccken HRB 103676 Verantwortlich f\u00fcr die Publikation : Herr Jean-Jacques [&hellip;]","og_url":"https:\/\/www.geisa.lu\/nl\/impressum-disclaimer\/","og_site_name":"GEI Gitterroste","twitter_card":"summary_large_image","twitter_misc":{"Verwachte leestijd":"6 minuten"},"schema":{"@context":"https:\/\/schema.org","@graph":[{"@type":"WebPage","@id":"https:\/\/www.geisa.lu\/fr\/impressum-disclaimer\/","url":"https:\/\/www.geisa.lu\/fr\/impressum-disclaimer\/","name":"Impressum - Disclaimer - GEI Gitterroste","isPartOf":{"@id":"https:\/\/www.geisa.lu\/en\/#website"},"datePublished":"2017-01-24T08:51:57+00:00","breadcrumb":{"@id":"https:\/\/www.geisa.lu\/fr\/impressum-disclaimer\/#breadcrumb"},"inLanguage":"nl-NL","potentialAction":[{"@type":"ReadAction","target":["https:\/\/www.geisa.lu\/fr\/impressum-disclaimer\/"]}]},{"@type":"BreadcrumbList","@id":"https:\/\/www.geisa.lu\/fr\/impressum-disclaimer\/#breadcrumb","itemListElement":[{"@type":"ListItem","position":1,"name":"Startseite","item":"https:\/\/www.geisa.lu\/en\/"},{"@type":"ListItem","position":2,"name":"Impressum &#8211; Disclaimer"}]},{"@type":"WebSite","@id":"https:\/\/www.geisa.lu\/en\/#website","url":"https:\/\/www.geisa.lu\/en\/","name":"GEI Gitterroste","description":"","publisher":{"@id":"https:\/\/www.geisa.lu\/en\/#organization"},"potentialAction":[{"@type":"SearchAction","target":{"@type":"EntryPoint","urlTemplate":"https:\/\/www.geisa.lu\/en\/?s={search_term_string}"},"query-input":{"@type":"PropertyValueSpecification","valueRequired":true,"valueName":"search_term_string"}}],"inLanguage":"nl-NL"},{"@type":"Organization","@id":"https:\/\/www.geisa.lu\/en\/#organization","name":"GEI Gitterroste","url":"https:\/\/www.geisa.lu\/en\/","logo":{"@type":"ImageObject","inLanguage":"nl-NL","@id":"https:\/\/www.geisa.lu\/en\/#\/schema\/logo\/image\/","url":"https:\/\/www.geisa.lu\/wp-content\/uploads\/2021\/06\/gei_logo-1.svg","contentUrl":"https:\/\/www.geisa.lu\/wp-content\/uploads\/2021\/06\/gei_logo-1.svg","width":580.6,"height":215.9,"caption":"GEI Gitterroste"},"image":{"@id":"https:\/\/www.geisa.lu\/en\/#\/schema\/logo\/image\/"}}]}},"_links":{"self":[{"href":"https:\/\/www.geisa.lu\/nl\/wp-json\/wp\/v2\/pages\/75","targetHints":{"allow":["GET"]}}],"collection":[{"href":"https:\/\/www.geisa.lu\/nl\/wp-json\/wp\/v2\/pages"}],"about":[{"href":"https:\/\/www.geisa.lu\/nl\/wp-json\/wp\/v2\/types\/page"}],"author":[{"embeddable":true,"href":"https:\/\/www.geisa.lu\/nl\/wp-json\/wp\/v2\/users\/1"}],"replies":[{"embeddable":true,"href":"https:\/\/www.geisa.lu\/nl\/wp-json\/wp\/v2\/comments?post=75"}],"version-history":[{"count":0,"href":"https:\/\/www.geisa.lu\/nl\/wp-json\/wp\/v2\/pages\/75\/revisions"}],"wp:attachment":[{"href":"https:\/\/www.geisa.lu\/nl\/wp-json\/wp\/v2\/media?parent=75"}],"curies":[{"name":"wp","href":"https:\/\/api.w.org\/{rel}","templated":true}]}}